{"id":9039,"date":"2014-07-29T14:04:01","date_gmt":"2014-07-29T21:04:01","guid":{"rendered":"https:\/\/www.latmultilingual.com\/?page_id=9039"},"modified":"2022-08-04T13:18:18","modified_gmt":"2022-08-04T20:18:18","slug":"residents-et-visiteurs-chinois","status":"publish","type":"page","link":"https:\/\/www.latmultilingual.com\/fr\/residents-et-visiteurs-chinois\/","title":{"rendered":"March\u00e9 chinois"},"content":{"rendered":"<div class=\"fusion-fullwidth fullwidth-box fusion-builder-row-1 grey-section nonhundred-percent-fullwidth non-hundred-percent-height-scrolling\" style=\"--awb-border-radius-top-left:0px;--awb-border-radius-top-right:0px;--awb-border-radius-bottom-right:0px;--awb-border-radius-bottom-left:0px;--awb-flex-wrap:wrap;\" ><div class=\"fusion-builder-row fusion-row\"><div class=\"fusion-layout-column fusion_builder_column fusion-builder-column-0 fusion_builder_column_2_3 2_3 fusion-two-third fusion-column-first\" style=\"--awb-bg-size:cover;width:66.666666666667%;width:calc(66.666666666667% - ( ( 4% ) * 0.66666666666667 ) );margin-right: 4%;\"><div class=\"fusion-column-wrapper fusion-column-has-shadow fusion-flex-column-wrapper-legacy\"><div class=\"fusion-title title fusion-title-1 fusion-sep-none fusion-title-text fusion-title-size-one\"><h1 class=\"fusion-title-heading title-heading-left\" style=\"margin:0;\"><h2>Rejoignez les consommateurs chinois.<\/h2><\/h1><\/div><div class=\"fusion-text fusion-text-1\"><p style=\"text-align: left;\" align=\"justify\">Plus de deux millions de personnes au Canada parlent un dialecte chinois, comme le mandarin ou le cantonais. Si vous n\u2019en tenez pas compte dans votre strat\u00e9gie de marketing, vous passez \u00e0 c\u00f4t\u00e9 d\u2019un public important. Or, la traduction ne suffit pas pour rejoindre ce groupe d\u00e9mographique. Pour r\u00e9ussir, il est essentiel de comprendre les nuances culturelles, la langue et les meilleurs canaux de communication.<\/p>\n<p style=\"text-align: left;\">Voici les services que notre \u00e9quipe de sp\u00e9cialistes du marketing chinois peut offrir :<\/p>\n<ul>\n<li>strat\u00e9gie pour m\u00e9dias sociaux chinois sur WeChat, Weibo, RED, TikTok, etc;<\/li>\n<li>brochure num\u00e9rique H5 WeChat, mini-programme ou d\u00e9veloppement de jeux;<\/li>\n<li>placement m\u00e9dia et marketing par des leaders d\u2019opinion;<\/li>\n<li>service \u00e0 la client\u00e8le en chinois;<\/li>\n<li>formation et connaissances sur la sensibilit\u00e9 culturelle;<\/li>\n<li>services de traduction et d\u2019adaptation;<\/li>\n<li>annonces li\u00e9es aux recherches et \u00e0 l\u2019affichage Google en chinois et optimisation pour les moteurs de recherche;<\/li>\n<li>voix hors champ ou sous-titrage.<\/li>\n<li>options de modes de paiement chinois gr\u00e2ce \u00e0 notre partenariat avec MotionPay.<\/li>\n<\/ul>\n<\/div><div class=\"fusion-aligncenter\"><a class=\"fusion-button button-flat button-large button-default fusion-button-default button-1 fusion-button-default-span fusion-button-default-type\" target=\"_self\" href=\"https:\/\/www.latmultilingual.com\/fr\/obtenez-un-devis\/\"><span class=\"fusion-button-text\">Demander un devis<\/span><\/a><\/div><div class=\"fusion-clearfix\"><\/div><\/div><\/div><div class=\"fusion-layout-column fusion_builder_column fusion-builder-column-1 fusion_builder_column_1_3 1_3 fusion-one-third fusion-column-last\" style=\"--awb-bg-size:cover;width:33.333333333333%;width:calc(33.333333333333% - ( ( 4% ) * 0.33333333333333 ) );\"><div class=\"fusion-column-wrapper fusion-column-has-shadow fusion-flex-column-wrapper-legacy\"><div class=\"fusion-text fusion-text-2\"><blockquote>\n<p style=\"text-align: left;\" align=\"justify\"><span style=\"background-color: inherit; font-style: inherit; letter-spacing: inherit;\">LAT Multilingue a \u00e9t\u00e9 d\u2019une grande aide pour PacificWest Dental quand nous avons souhait\u00e9 augmenter la popularit\u00e9 de notre marque. Leur \u00e9quipe trouve toujours les meilleures solutions de marketing chinois pour satisfaire nos besoins et notre collaboration a \u00e9t\u00e9 une exp\u00e9rience merveilleuse! et notre collaboration a \u00e9t\u00e9 une exp\u00e9rience merveilleuse! <\/span><\/p>\n<p style=\"text-align: left;\"><strong>Stacy Lu<br \/>\n<\/strong><span class=\"medium-blue\">Coordonnatrice du marketing<\/span><br \/>\n<span class=\"medium-blue\">PacificWest Dental<\/span><\/p>\n<\/blockquote>\n<p style=\"text-align: left;\">\u00a0<\/p>\n<blockquote>\n<p style=\"text-align: left;\" align=\"justify\"><span lang=\"en-US\">LAT a toujours fait preuve d\u2019un grand professionnalisme. Le savoir-faire de l\u2019\u00e9quipe relatif \u00e0 la plateforme WeChat nous a permis de consid\u00e9rablement grandir notre public et de communiquer avec de mani\u00e8re divertissante et unique. Merci \u00e0 l\u2019\u00e9quipe de LAT pour son travail d\u00e9vou\u00e9!<\/span><\/p>\n<p style=\"text-align: left;\"><strong>Nicole Godley<br \/>\n<\/strong><span class=\"medium-blue\">Sp\u00e9cialiste en strat\u00e9gie de marketing<br \/>\n<\/span><span class=\"medium-blue\">Mercedes-Benz Boundary<br \/>\n<\/span><\/p>\n<\/blockquote>\n<\/div><div class=\"fusion-clearfix\"><\/div><\/div><\/div><\/div><\/div><div class=\"fusion-fullwidth fullwidth-box fusion-builder-row-2 nonhundred-percent-fullwidth non-hundred-percent-height-scrolling\" style=\"--awb-border-radius-top-left:0px;--awb-border-radius-top-right:0px;--awb-border-radius-bottom-right:0px;--awb-border-radius-bottom-left:0px;--awb-flex-wrap:wrap;\" ><div class=\"fusion-builder-row fusion-row\"><div class=\"fusion-layout-column fusion_builder_column fusion-builder-column-2 fusion_builder_column_1_1 1_1 fusion-one-full fusion-column-first fusion-column-last\" style=\"--awb-bg-size:cover;\"><div class=\"fusion-column-wrapper fusion-column-has-shadow fusion-flex-column-wrapper-legacy\"><div class=\"fusion-title title fusion-title-2 fusion-sep-none fusion-title-center fusion-title-text fusion-title-size-two\"><h2 class=\"fusion-title-heading title-heading-center\" style=\"margin:0;\">R\u00e9alisations en mati\u00e8re de marketing chinois<\/h2><\/div><style type=\"text\/css\">.fusion-portfolio-wrapper#fusion-portfolio-1 .fusion-portfolio-content{  text-align: left; }<\/style><div class=\"fusion-recent-works fusion-portfolio-element fusion-portfolio fusion-portfolio-1 fusion-portfolio-grid fusion-portfolio-paging-load-more-button fusion-portfolio-three fusion-portfolio-unboxed fusion-portfolio-text fusion-portfolio-equal-heights\" data-id=\"-rw-1\" data-columns=\"three\"><style type=\"text\/css\">.fusion-portfolio-1 .fusion-portfolio-wrapper .fusion-col-spacing{padding:10px;}<\/style><div class=\"fusion-portfolio-wrapper\" id=\"fusion-portfolio-1\" data-picturesize=\"fixed\" data-pages=\"3\" style=\"margin:-10px;\"><article id=\"portfolio-1-post-20269\" class=\"fusion-portfolio-post formation marketing-chinois fusion-col-spacing post-20269\"><div class=\"fusion-portfolio-content-wrapper\" style=\"border:none;\"><span class=\"vcard rich-snippet-hidden\"><span class=\"fn\"><a href=\"https:\/\/www.latmultilingual.com\/fr\/blog\/author\/lauramcleod\/\" title=\"Articles par Laura McLeod\" rel=\"author\">Laura McLeod<\/a><\/span><\/span><span class=\"updated rich-snippet-hidden\">2020-10-27T15:34:32-07:00<\/span><div  class=\"fusion-image-wrapper fusion-image-size-fixed\" aria-haspopup=\"true\">\n\t\t\t\t\t\t\t<a href=\"https:\/\/www.latmultilingual.com\/fr\/blog\/case-studies\/destination-bc\/\" aria-label=\"Destination BC\">\n\t\t\t\t\t\t\t<img decoding=\"async\" width=\"300\" height=\"214\" src=\"data:image\/svg+xml,%3Csvg%20xmlns%3D%27http%3A%2F%2Fwww.w3.org%2F2000%2Fsvg%27%20width%3D%27300%27%20height%3D%27214%27%20viewBox%3D%270%200%20300%20214%27%3E%3Crect%20width%3D%27300%27%20height%3D%27214%27%20fill-opacity%3D%220%22%2F%3E%3C%2Fsvg%3E\" data-orig-src=\"https:\/\/www.latmultilingual.com\/wp-content\/uploads\/2020\/05\/Tea-300x214.jpeg\" class=\"lazyload attachment-portfolio-three size-portfolio-three wp-post-image\" alt=\"\" \/>\t\t\t<\/a>\n\t\t\t\t\t\t\t<\/div>\n<div class=\"fusion-portfolio-content\"><h2 class=\"entry-title fusion-post-title\"><a href=\"https:\/\/www.latmultilingual.com\/fr\/blog\/case-studies\/destination-bc\/\">Destination BC<\/a><\/h2><div class=\"fusion-post-content\"><p>LAT a mis au point un programme de pr\u00e9paration culturelle pour Destination British Columbia afin d\u2019aider ses partenaires du milieu des voyages \u00e0 accueillir les visiteurs chinois et \u00e0 comprendre leurs besoins et leurs pr\u00e9f\u00e9rences.<\/p><\/div><\/div><\/div><\/article><article id=\"portfolio-1-post-28714\" class=\"fusion-portfolio-post marketing-chinois marketing-multiculturel fusion-col-spacing post-28714\"><div class=\"fusion-portfolio-content-wrapper\" style=\"border:none;\"><span class=\"vcard rich-snippet-hidden\"><span class=\"fn\"><a href=\"https:\/\/www.latmultilingual.com\/fr\/blog\/author\/peterurquhart\/\" title=\"Articles par Peter Urquhart\" rel=\"author\">Peter Urquhart<\/a><\/span><\/span><span class=\"updated rich-snippet-hidden\">2025-01-20T10:19:55-08:00<\/span><div  class=\"fusion-image-wrapper fusion-image-size-fixed\" aria-haspopup=\"true\">\n\t\t\t\t\t\t\t<a href=\"https:\/\/www.latmultilingual.com\/fr\/blog\/case-studies\/vancouver-intl-airport\/\" aria-label=\"LAT Multilingue aide l&rsquo;a\u00e9roport international de Vancouver \u00e0 offrir un service \u00e0 la client\u00e8le adapt\u00e9 aux besoins des voyageurs chinois\">\n\t\t\t\t\t\t\t<img decoding=\"async\" width=\"300\" height=\"214\" src=\"data:image\/svg+xml,%3Csvg%20xmlns%3D%27http%3A%2F%2Fwww.w3.org%2F2000%2Fsvg%27%20width%3D%27300%27%20height%3D%27214%27%20viewBox%3D%270%200%20300%20214%27%3E%3Crect%20width%3D%27300%27%20height%3D%27214%27%20fill-opacity%3D%220%22%2F%3E%3C%2Fsvg%3E\" data-orig-src=\"https:\/\/www.latmultilingual.com\/wp-content\/uploads\/2020\/07\/VancouverIntlAirport-300x214.jpg\" class=\"lazyload attachment-portfolio-three size-portfolio-three wp-post-image\" alt=\"\" \/>\t\t\t<\/a>\n\t\t\t\t\t\t\t<\/div>\n<div class=\"fusion-portfolio-content\"><h2 class=\"entry-title fusion-post-title\"><a href=\"https:\/\/www.latmultilingual.com\/fr\/blog\/case-studies\/vancouver-intl-airport\/\">LAT Multilingue aide l&rsquo;a\u00e9roport international de Vancouver \u00e0 offrir un service \u00e0 la client\u00e8le adapt\u00e9 aux besoins des voyageurs chinois<\/a><\/h2><div class=\"fusion-post-content\"><p>LAT has been working with Vancouver International Airport since 2016 to manage their Chinese social media presence on WeChat, RED, and Weibo. <\/p><\/div><\/div><\/div><\/article><article id=\"portfolio-1-post-17297\" class=\"fusion-portfolio-post marketing-chinois marketing-multiculturel fusion-col-spacing post-17297\"><div class=\"fusion-portfolio-content-wrapper\" style=\"border:none;\"><span class=\"vcard rich-snippet-hidden\"><span class=\"fn\"><a href=\"https:\/\/www.latmultilingual.com\/fr\/blog\/author\/lauramcleod\/\" title=\"Articles par Laura McLeod\" rel=\"author\">Laura McLeod<\/a><\/span><\/span><span class=\"updated rich-snippet-hidden\">2020-10-27T15:19:56-07:00<\/span><div  class=\"fusion-image-wrapper fusion-image-size-fixed\" aria-haspopup=\"true\">\n\t\t\t\t\t\t\t<a href=\"https:\/\/www.latmultilingual.com\/fr\/blog\/case-studies\/mercedes-benz-canada\/\" aria-label=\"Mercedes-Benz Canada\">\n\t\t\t\t\t\t\t<img decoding=\"async\" width=\"300\" height=\"214\" src=\"data:image\/svg+xml,%3Csvg%20xmlns%3D%27http%3A%2F%2Fwww.w3.org%2F2000%2Fsvg%27%20width%3D%27300%27%20height%3D%27214%27%20viewBox%3D%270%200%20300%20214%27%3E%3Crect%20width%3D%27300%27%20height%3D%27214%27%20fill-opacity%3D%220%22%2F%3E%3C%2Fsvg%3E\" data-orig-src=\"https:\/\/www.latmultilingual.com\/wp-content\/uploads\/2020\/04\/Mercedes-BenzCanada_WeChat_003-300x214.jpg\" class=\"lazyload attachment-portfolio-three size-portfolio-three wp-post-image\" alt=\"\" \/>\t\t\t<\/a>\n\t\t\t\t\t\t\t<\/div>\n<div class=\"fusion-portfolio-content\"><h2 class=\"entry-title fusion-post-title\"><a href=\"https:\/\/www.latmultilingual.com\/fr\/blog\/case-studies\/mercedes-benz-canada\/\">Mercedes-Benz Canada<\/a><\/h2><div class=\"fusion-post-content\"><p>LAT a aid\u00e9 Mercedes-Benz Canada \u00e0 atteindre la client\u00e8le chinoise avec une publicit\u00e9 Tencent Moments sur la populaire application chinoise, WeChat.<\/p><\/div><\/div><\/div><\/article><\/div><button class=\"fusion-load-more-button fusion-portfolio-button fusion-clearfix\">Plus de publications<\/button><div class=\"fusion-infinite-scroll-trigger\"><\/div><div class=\"pagination infinite-scroll clearfix\" style=\"display:none;\"><span class=\"current\">1<\/span><a href=\"https:\/\/www.latmultilingual.com\/fr\/wp-json\/wp\/v2\/pages\/9039\/page\/2\/\" class=\"inactive\">2<\/a><a href=\"https:\/\/www.latmultilingual.com\/fr\/wp-json\/wp\/v2\/pages\/9039\/page\/3\/\" class=\"inactive\">3<\/a><a class=\"pagination-next\" rel=\"next\" href=\"https:\/\/www.latmultilingual.com\/fr\/wp-json\/wp\/v2\/pages\/9039\/page\/2\/\"><span class=\"page-text\">Suivant<\/span><span class=\"page-next\"><\/span><\/a><\/div><div class=\"fusion-clearfix\"><\/div><\/div><div class=\"fusion-clearfix\"><\/div><\/div><\/div><\/div><\/div>\n","protected":false},"excerpt":{"rendered":"","protected":false},"author":61,"featured_media":0,"parent":0,"menu_order":0,"comment_status":"open","ping_status":"closed","template":"100-width.php","meta":{"_acf_changed":false,"footnotes":""},"class_list":["post-9039","page","type-page","status-publish","hentry"],"acf":[],"yoast_head":"<!-- This site is optimized with the Yoast SEO plugin v27.5 - https:\/\/yoast.com\/product\/yoast-seo-wordpress\/ -->\n<title>marketing chinois - LAT Multilingue Traduction et Marketing<\/title>\n<meta name=\"description\" content=\"LAT can help you with Chinese marketing, including WeChat marketing, in Vancouver, Montreal, Toronto or anywhere in Canada.\" \/>\n<meta name=\"robots\" content=\"index, follow, max-snippet:-1, max-image-preview:large, max-video-preview:-1\" \/>\n<link rel=\"canonical\" href=\"https:\/\/www.latmultilingual.com\/fr\/residents-et-visiteurs-chinois\/\" \/>\n<meta property=\"og:locale\" content=\"fr_FR\" \/>\n<meta property=\"og:type\" content=\"article\" \/>\n<meta property=\"og:title\" content=\"marketing chinois - LAT Multilingue Traduction et Marketing\" \/>\n<meta property=\"og:description\" content=\"LAT can help you with Chinese marketing, including WeChat marketing, in Vancouver, Montreal, Toronto or anywhere in Canada.\" \/>\n<meta property=\"og:url\" content=\"https:\/\/www.latmultilingual.com\/fr\/residents-et-visiteurs-chinois\/\" \/>\n<meta property=\"og:site_name\" content=\"LAT Multilingue Traduction et Marketing\" \/>\n<meta property=\"article:publisher\" content=\"https:\/\/www.facebook.com\/LATMultilingual\/\" \/>\n<meta property=\"article:modified_time\" content=\"2022-08-04T20:18:18+00:00\" \/>\n<meta name=\"twitter:card\" content=\"summary_large_image\" \/>\n<meta name=\"twitter:site\" content=\"@LATMultilingual\" \/>\n<meta name=\"twitter:label1\" content=\"Dur\u00e9e de lecture estim\u00e9e\" \/>\n\t<meta name=\"twitter:data1\" content=\"4 minutes\" \/>\n<script type=\"application\/ld+json\" class=\"yoast-schema-graph\">{\"@context\":\"https:\\\/\\\/schema.org\",\"@graph\":[{\"@type\":\"WebPage\",\"@id\":\"https:\\\/\\\/www.latmultilingual.com\\\/fr\\\/residents-et-visiteurs-chinois\\\/\",\"url\":\"https:\\\/\\\/www.latmultilingual.com\\\/fr\\\/residents-et-visiteurs-chinois\\\/\",\"name\":\"marketing chinois - LAT Multilingue Traduction et Marketing\",\"isPartOf\":{\"@id\":\"https:\\\/\\\/www.latmultilingual.com\\\/fr\\\/#website\"},\"datePublished\":\"2014-07-29T21:04:01+00:00\",\"dateModified\":\"2022-08-04T20:18:18+00:00\",\"description\":\"LAT can help you with Chinese marketing, including WeChat marketing, in Vancouver, Montreal, Toronto or anywhere in Canada.\",\"breadcrumb\":{\"@id\":\"https:\\\/\\\/www.latmultilingual.com\\\/fr\\\/residents-et-visiteurs-chinois\\\/#breadcrumb\"},\"inLanguage\":\"fr-FR\",\"potentialAction\":[{\"@type\":\"ReadAction\",\"target\":[\"https:\\\/\\\/www.latmultilingual.com\\\/fr\\\/residents-et-visiteurs-chinois\\\/\"]}]},{\"@type\":\"BreadcrumbList\",\"@id\":\"https:\\\/\\\/www.latmultilingual.com\\\/fr\\\/residents-et-visiteurs-chinois\\\/#breadcrumb\",\"itemListElement\":[{\"@type\":\"ListItem\",\"position\":1,\"name\":\"Home\",\"item\":\"https:\\\/\\\/www.latmultilingual.com\\\/fr\\\/\"},{\"@type\":\"ListItem\",\"position\":2,\"name\":\"March\u00e9 chinois\"}]},{\"@type\":\"WebSite\",\"@id\":\"https:\\\/\\\/www.latmultilingual.com\\\/fr\\\/#website\",\"url\":\"https:\\\/\\\/www.latmultilingual.com\\\/fr\\\/\",\"name\":\"LAT Multilingual\",\"description\":\"Reach New Markets with Quality Translation and Cultural Marketing Services\",\"publisher\":{\"@id\":\"https:\\\/\\\/www.latmultilingual.com\\\/fr\\\/#organization\"},\"potentialAction\":[{\"@type\":\"SearchAction\",\"target\":{\"@type\":\"EntryPoint\",\"urlTemplate\":\"https:\\\/\\\/www.latmultilingual.com\\\/fr\\\/?s={search_term_string}\"},\"query-input\":{\"@type\":\"PropertyValueSpecification\",\"valueRequired\":true,\"valueName\":\"search_term_string\"}}],\"inLanguage\":\"fr-FR\"},{\"@type\":\"Organization\",\"@id\":\"https:\\\/\\\/www.latmultilingual.com\\\/fr\\\/#organization\",\"name\":\"LAT Multilingual\",\"url\":\"https:\\\/\\\/www.latmultilingual.com\\\/fr\\\/\",\"logo\":{\"@type\":\"ImageObject\",\"inLanguage\":\"fr-FR\",\"@id\":\"https:\\\/\\\/www.latmultilingual.com\\\/fr\\\/#\\\/schema\\\/logo\\\/image\\\/\",\"url\":\"https:\\\/\\\/www.latmultilingual.com\\\/wp-content\\\/uploads\\\/2024\\\/02\\\/retina-logo-en.png\",\"contentUrl\":\"https:\\\/\\\/www.latmultilingual.com\\\/wp-content\\\/uploads\\\/2024\\\/02\\\/retina-logo-en.png\",\"width\":450,\"height\":122,\"caption\":\"LAT Multilingual\"},\"image\":{\"@id\":\"https:\\\/\\\/www.latmultilingual.com\\\/fr\\\/#\\\/schema\\\/logo\\\/image\\\/\"},\"sameAs\":[\"https:\\\/\\\/www.facebook.com\\\/LATMultilingual\\\/\",\"https:\\\/\\\/x.com\\\/LATMultilingual\",\"https:\\\/\\\/www.linkedin.com\\\/company\\\/215205\\\/admin\\\/updates\\\/\"]}]}<\/script>\n<!-- \/ Yoast SEO plugin. -->","yoast_head_json":{"title":"marketing chinois - LAT Multilingue Traduction et Marketing","description":"LAT can help you with Chinese marketing, including WeChat marketing, in Vancouver, Montreal, Toronto or anywhere in Canada.","robots":{"index":"index","follow":"follow","max-snippet":"max-snippet:-1","max-image-preview":"max-image-preview:large","max-video-preview":"max-video-preview:-1"},"canonical":"https:\/\/www.latmultilingual.com\/fr\/residents-et-visiteurs-chinois\/","og_locale":"fr_FR","og_type":"article","og_title":"marketing chinois - LAT Multilingue Traduction et Marketing","og_description":"LAT can help you with Chinese marketing, including WeChat marketing, in Vancouver, Montreal, Toronto or anywhere in Canada.","og_url":"https:\/\/www.latmultilingual.com\/fr\/residents-et-visiteurs-chinois\/","og_site_name":"LAT Multilingue Traduction et Marketing","article_publisher":"https:\/\/www.facebook.com\/LATMultilingual\/","article_modified_time":"2022-08-04T20:18:18+00:00","twitter_card":"summary_large_image","twitter_site":"@LATMultilingual","twitter_misc":{"Dur\u00e9e de lecture estim\u00e9e":"4 minutes"},"schema":{"@context":"https:\/\/schema.org","@graph":[{"@type":"WebPage","@id":"https:\/\/www.latmultilingual.com\/fr\/residents-et-visiteurs-chinois\/","url":"https:\/\/www.latmultilingual.com\/fr\/residents-et-visiteurs-chinois\/","name":"marketing chinois - LAT Multilingue Traduction et Marketing","isPartOf":{"@id":"https:\/\/www.latmultilingual.com\/fr\/#website"},"datePublished":"2014-07-29T21:04:01+00:00","dateModified":"2022-08-04T20:18:18+00:00","description":"LAT can help you with Chinese marketing, including WeChat marketing, in Vancouver, Montreal, Toronto or anywhere in Canada.","breadcrumb":{"@id":"https:\/\/www.latmultilingual.com\/fr\/residents-et-visiteurs-chinois\/#breadcrumb"},"inLanguage":"fr-FR","potentialAction":[{"@type":"ReadAction","target":["https:\/\/www.latmultilingual.com\/fr\/residents-et-visiteurs-chinois\/"]}]},{"@type":"BreadcrumbList","@id":"https:\/\/www.latmultilingual.com\/fr\/residents-et-visiteurs-chinois\/#breadcrumb","itemListElement":[{"@type":"ListItem","position":1,"name":"Home","item":"https:\/\/www.latmultilingual.com\/fr\/"},{"@type":"ListItem","position":2,"name":"March\u00e9 chinois"}]},{"@type":"WebSite","@id":"https:\/\/www.latmultilingual.com\/fr\/#website","url":"https:\/\/www.latmultilingual.com\/fr\/","name":"LAT Multilingual","description":"Reach New Markets with Quality Translation and Cultural Marketing Services","publisher":{"@id":"https:\/\/www.latmultilingual.com\/fr\/#organization"},"potentialAction":[{"@type":"SearchAction","target":{"@type":"EntryPoint","urlTemplate":"https:\/\/www.latmultilingual.com\/fr\/?s={search_term_string}"},"query-input":{"@type":"PropertyValueSpecification","valueRequired":true,"valueName":"search_term_string"}}],"inLanguage":"fr-FR"},{"@type":"Organization","@id":"https:\/\/www.latmultilingual.com\/fr\/#organization","name":"LAT Multilingual","url":"https:\/\/www.latmultilingual.com\/fr\/","logo":{"@type":"ImageObject","inLanguage":"fr-FR","@id":"https:\/\/www.latmultilingual.com\/fr\/#\/schema\/logo\/image\/","url":"https:\/\/www.latmultilingual.com\/wp-content\/uploads\/2024\/02\/retina-logo-en.png","contentUrl":"https:\/\/www.latmultilingual.com\/wp-content\/uploads\/2024\/02\/retina-logo-en.png","width":450,"height":122,"caption":"LAT Multilingual"},"image":{"@id":"https:\/\/www.latmultilingual.com\/fr\/#\/schema\/logo\/image\/"},"sameAs":["https:\/\/www.facebook.com\/LATMultilingual\/","https:\/\/x.com\/LATMultilingual","https:\/\/www.linkedin.com\/company\/215205\/admin\/updates\/"]}]}},"_links":{"self":[{"href":"https:\/\/www.latmultilingual.com\/fr\/wp-json\/wp\/v2\/pages\/9039","targetHints":{"allow":["GET"]}}],"collection":[{"href":"https:\/\/www.latmultilingual.com\/fr\/wp-json\/wp\/v2\/pages"}],"about":[{"href":"https:\/\/www.latmultilingual.com\/fr\/wp-json\/wp\/v2\/types\/page"}],"author":[{"embeddable":true,"href":"https:\/\/www.latmultilingual.com\/fr\/wp-json\/wp\/v2\/users\/61"}],"replies":[{"embeddable":true,"href":"https:\/\/www.latmultilingual.com\/fr\/wp-json\/wp\/v2\/comments?post=9039"}],"version-history":[{"count":0,"href":"https:\/\/www.latmultilingual.com\/fr\/wp-json\/wp\/v2\/pages\/9039\/revisions"}],"wp:attachment":[{"href":"https:\/\/www.latmultilingual.com\/fr\/wp-json\/wp\/v2\/media?parent=9039"}],"curies":[{"name":"wp","href":"https:\/\/api.w.org\/{rel}","templated":true}]}}