{"id":6145,"date":"2020-11-03T10:56:35","date_gmt":"2020-11-03T18:56:35","guid":{"rendered":"https:\/\/www.latmultilingual.com\/?page_id=6145"},"modified":"2022-08-04T13:17:41","modified_gmt":"2022-08-04T20:17:41","slug":"marketing-culturel","status":"publish","type":"page","link":"https:\/\/www.latmultilingual.com\/fr\/marketing-culturel\/","title":{"rendered":"Marketing multiculturel"},"content":{"rendered":"<div class=\"fusion-fullwidth fullwidth-box fusion-builder-row-1 grey-section nonhundred-percent-fullwidth non-hundred-percent-height-scrolling\" style=\"--awb-border-radius-top-left:0px;--awb-border-radius-top-right:0px;--awb-border-radius-bottom-right:0px;--awb-border-radius-bottom-left:0px;--awb-flex-wrap:wrap;\" ><div class=\"fusion-builder-row fusion-row\"><div class=\"fusion-layout-column fusion_builder_column fusion-builder-column-0 fusion_builder_column_2_3 2_3 fusion-two-third fusion-column-first\" style=\"--awb-bg-size:cover;width:66.666666666667%;width:calc(66.666666666667% - ( ( 4% ) * 0.66666666666667 ) );margin-right: 4%;\"><div class=\"fusion-column-wrapper fusion-column-has-shadow fusion-flex-column-wrapper-legacy\"><div class=\"fusion-title title fusion-title-1 fusion-sep-none fusion-title-text fusion-title-size-one\"><h1 class=\"fusion-title-heading title-heading-left\" style=\"margin:0;\"><h2>Rejoignez vos clients dans leur propre langue et sur leurs plateformes pr\u00e9f\u00e9r\u00e9es.\u00a0<\/h2><\/h1><\/div><div class=\"fusion-text fusion-text-1\"><p style=\"text-align: left;\" align=\"justify\">Souhaitez-vous mieux atteindre votre march\u00e9? Nous pouvons vous aider \u00e0 le faire \u00e0 l\u2019aide de nos services de traduction, de localisation et de marketing. \u0152uvrant dans l\u2019industrie depuis plus de 20\u00a0ans, LAT a aid\u00e9 de nombreuses marques de renom \u00e0 adapter leur strat\u00e9gie marketing dans diff\u00e9rentes langues et pour diverses cultures.\u00a0<strong>Notre exp\u00e9rience en traduction et notre savoir-faire en marketing vous aideront \u00e0 b\u00e2tir la strat\u00e9gie la plus efficace pour rejoindre vos march\u00e9s cibles, et ce, dans toutes les langues.<\/strong><\/p>\n<p style=\"text-align: left;\">Voici les services de marketing culturel que nous offrons :<\/p>\n<ul>\n<li style=\"text-align: left;\">gestion des m\u00e9dias sociaux;\u00a0<\/li>\n<li style=\"text-align: left;\">publicit\u00e9 num\u00e9rique en diff\u00e9rentes langues (p.\u00a0ex. sur Facebook, Instagram, Google, etc.);<\/li>\n<li style=\"text-align: left;\">contenu marketing multilingue;<\/li>\n<li style=\"text-align: left;\">adaptation et d\u00e9veloppement de marques;<\/li>\n<li style=\"text-align: left;\">analyse du marketing multiculturel;<\/li>\n<li style=\"text-align: left;\">placement m\u00e9dias multilingue;<\/li>\n<li style=\"text-align: left;\">\u00e9laboration et r\u00e9alisation de campagnes.<\/li>\n<\/ul>\n<\/div><div class=\"fusion-aligncenter\"><a class=\"fusion-button button-flat button-large button-default fusion-button-default button-1 fusion-button-default-span fusion-button-default-type\" target=\"_self\" href=\"https:\/\/www.latmultilingual.com\/fr\/obtenez-un-devis\/\"><span class=\"fusion-button-text\">Commencez!<\/span><\/a><\/div><div class=\"fusion-clearfix\"><\/div><\/div><\/div><div class=\"fusion-layout-column fusion_builder_column fusion-builder-column-1 fusion_builder_column_1_3 1_3 fusion-one-third fusion-column-last\" style=\"--awb-bg-size:cover;width:33.333333333333%;width:calc(33.333333333333% - ( ( 4% ) * 0.33333333333333 ) );\"><div class=\"fusion-column-wrapper fusion-column-has-shadow fusion-flex-column-wrapper-legacy\"><div class=\"fusion-text fusion-text-2\"><blockquote>\n<p style=\"text-align: left;\" align=\"justify\">Depuis plus de cinq ans, LAT Multilingue est notre partenaire de confiance et nous aide \u00e0 rejoindre notre communaut\u00e9 de mani\u00e8re novatrice. L\u2019engagement de LAT \u00e0 offrir un service sup\u00e9rieur a contribu\u00e9 \u00e0 ce que nous restions le <em>meilleur a\u00e9roport en Am\u00e9rique du Nord<\/em>. Nous recommandons ses services \u00e0 toute entreprise \u00e0 la recherche d\u2019un excellent travail fond\u00e9 sur des donn\u00e9es de qualit\u00e9.<\/p>\n<p style=\"text-align: left;\"><strong>Christopher Richards<br \/>\n<\/strong><span class=\"medium-blue\">Directeur, Marketing<br \/>\nA\u00e9roport international de Vancouver\u00a0<\/span><\/p>\n<\/blockquote>\n<blockquote>\n<p style=\"text-align: left;\" align=\"justify\">Mercedes-Benz Canada a commenc\u00e9 \u00e0 travailler avec LAT\u00a0Multilingue pour des services de traduction dont la qualit\u00e9 a toujours \u00e9t\u00e9 impeccable. Nous lui avons par la suite demand\u00e9 de g\u00e9rer le compte WeChat pour notre Groupe de vente au d\u00e9tail de Vancouver. LAT a tr\u00e8s rapidement fait cro\u00eetre le compte et a cr\u00e9\u00e9 du contenu populaire fr\u00e9quemment partag\u00e9.\u00a0<\/p>\n<p style=\"text-align: left;\"><strong>Kai Wang<\/strong><strong style=\"background-color: inherit; font-style: inherit; letter-spacing: inherit;\"><br \/>\n<\/strong><span class=\"medium-blue\">Directeur de la strat\u00e9gie de marketing<br \/>\nGroupe Dilawri<br \/>\n<\/span><\/p>\n<\/blockquote>\n<\/div><div class=\"fusion-clearfix\"><\/div><\/div><\/div><\/div><\/div><div class=\"fusion-fullwidth fullwidth-box fusion-builder-row-2 nonhundred-percent-fullwidth non-hundred-percent-height-scrolling\" style=\"--awb-border-radius-top-left:0px;--awb-border-radius-top-right:0px;--awb-border-radius-bottom-right:0px;--awb-border-radius-bottom-left:0px;--awb-flex-wrap:wrap;\" ><div class=\"fusion-builder-row fusion-row\"><div class=\"fusion-layout-column fusion_builder_column fusion-builder-column-2 fusion_builder_column_1_1 1_1 fusion-one-full fusion-column-first fusion-column-last\" style=\"--awb-bg-size:cover;\"><div class=\"fusion-column-wrapper fusion-column-has-shadow fusion-flex-column-wrapper-legacy\"><div class=\"fusion-title title fusion-title-2 fusion-sep-none fusion-title-center fusion-title-text fusion-title-size-two\"><h2 class=\"fusion-title-heading title-heading-center\" style=\"margin:0;\">R\u00e9alisations en mati\u00e8re de marketing culturel<\/h2><\/div><style type=\"text\/css\">.fusion-portfolio-wrapper#fusion-portfolio-1 .fusion-portfolio-content{  text-align: left; }<\/style><div class=\"fusion-recent-works fusion-portfolio-element fusion-portfolio fusion-portfolio-1 fusion-portfolio-grid fusion-portfolio-paging-load-more-button fusion-portfolio-three fusion-portfolio-unboxed fusion-portfolio-text fusion-portfolio-equal-heights\" data-id=\"-rw-1\" data-columns=\"three\"><style type=\"text\/css\">.fusion-portfolio-1 .fusion-portfolio-wrapper .fusion-col-spacing{padding:10px;}<\/style><div class=\"fusion-portfolio-wrapper\" id=\"fusion-portfolio-1\" data-picturesize=\"fixed\" data-pages=\"3\" style=\"margin:-10px;\"><article id=\"portfolio-1-post-28714\" class=\"fusion-portfolio-post marketing-chinois marketing-multiculturel fusion-col-spacing post-28714\"><div class=\"fusion-portfolio-content-wrapper\" style=\"border:none;\"><span class=\"vcard rich-snippet-hidden\"><span class=\"fn\"><a href=\"https:\/\/www.latmultilingual.com\/fr\/blog\/author\/peterurquhart\/\" title=\"Articles par Peter Urquhart\" rel=\"author\">Peter Urquhart<\/a><\/span><\/span><span class=\"updated rich-snippet-hidden\">2025-01-20T10:19:55-08:00<\/span><div  class=\"fusion-image-wrapper fusion-image-size-fixed\" aria-haspopup=\"true\">\n\t\t\t\t\t\t\t<a href=\"https:\/\/www.latmultilingual.com\/fr\/blog\/case-studies\/vancouver-intl-airport\/\" aria-label=\"LAT Multilingue aide l&rsquo;a\u00e9roport international de Vancouver \u00e0 offrir un service \u00e0 la client\u00e8le adapt\u00e9 aux besoins des voyageurs chinois\">\n\t\t\t\t\t\t\t<img decoding=\"async\" width=\"300\" height=\"214\" src=\"data:image\/svg+xml,%3Csvg%20xmlns%3D%27http%3A%2F%2Fwww.w3.org%2F2000%2Fsvg%27%20width%3D%27300%27%20height%3D%27214%27%20viewBox%3D%270%200%20300%20214%27%3E%3Crect%20width%3D%27300%27%20height%3D%27214%27%20fill-opacity%3D%220%22%2F%3E%3C%2Fsvg%3E\" data-orig-src=\"https:\/\/www.latmultilingual.com\/wp-content\/uploads\/2020\/07\/VancouverIntlAirport-300x214.jpg\" class=\"lazyload attachment-portfolio-three size-portfolio-three wp-post-image\" alt=\"\" \/>\t\t\t<\/a>\n\t\t\t\t\t\t\t<\/div>\n<div class=\"fusion-portfolio-content\"><h2 class=\"entry-title fusion-post-title\"><a href=\"https:\/\/www.latmultilingual.com\/fr\/blog\/case-studies\/vancouver-intl-airport\/\">LAT Multilingue aide l&rsquo;a\u00e9roport international de Vancouver \u00e0 offrir un service \u00e0 la client\u00e8le adapt\u00e9 aux besoins des voyageurs chinois<\/a><\/h2><div class=\"fusion-post-content\"><p>LAT has been working with Vancouver International Airport since 2016 to manage their Chinese social media presence on WeChat, RED, and Weibo. <\/p><\/div><\/div><\/div><\/article><article id=\"portfolio-1-post-17297\" class=\"fusion-portfolio-post marketing-chinois marketing-multiculturel fusion-col-spacing post-17297\"><div class=\"fusion-portfolio-content-wrapper\" style=\"border:none;\"><span class=\"vcard rich-snippet-hidden\"><span class=\"fn\"><a href=\"https:\/\/www.latmultilingual.com\/fr\/blog\/author\/lauramcleod\/\" title=\"Articles par Laura McLeod\" rel=\"author\">Laura McLeod<\/a><\/span><\/span><span class=\"updated rich-snippet-hidden\">2020-10-27T15:19:56-07:00<\/span><div  class=\"fusion-image-wrapper fusion-image-size-fixed\" aria-haspopup=\"true\">\n\t\t\t\t\t\t\t<a href=\"https:\/\/www.latmultilingual.com\/fr\/blog\/case-studies\/mercedes-benz-canada\/\" aria-label=\"Mercedes-Benz Canada\">\n\t\t\t\t\t\t\t<img decoding=\"async\" width=\"300\" height=\"214\" src=\"data:image\/svg+xml,%3Csvg%20xmlns%3D%27http%3A%2F%2Fwww.w3.org%2F2000%2Fsvg%27%20width%3D%27300%27%20height%3D%27214%27%20viewBox%3D%270%200%20300%20214%27%3E%3Crect%20width%3D%27300%27%20height%3D%27214%27%20fill-opacity%3D%220%22%2F%3E%3C%2Fsvg%3E\" data-orig-src=\"https:\/\/www.latmultilingual.com\/wp-content\/uploads\/2020\/04\/Mercedes-BenzCanada_WeChat_003-300x214.jpg\" class=\"lazyload attachment-portfolio-three size-portfolio-three wp-post-image\" alt=\"\" \/>\t\t\t<\/a>\n\t\t\t\t\t\t\t<\/div>\n<div class=\"fusion-portfolio-content\"><h2 class=\"entry-title fusion-post-title\"><a href=\"https:\/\/www.latmultilingual.com\/fr\/blog\/case-studies\/mercedes-benz-canada\/\">Mercedes-Benz Canada<\/a><\/h2><div class=\"fusion-post-content\"><p>LAT a aid\u00e9 Mercedes-Benz Canada \u00e0 atteindre la client\u00e8le chinoise avec une publicit\u00e9 Tencent Moments sur la populaire application chinoise, WeChat.<\/p><\/div><\/div><\/div><\/article><article id=\"portfolio-1-post-17268\" class=\"fusion-portfolio-post marketing-chinois marketing-multiculturel fusion-col-spacing post-17268\"><div class=\"fusion-portfolio-content-wrapper\" style=\"border:none;\"><span class=\"vcard rich-snippet-hidden\"><span class=\"fn\"><a href=\"https:\/\/www.latmultilingual.com\/fr\/blog\/author\/lauramcleod\/\" title=\"Articles par Laura McLeod\" rel=\"author\">Laura McLeod<\/a><\/span><\/span><span class=\"updated rich-snippet-hidden\">2020-10-27T15:26:55-07:00<\/span><div  class=\"fusion-image-wrapper fusion-image-size-fixed\" aria-haspopup=\"true\">\n\t\t\t\t\t\t\t<a href=\"https:\/\/www.latmultilingual.com\/fr\/blog\/case-studies\/travelcanada-cn\/\" aria-label=\"TravelCanada.CN\">\n\t\t\t\t\t\t\t<img decoding=\"async\" width=\"300\" height=\"214\" src=\"data:image\/svg+xml,%3Csvg%20xmlns%3D%27http%3A%2F%2Fwww.w3.org%2F2000%2Fsvg%27%20width%3D%27300%27%20height%3D%27214%27%20viewBox%3D%270%200%20300%20214%27%3E%3Crect%20width%3D%27300%27%20height%3D%27214%27%20fill-opacity%3D%220%22%2F%3E%3C%2Fsvg%3E\" data-orig-src=\"https:\/\/www.latmultilingual.com\/wp-content\/uploads\/2020\/03\/TravelCanada.CN_700X441-1-300x214.jpg\" class=\"lazyload attachment-portfolio-three size-portfolio-three wp-post-image\" alt=\"\" \/>\t\t\t<\/a>\n\t\t\t\t\t\t\t<\/div>\n<div class=\"fusion-portfolio-content\"><h2 class=\"entry-title fusion-post-title\"><a href=\"https:\/\/www.latmultilingual.com\/fr\/blog\/case-studies\/travelcanada-cn\/\">TravelCanada.CN<\/a><\/h2><div class=\"fusion-post-content\"><p>TravelCanada.CN est un site Web chinois de voyage et de tourisme con\u00e7u et g\u00e9r\u00e9 par LAT Multilingue pour promouvoir les h\u00f4tels, restaurants, attractions et commerces canadiens aupr\u00e8s de la client\u00e8le chinoise locale et des visiteurs.<\/p><\/div><\/div><\/div><\/article><\/div><button class=\"fusion-load-more-button fusion-portfolio-button fusion-clearfix\">Plus de publications<\/button><div class=\"fusion-infinite-scroll-trigger\"><\/div><div class=\"pagination infinite-scroll clearfix\" style=\"display:none;\"><span class=\"current\">1<\/span><a href=\"https:\/\/www.latmultilingual.com\/fr\/wp-json\/wp\/v2\/pages\/6145\/page\/2\/\" class=\"inactive\">2<\/a><a href=\"https:\/\/www.latmultilingual.com\/fr\/wp-json\/wp\/v2\/pages\/6145\/page\/3\/\" class=\"inactive\">3<\/a><a class=\"pagination-next\" rel=\"next\" href=\"https:\/\/www.latmultilingual.com\/fr\/wp-json\/wp\/v2\/pages\/6145\/page\/2\/\"><span class=\"page-text\">Suivant<\/span><span class=\"page-next\"><\/span><\/a><\/div><div class=\"fusion-clearfix\"><\/div><\/div><div class=\"fusion-clearfix\"><\/div><\/div><\/div><\/div><\/div>\n","protected":false},"excerpt":{"rendered":"","protected":false},"author":61,"featured_media":0,"parent":0,"menu_order":0,"comment_status":"open","ping_status":"closed","template":"100-width.php","meta":{"_acf_changed":false,"footnotes":""},"class_list":["post-6145","page","type-page","status-publish","hentry"],"acf":[],"yoast_head":"<!-- This site is optimized with the Yoast SEO plugin v27.2 - https:\/\/yoast.com\/product\/yoast-seo-wordpress\/ -->\n<title>Marketing multiculturel - LAT Multilingue Traduction et Marketing<\/title>\n<meta name=\"description\" content=\"Le marketing multiculturel consiste \u00e0 adapter votre message \u00e0 des groupes linguistiques et culturels sp\u00e9cifiques, en differentes langues.\" \/>\n<meta name=\"robots\" content=\"index, follow, max-snippet:-1, max-image-preview:large, max-video-preview:-1\" \/>\n<link rel=\"canonical\" href=\"https:\/\/www.latmultilingual.com\/fr\/marketing-culturel\/\" \/>\n<meta property=\"og:locale\" content=\"fr_FR\" \/>\n<meta property=\"og:type\" content=\"article\" \/>\n<meta property=\"og:title\" content=\"Marketing multiculturel - LAT Multilingue Traduction et Marketing\" \/>\n<meta property=\"og:description\" content=\"Le marketing multiculturel consiste \u00e0 adapter votre message \u00e0 des groupes linguistiques et culturels sp\u00e9cifiques, en differentes langues.\" \/>\n<meta property=\"og:url\" content=\"https:\/\/www.latmultilingual.com\/fr\/marketing-culturel\/\" \/>\n<meta property=\"og:site_name\" content=\"LAT Multilingue Traduction et Marketing\" \/>\n<meta property=\"article:publisher\" content=\"https:\/\/www.facebook.com\/LATMultilingual\/\" \/>\n<meta property=\"article:modified_time\" content=\"2022-08-04T20:17:41+00:00\" \/>\n<meta name=\"twitter:card\" content=\"summary_large_image\" \/>\n<meta name=\"twitter:site\" content=\"@LATMultilingual\" \/>\n<meta name=\"twitter:label1\" content=\"Dur\u00e9e de lecture estim\u00e9e\" \/>\n\t<meta name=\"twitter:data1\" content=\"4 minutes\" \/>\n<script type=\"application\/ld+json\" class=\"yoast-schema-graph\">{\"@context\":\"https:\/\/schema.org\",\"@graph\":[{\"@type\":\"WebPage\",\"@id\":\"https:\/\/www.latmultilingual.com\/fr\/marketing-culturel\/\",\"url\":\"https:\/\/www.latmultilingual.com\/fr\/marketing-culturel\/\",\"name\":\"Marketing multiculturel - LAT Multilingue Traduction et Marketing\",\"isPartOf\":{\"@id\":\"https:\/\/www.latmultilingual.com\/fr\/#website\"},\"datePublished\":\"2020-11-03T18:56:35+00:00\",\"dateModified\":\"2022-08-04T20:17:41+00:00\",\"description\":\"Le marketing multiculturel consiste \u00e0 adapter votre message \u00e0 des groupes linguistiques et culturels sp\u00e9cifiques, en differentes langues.\",\"breadcrumb\":{\"@id\":\"https:\/\/www.latmultilingual.com\/fr\/marketing-culturel\/#breadcrumb\"},\"inLanguage\":\"fr-FR\",\"potentialAction\":[{\"@type\":\"ReadAction\",\"target\":[\"https:\/\/www.latmultilingual.com\/fr\/marketing-culturel\/\"]}]},{\"@type\":\"BreadcrumbList\",\"@id\":\"https:\/\/www.latmultilingual.com\/fr\/marketing-culturel\/#breadcrumb\",\"itemListElement\":[{\"@type\":\"ListItem\",\"position\":1,\"name\":\"Home\",\"item\":\"https:\/\/www.latmultilingual.com\/fr\/\"},{\"@type\":\"ListItem\",\"position\":2,\"name\":\"Marketing multiculturel\"}]},{\"@type\":\"WebSite\",\"@id\":\"https:\/\/www.latmultilingual.com\/fr\/#website\",\"url\":\"https:\/\/www.latmultilingual.com\/fr\/\",\"name\":\"LAT Multilingual\",\"description\":\"Reach New Markets with Quality Translation and Cultural Marketing Services\",\"publisher\":{\"@id\":\"https:\/\/www.latmultilingual.com\/fr\/#organization\"},\"potentialAction\":[{\"@type\":\"SearchAction\",\"target\":{\"@type\":\"EntryPoint\",\"urlTemplate\":\"https:\/\/www.latmultilingual.com\/fr\/?s={search_term_string}\"},\"query-input\":{\"@type\":\"PropertyValueSpecification\",\"valueRequired\":true,\"valueName\":\"search_term_string\"}}],\"inLanguage\":\"fr-FR\"},{\"@type\":\"Organization\",\"@id\":\"https:\/\/www.latmultilingual.com\/fr\/#organization\",\"name\":\"LAT Multilingual\",\"url\":\"https:\/\/www.latmultilingual.com\/fr\/\",\"logo\":{\"@type\":\"ImageObject\",\"inLanguage\":\"fr-FR\",\"@id\":\"https:\/\/www.latmultilingual.com\/fr\/#\/schema\/logo\/image\/\",\"url\":\"https:\/\/www.latmultilingual.com\/wp-content\/uploads\/2024\/02\/retina-logo-en.png\",\"contentUrl\":\"https:\/\/www.latmultilingual.com\/wp-content\/uploads\/2024\/02\/retina-logo-en.png\",\"width\":450,\"height\":122,\"caption\":\"LAT Multilingual\"},\"image\":{\"@id\":\"https:\/\/www.latmultilingual.com\/fr\/#\/schema\/logo\/image\/\"},\"sameAs\":[\"https:\/\/www.facebook.com\/LATMultilingual\/\",\"https:\/\/x.com\/LATMultilingual\",\"https:\/\/www.linkedin.com\/company\/215205\/admin\/updates\/\"]}]}<\/script>\n<!-- \/ Yoast SEO plugin. -->","yoast_head_json":{"title":"Marketing multiculturel - LAT Multilingue Traduction et Marketing","description":"Le marketing multiculturel consiste \u00e0 adapter votre message \u00e0 des groupes linguistiques et culturels sp\u00e9cifiques, en differentes langues.","robots":{"index":"index","follow":"follow","max-snippet":"max-snippet:-1","max-image-preview":"max-image-preview:large","max-video-preview":"max-video-preview:-1"},"canonical":"https:\/\/www.latmultilingual.com\/fr\/marketing-culturel\/","og_locale":"fr_FR","og_type":"article","og_title":"Marketing multiculturel - LAT Multilingue Traduction et Marketing","og_description":"Le marketing multiculturel consiste \u00e0 adapter votre message \u00e0 des groupes linguistiques et culturels sp\u00e9cifiques, en differentes langues.","og_url":"https:\/\/www.latmultilingual.com\/fr\/marketing-culturel\/","og_site_name":"LAT Multilingue Traduction et Marketing","article_publisher":"https:\/\/www.facebook.com\/LATMultilingual\/","article_modified_time":"2022-08-04T20:17:41+00:00","twitter_card":"summary_large_image","twitter_site":"@LATMultilingual","twitter_misc":{"Dur\u00e9e de lecture estim\u00e9e":"4 minutes"},"schema":{"@context":"https:\/\/schema.org","@graph":[{"@type":"WebPage","@id":"https:\/\/www.latmultilingual.com\/fr\/marketing-culturel\/","url":"https:\/\/www.latmultilingual.com\/fr\/marketing-culturel\/","name":"Marketing multiculturel - LAT Multilingue Traduction et Marketing","isPartOf":{"@id":"https:\/\/www.latmultilingual.com\/fr\/#website"},"datePublished":"2020-11-03T18:56:35+00:00","dateModified":"2022-08-04T20:17:41+00:00","description":"Le marketing multiculturel consiste \u00e0 adapter votre message \u00e0 des groupes linguistiques et culturels sp\u00e9cifiques, en differentes langues.","breadcrumb":{"@id":"https:\/\/www.latmultilingual.com\/fr\/marketing-culturel\/#breadcrumb"},"inLanguage":"fr-FR","potentialAction":[{"@type":"ReadAction","target":["https:\/\/www.latmultilingual.com\/fr\/marketing-culturel\/"]}]},{"@type":"BreadcrumbList","@id":"https:\/\/www.latmultilingual.com\/fr\/marketing-culturel\/#breadcrumb","itemListElement":[{"@type":"ListItem","position":1,"name":"Home","item":"https:\/\/www.latmultilingual.com\/fr\/"},{"@type":"ListItem","position":2,"name":"Marketing multiculturel"}]},{"@type":"WebSite","@id":"https:\/\/www.latmultilingual.com\/fr\/#website","url":"https:\/\/www.latmultilingual.com\/fr\/","name":"LAT Multilingual","description":"Reach New Markets with Quality Translation and Cultural Marketing Services","publisher":{"@id":"https:\/\/www.latmultilingual.com\/fr\/#organization"},"potentialAction":[{"@type":"SearchAction","target":{"@type":"EntryPoint","urlTemplate":"https:\/\/www.latmultilingual.com\/fr\/?s={search_term_string}"},"query-input":{"@type":"PropertyValueSpecification","valueRequired":true,"valueName":"search_term_string"}}],"inLanguage":"fr-FR"},{"@type":"Organization","@id":"https:\/\/www.latmultilingual.com\/fr\/#organization","name":"LAT Multilingual","url":"https:\/\/www.latmultilingual.com\/fr\/","logo":{"@type":"ImageObject","inLanguage":"fr-FR","@id":"https:\/\/www.latmultilingual.com\/fr\/#\/schema\/logo\/image\/","url":"https:\/\/www.latmultilingual.com\/wp-content\/uploads\/2024\/02\/retina-logo-en.png","contentUrl":"https:\/\/www.latmultilingual.com\/wp-content\/uploads\/2024\/02\/retina-logo-en.png","width":450,"height":122,"caption":"LAT Multilingual"},"image":{"@id":"https:\/\/www.latmultilingual.com\/fr\/#\/schema\/logo\/image\/"},"sameAs":["https:\/\/www.facebook.com\/LATMultilingual\/","https:\/\/x.com\/LATMultilingual","https:\/\/www.linkedin.com\/company\/215205\/admin\/updates\/"]}]}},"_links":{"self":[{"href":"https:\/\/www.latmultilingual.com\/fr\/wp-json\/wp\/v2\/pages\/6145","targetHints":{"allow":["GET"]}}],"collection":[{"href":"https:\/\/www.latmultilingual.com\/fr\/wp-json\/wp\/v2\/pages"}],"about":[{"href":"https:\/\/www.latmultilingual.com\/fr\/wp-json\/wp\/v2\/types\/page"}],"author":[{"embeddable":true,"href":"https:\/\/www.latmultilingual.com\/fr\/wp-json\/wp\/v2\/users\/61"}],"replies":[{"embeddable":true,"href":"https:\/\/www.latmultilingual.com\/fr\/wp-json\/wp\/v2\/comments?post=6145"}],"version-history":[{"count":0,"href":"https:\/\/www.latmultilingual.com\/fr\/wp-json\/wp\/v2\/pages\/6145\/revisions"}],"wp:attachment":[{"href":"https:\/\/www.latmultilingual.com\/fr\/wp-json\/wp\/v2\/media?parent=6145"}],"curies":[{"name":"wp","href":"https:\/\/api.w.org\/{rel}","templated":true}]}}