{"id":5254,"date":"2013-06-06T12:51:30","date_gmt":"2013-06-06T19:51:30","guid":{"rendered":"https:\/\/www.latmultilingual.com\/?page_id=5254"},"modified":"2022-08-04T13:15:39","modified_gmt":"2022-08-04T20:15:39","slug":"traduction-multilingue","status":"publish","type":"page","link":"https:\/\/www.latmultilingual.com\/fr\/traduction-multilingue\/","title":{"rendered":"Traduction multilingue"},"content":{"rendered":"<div class=\"fusion-fullwidth fullwidth-box fusion-builder-row-1 grey-section nonhundred-percent-fullwidth non-hundred-percent-height-scrolling\" style=\"--awb-border-radius-top-left:0px;--awb-border-radius-top-right:0px;--awb-border-radius-bottom-right:0px;--awb-border-radius-bottom-left:0px;--awb-flex-wrap:wrap;\" ><div class=\"fusion-builder-row fusion-row\"><div class=\"fusion-layout-column fusion_builder_column fusion-builder-column-0 fusion_builder_column_2_3 2_3 fusion-two-third fusion-column-first\" style=\"--awb-bg-size:cover;width:66.666666666667%;width:calc(66.666666666667% - ( ( 4% ) * 0.66666666666667 ) );margin-right: 4%;\"><div class=\"fusion-column-wrapper fusion-column-has-shadow fusion-flex-column-wrapper-legacy\"><div class=\"fusion-title title fusion-title-1 fusion-sep-none fusion-title-text fusion-title-size-one\"><h1 class=\"fusion-title-heading title-heading-left\" style=\"margin:0;\"><h2 align=\"justify\">Rejoignez votre public cible dans sa propre langue\u00a0<\/h2><\/h1><\/div><div class=\"fusion-text fusion-text-1\"><p style=\"text-align: left;\" align=\"justify\">Ouvrez vos horizons et faites-vous conna\u00eetre gr\u00e2ce \u00e0 nos services de traduction multilingue. Nous traduisons dans la plupart des langues : fran\u00e7ais, chinois, punjabi, allemand, espagnol, russe, italien, et bien d\u2019autres. De plus, nous localisons votre contenu dans la langue de votre public cible, vous permettant ainsi d\u2019\u00e9largir votre march\u00e9 et de fid\u00e9liser les clients \u00e0 votre marque.<\/p>\n<p style=\"text-align: left;\">Voici les services que nous offrons :\u00a0<\/p>\n<ul style=\"text-align: left;\">\n<li>traduction et transcr\u00e9ation en diverses langues;<\/li>\n<li>voix hors champ et sous-titrage;<\/li>\n<li>adaptation du contenu marketing;\u00a0<\/li>\n<li>traduction de sites Web;<\/li>\n<li>marketing multilingue;<\/li>\n<li><span lang=\"FR-CA\" xml:lang=\"FR-CA\" data-contrast=\"auto\">mise en page;<\/span><\/li>\n<li>services de conception graphique;<\/li>\n<li>placement m<span lang=\"EN-CA\" xml:lang=\"EN-CA\" data-contrast=\"auto\">\u00e9<\/span>diatique.<\/li>\n<\/ul>\n<\/div><div class=\"fusion-aligncenter\"><a class=\"fusion-button button-flat button-large button-default fusion-button-default button-1 fusion-button-default-span fusion-button-default-type\" target=\"_self\" href=\"https:\/\/www.latmultilingual.com\/fr\/obtenez-un-devis\/\"><span class=\"fusion-button-text\">Commencez!<\/span><\/a><\/div>\n<div class=\"fusion-clearfix\"><\/div><\/div><\/div><div class=\"fusion-layout-column fusion_builder_column fusion-builder-column-1 fusion_builder_column_1_3 1_3 fusion-one-third fusion-column-last\" style=\"--awb-bg-size:cover;width:33.333333333333%;width:calc(33.333333333333% - ( ( 4% ) * 0.33333333333333 ) );\"><div class=\"fusion-column-wrapper fusion-column-has-shadow fusion-flex-column-wrapper-legacy\"><div class=\"fusion-text fusion-text-2\"><blockquote>\n<p style=\"text-align: left;\" align=\"justify\">LAT est un partenaire exceptionnel et remarquablement efficace. Notre situation est en constante \u00e9volution, mais chaque fois, quoiqu\u2019il arrive, nous arrivons toujours \u00e0 livrer un produit impeccable gr\u00e2ce \u00e0 LAT.<\/p>\n<p style=\"text-align: left;\"><strong>Jean LeTarte<\/strong><br \/>\n<span class=\"medium-blue\">TC Transcontinental Media<\/span><\/p>\n<\/blockquote>\n<p style=\"text-align: left;\">\u00a0<\/p>\n<blockquote>\n<p style=\"text-align: left;\" align=\"justify\">LAT Multilingue nous offre un service de qualit\u00e9. Les membres de l\u2019\u00e9quipe de LAT sont courtois et disponibles en tout temps. Ils sont ax\u00e9s sur les solutions et offrent des suggestions \u00e0 leurs clients dans le cadre de projets complexes.<\/p>\n<p style=\"text-align: left;\"><strong>Andr\u00e9e Raymond<br \/>\n<\/strong><span class=\"medium-blue\">Destination Canada<\/span><\/p>\n<\/blockquote>\n<\/div><div class=\"fusion-clearfix\"><\/div><\/div><\/div><\/div><\/div><div class=\"fusion-fullwidth fullwidth-box fusion-builder-row-2 nonhundred-percent-fullwidth non-hundred-percent-height-scrolling\" style=\"--awb-border-radius-top-left:0px;--awb-border-radius-top-right:0px;--awb-border-radius-bottom-right:0px;--awb-border-radius-bottom-left:0px;--awb-flex-wrap:wrap;\" ><div class=\"fusion-builder-row fusion-row\"><div class=\"fusion-layout-column fusion_builder_column fusion-builder-column-2 fusion_builder_column_1_1 1_1 fusion-one-full fusion-column-first fusion-column-last\" style=\"--awb-bg-size:cover;\"><div class=\"fusion-column-wrapper fusion-column-has-shadow fusion-flex-column-wrapper-legacy\"><div class=\"fusion-title title fusion-title-2 fusion-sep-none fusion-title-center fusion-title-text fusion-title-size-two\"><h2 class=\"fusion-title-heading title-heading-center\" style=\"margin:0;\">R\u00e9alisations en mati\u00e8re de traduction multilingue<\/h2><\/div><style type=\"text\/css\">.fusion-portfolio-wrapper#fusion-portfolio-1 .fusion-portfolio-content{  text-align: left; }<\/style><div class=\"fusion-recent-works fusion-portfolio-element fusion-portfolio fusion-portfolio-1 fusion-portfolio-grid fusion-portfolio-paging-load-more-button fusion-portfolio-three fusion-portfolio-unboxed fusion-portfolio-text fusion-portfolio-equal-heights\" data-id=\"-rw-1\" data-columns=\"three\"><style type=\"text\/css\">.fusion-portfolio-1 .fusion-portfolio-wrapper .fusion-col-spacing{padding:10px;}<\/style><div class=\"fusion-portfolio-wrapper\" id=\"fusion-portfolio-1\" data-picturesize=\"fixed\" data-pages=\"3\" style=\"margin:-10px;\"><article id=\"portfolio-1-post-20497\" class=\"fusion-portfolio-post traduction-et-localisation voice-over-narration fusion-col-spacing post-20497\"><div class=\"fusion-portfolio-content-wrapper\" style=\"border:none;\"><span class=\"vcard rich-snippet-hidden\"><span class=\"fn\"><a href=\"https:\/\/www.latmultilingual.com\/fr\/blog\/author\/lauramcleod\/\" title=\"Articles par Laura McLeod\" rel=\"author\">Laura McLeod<\/a><\/span><\/span><span class=\"updated rich-snippet-hidden\">2020-12-15T13:49:59-08:00<\/span><div  class=\"fusion-image-wrapper fusion-image-size-fixed\" aria-haspopup=\"true\">\n\t\t\t\t\t\t\t<a href=\"https:\/\/www.latmultilingual.com\/fr\/blog\/case-studies\/bc-1-call\/\" aria-label=\"BC 1 Call\">\n\t\t\t\t\t\t\t<img decoding=\"async\" width=\"300\" height=\"214\" src=\"data:image\/svg+xml,%3Csvg%20xmlns%3D%27http%3A%2F%2Fwww.w3.org%2F2000%2Fsvg%27%20width%3D%27300%27%20height%3D%27214%27%20viewBox%3D%270%200%20300%20214%27%3E%3Crect%20width%3D%27300%27%20height%3D%27214%27%20fill-opacity%3D%220%22%2F%3E%3C%2Fsvg%3E\" data-orig-src=\"https:\/\/www.latmultilingual.com\/wp-content\/uploads\/2020\/10\/BC1Call_Punjabi-300x214.png\" class=\"lazyload attachment-portfolio-three size-portfolio-three wp-post-image\" alt=\"\" \/>\t\t\t<\/a>\n\t\t\t\t\t\t\t<\/div>\n<div class=\"fusion-portfolio-content\"><h2 class=\"entry-title fusion-post-title\"><a href=\"https:\/\/www.latmultilingual.com\/fr\/blog\/case-studies\/bc-1-call\/\">BC 1 Call<\/a><\/h2><div class=\"fusion-post-content\"><p>LAT a traduit les ressources de BC 1 Call sur les pratiques d\u2019excavation s\u00e9curitaires en chinois et en punjabi pour rejoindre le public diversifi\u00e9 de la Colombie-Britannique.<\/p><\/div><\/div><\/div><\/article><article id=\"portfolio-1-post-13065\" class=\"fusion-portfolio-post emballage-et-etiquetage-bilingues marche-francophone-au-canada traduction-et-localisation fusion-col-spacing post-13065\"><div class=\"fusion-portfolio-content-wrapper\" style=\"border:none;\"><span class=\"vcard rich-snippet-hidden\"><span class=\"fn\"><a href=\"https:\/\/www.latmultilingual.com\/fr\/blog\/author\/kin-lo\/\" title=\"Articles par Kin Lo\" rel=\"author\">Kin Lo<\/a><\/span><\/span><span class=\"updated rich-snippet-hidden\">2020-10-26T11:42:01-07:00<\/span><div  class=\"fusion-image-wrapper fusion-image-size-fixed\" aria-haspopup=\"true\">\n\t\t\t\t\t\t\t<a href=\"https:\/\/www.latmultilingual.com\/fr\/blog\/case-studies\/kao\/\" aria-label=\"KAO\">\n\t\t\t\t\t\t\t<img decoding=\"async\" width=\"300\" height=\"214\" src=\"data:image\/svg+xml,%3Csvg%20xmlns%3D%27http%3A%2F%2Fwww.w3.org%2F2000%2Fsvg%27%20width%3D%27300%27%20height%3D%27214%27%20viewBox%3D%270%200%20300%20214%27%3E%3Crect%20width%3D%27300%27%20height%3D%27214%27%20fill-opacity%3D%220%22%2F%3E%3C%2Fsvg%3E\" data-orig-src=\"https:\/\/www.latmultilingual.com\/wp-content\/uploads\/2016\/05\/johnfrieda-300x214.jpg\" class=\"lazyload attachment-portfolio-three size-portfolio-three wp-post-image\" alt=\"\" \/>\t\t\t<\/a>\n\t\t\t\t\t\t\t<\/div>\n<div class=\"fusion-portfolio-content\"><h2 class=\"entry-title fusion-post-title\"><a href=\"https:\/\/www.latmultilingual.com\/fr\/blog\/case-studies\/kao\/\">KAO<\/a><\/h2><div class=\"fusion-post-content\"><p>KAO est une entreprise japonaise qui g\u00e8re des marques populaires telles que Jergens, John Frieda et Bior\u00e9. En raison de sa port\u00e9e mondiale, KAO a besoin de contenus localis\u00e9s pour promouvoir avec succ\u00e8s son large \u00e9ventail de produits aupr\u00e8s de publics tr\u00e8s diversifi\u00e9s.<\/p><\/div><\/div><\/div><\/article><article id=\"portfolio-1-post-13068\" class=\"fusion-portfolio-post traduction-et-localisation fusion-col-spacing post-13068\"><div class=\"fusion-portfolio-content-wrapper\" style=\"border:none;\"><span class=\"vcard rich-snippet-hidden\"><span class=\"fn\"><a href=\"https:\/\/www.latmultilingual.com\/fr\/blog\/author\/kin-lo\/\" title=\"Articles par Kin Lo\" rel=\"author\">Kin Lo<\/a><\/span><\/span><span class=\"updated rich-snippet-hidden\">2020-10-09T15:08:45-07:00<\/span><div  class=\"fusion-image-wrapper fusion-image-size-fixed\" aria-haspopup=\"true\">\n\t\t\t\t\t\t\t<a href=\"https:\/\/www.latmultilingual.com\/fr\/blog\/case-studies\/aecom\/\" aria-label=\"AECOM\">\n\t\t\t\t\t\t\t<img decoding=\"async\" width=\"300\" height=\"214\" src=\"data:image\/svg+xml,%3Csvg%20xmlns%3D%27http%3A%2F%2Fwww.w3.org%2F2000%2Fsvg%27%20width%3D%27300%27%20height%3D%27214%27%20viewBox%3D%270%200%20300%20214%27%3E%3Crect%20width%3D%27300%27%20height%3D%27214%27%20fill-opacity%3D%220%22%2F%3E%3C%2Fsvg%3E\" data-orig-src=\"https:\/\/www.latmultilingual.com\/wp-content\/uploads\/2016\/05\/CaseStudy_AECOM-300x214.jpg\" class=\"lazyload attachment-portfolio-three size-portfolio-three wp-post-image\" alt=\"\" \/>\t\t\t<\/a>\n\t\t\t\t\t\t\t<\/div>\n<div class=\"fusion-portfolio-content\"><h2 class=\"entry-title fusion-post-title\"><a href=\"https:\/\/www.latmultilingual.com\/fr\/blog\/case-studies\/aecom\/\">AECOM<\/a><\/h2><div class=\"fusion-post-content\"><p>Notre \u00e9quipe de sp\u00e9cialistes des services linguistiques assure que les projets de traduction d\u2019AECOM sont livr\u00e9s \u00e0 temps, sans compromis sur la qualit\u00e9.<\/p><\/div><\/div><\/div><\/article><\/div><button class=\"fusion-load-more-button fusion-portfolio-button fusion-clearfix\">Plus de publications<\/button><div class=\"fusion-infinite-scroll-trigger\"><\/div><div class=\"pagination infinite-scroll clearfix\" style=\"display:none;\"><span class=\"current\">1<\/span><a href=\"https:\/\/www.latmultilingual.com\/fr\/wp-json\/wp\/v2\/pages\/5254\/page\/2\/\" class=\"inactive\">2<\/a><a href=\"https:\/\/www.latmultilingual.com\/fr\/wp-json\/wp\/v2\/pages\/5254\/page\/3\/\" class=\"inactive\">3<\/a><a class=\"pagination-next\" rel=\"next\" href=\"https:\/\/www.latmultilingual.com\/fr\/wp-json\/wp\/v2\/pages\/5254\/page\/2\/\"><span class=\"page-text\">Suivant<\/span><span class=\"page-next\"><\/span><\/a><\/div><div class=\"fusion-clearfix\"><\/div><\/div><div class=\"fusion-clearfix\"><\/div><\/div><\/div><\/div><\/div><div class=\"fusion-fullwidth fullwidth-box fusion-builder-row-3 nonhundred-percent-fullwidth non-hundred-percent-height-scrolling\" style=\"--awb-border-radius-top-left:0px;--awb-border-radius-top-right:0px;--awb-border-radius-bottom-right:0px;--awb-border-radius-bottom-left:0px;--awb-flex-wrap:wrap;\" ><div class=\"fusion-builder-row fusion-row\"><div class=\"fusion-layout-column fusion_builder_column fusion-builder-column-3 fusion_builder_column_1_1 1_1 fusion-one-full fusion-column-first fusion-column-last\" style=\"--awb-bg-size:cover;\"><div class=\"fusion-column-wrapper fusion-flex-column-wrapper-legacy\"><div class=\"fusion-text fusion-text-3\"><p>.<\/p>\n<\/div><div class=\"fusion-clearfix\"><\/div><\/div><\/div><\/div><\/div>\n","protected":false},"excerpt":{"rendered":"","protected":false},"author":61,"featured_media":0,"parent":0,"menu_order":0,"comment_status":"open","ping_status":"closed","template":"100-width.php","meta":{"_acf_changed":false,"footnotes":""},"class_list":["post-5254","page","type-page","status-publish","hentry"],"acf":[],"yoast_head":"<!-- This site is optimized with the Yoast SEO plugin v27.5 - https:\/\/yoast.com\/product\/yoast-seo-wordpress\/ -->\n<title>Traduction multilingue - LAT Multilingue Traduction et Marketing<\/title>\n<meta name=\"description\" content=\"Ouvrez vos horizons et faites-vous conna\u00eetre gr\u00e2ce \u00e0 nos services de traduction multilingue.\" \/>\n<meta name=\"robots\" content=\"index, follow, max-snippet:-1, max-image-preview:large, max-video-preview:-1\" \/>\n<link rel=\"canonical\" href=\"https:\/\/www.latmultilingual.com\/fr\/traduction-multilingue\/\" \/>\n<meta property=\"og:locale\" content=\"fr_FR\" \/>\n<meta property=\"og:type\" content=\"article\" \/>\n<meta property=\"og:title\" content=\"Traduction multilingue - LAT Multilingue Traduction et Marketing\" \/>\n<meta property=\"og:description\" content=\"Ouvrez vos horizons et faites-vous conna\u00eetre gr\u00e2ce \u00e0 nos services de traduction multilingue.\" \/>\n<meta property=\"og:url\" content=\"https:\/\/www.latmultilingual.com\/fr\/traduction-multilingue\/\" \/>\n<meta property=\"og:site_name\" content=\"LAT Multilingue Traduction et Marketing\" \/>\n<meta property=\"article:publisher\" content=\"https:\/\/www.facebook.com\/LATMultilingual\/\" \/>\n<meta property=\"article:modified_time\" content=\"2022-08-04T20:15:39+00:00\" \/>\n<meta name=\"twitter:card\" content=\"summary_large_image\" \/>\n<meta name=\"twitter:site\" content=\"@LATMultilingual\" \/>\n<meta name=\"twitter:label1\" content=\"Dur\u00e9e de lecture estim\u00e9e\" \/>\n\t<meta name=\"twitter:data1\" content=\"4 minutes\" \/>\n<script type=\"application\/ld+json\" class=\"yoast-schema-graph\">{\"@context\":\"https:\\\/\\\/schema.org\",\"@graph\":[{\"@type\":\"WebPage\",\"@id\":\"https:\\\/\\\/www.latmultilingual.com\\\/fr\\\/traduction-multilingue\\\/\",\"url\":\"https:\\\/\\\/www.latmultilingual.com\\\/fr\\\/traduction-multilingue\\\/\",\"name\":\"Traduction multilingue - LAT Multilingue Traduction et Marketing\",\"isPartOf\":{\"@id\":\"https:\\\/\\\/www.latmultilingual.com\\\/fr\\\/#website\"},\"datePublished\":\"2013-06-06T19:51:30+00:00\",\"dateModified\":\"2022-08-04T20:15:39+00:00\",\"description\":\"Ouvrez vos horizons et faites-vous conna\u00eetre gr\u00e2ce \u00e0 nos services de traduction multilingue.\",\"breadcrumb\":{\"@id\":\"https:\\\/\\\/www.latmultilingual.com\\\/fr\\\/traduction-multilingue\\\/#breadcrumb\"},\"inLanguage\":\"fr-FR\",\"potentialAction\":[{\"@type\":\"ReadAction\",\"target\":[\"https:\\\/\\\/www.latmultilingual.com\\\/fr\\\/traduction-multilingue\\\/\"]}]},{\"@type\":\"BreadcrumbList\",\"@id\":\"https:\\\/\\\/www.latmultilingual.com\\\/fr\\\/traduction-multilingue\\\/#breadcrumb\",\"itemListElement\":[{\"@type\":\"ListItem\",\"position\":1,\"name\":\"Home\",\"item\":\"https:\\\/\\\/www.latmultilingual.com\\\/fr\\\/\"},{\"@type\":\"ListItem\",\"position\":2,\"name\":\"Traduction multilingue\"}]},{\"@type\":\"WebSite\",\"@id\":\"https:\\\/\\\/www.latmultilingual.com\\\/fr\\\/#website\",\"url\":\"https:\\\/\\\/www.latmultilingual.com\\\/fr\\\/\",\"name\":\"LAT Multilingual\",\"description\":\"Reach New Markets with Quality Translation and Cultural Marketing Services\",\"publisher\":{\"@id\":\"https:\\\/\\\/www.latmultilingual.com\\\/fr\\\/#organization\"},\"potentialAction\":[{\"@type\":\"SearchAction\",\"target\":{\"@type\":\"EntryPoint\",\"urlTemplate\":\"https:\\\/\\\/www.latmultilingual.com\\\/fr\\\/?s={search_term_string}\"},\"query-input\":{\"@type\":\"PropertyValueSpecification\",\"valueRequired\":true,\"valueName\":\"search_term_string\"}}],\"inLanguage\":\"fr-FR\"},{\"@type\":\"Organization\",\"@id\":\"https:\\\/\\\/www.latmultilingual.com\\\/fr\\\/#organization\",\"name\":\"LAT Multilingual\",\"url\":\"https:\\\/\\\/www.latmultilingual.com\\\/fr\\\/\",\"logo\":{\"@type\":\"ImageObject\",\"inLanguage\":\"fr-FR\",\"@id\":\"https:\\\/\\\/www.latmultilingual.com\\\/fr\\\/#\\\/schema\\\/logo\\\/image\\\/\",\"url\":\"https:\\\/\\\/www.latmultilingual.com\\\/wp-content\\\/uploads\\\/2024\\\/02\\\/retina-logo-en.png\",\"contentUrl\":\"https:\\\/\\\/www.latmultilingual.com\\\/wp-content\\\/uploads\\\/2024\\\/02\\\/retina-logo-en.png\",\"width\":450,\"height\":122,\"caption\":\"LAT Multilingual\"},\"image\":{\"@id\":\"https:\\\/\\\/www.latmultilingual.com\\\/fr\\\/#\\\/schema\\\/logo\\\/image\\\/\"},\"sameAs\":[\"https:\\\/\\\/www.facebook.com\\\/LATMultilingual\\\/\",\"https:\\\/\\\/x.com\\\/LATMultilingual\",\"https:\\\/\\\/www.linkedin.com\\\/company\\\/215205\\\/admin\\\/updates\\\/\"]}]}<\/script>\n<!-- \/ Yoast SEO plugin. -->","yoast_head_json":{"title":"Traduction multilingue - LAT Multilingue Traduction et Marketing","description":"Ouvrez vos horizons et faites-vous conna\u00eetre gr\u00e2ce \u00e0 nos services de traduction multilingue.","robots":{"index":"index","follow":"follow","max-snippet":"max-snippet:-1","max-image-preview":"max-image-preview:large","max-video-preview":"max-video-preview:-1"},"canonical":"https:\/\/www.latmultilingual.com\/fr\/traduction-multilingue\/","og_locale":"fr_FR","og_type":"article","og_title":"Traduction multilingue - LAT Multilingue Traduction et Marketing","og_description":"Ouvrez vos horizons et faites-vous conna\u00eetre gr\u00e2ce \u00e0 nos services de traduction multilingue.","og_url":"https:\/\/www.latmultilingual.com\/fr\/traduction-multilingue\/","og_site_name":"LAT Multilingue Traduction et Marketing","article_publisher":"https:\/\/www.facebook.com\/LATMultilingual\/","article_modified_time":"2022-08-04T20:15:39+00:00","twitter_card":"summary_large_image","twitter_site":"@LATMultilingual","twitter_misc":{"Dur\u00e9e de lecture estim\u00e9e":"4 minutes"},"schema":{"@context":"https:\/\/schema.org","@graph":[{"@type":"WebPage","@id":"https:\/\/www.latmultilingual.com\/fr\/traduction-multilingue\/","url":"https:\/\/www.latmultilingual.com\/fr\/traduction-multilingue\/","name":"Traduction multilingue - LAT Multilingue Traduction et Marketing","isPartOf":{"@id":"https:\/\/www.latmultilingual.com\/fr\/#website"},"datePublished":"2013-06-06T19:51:30+00:00","dateModified":"2022-08-04T20:15:39+00:00","description":"Ouvrez vos horizons et faites-vous conna\u00eetre gr\u00e2ce \u00e0 nos services de traduction multilingue.","breadcrumb":{"@id":"https:\/\/www.latmultilingual.com\/fr\/traduction-multilingue\/#breadcrumb"},"inLanguage":"fr-FR","potentialAction":[{"@type":"ReadAction","target":["https:\/\/www.latmultilingual.com\/fr\/traduction-multilingue\/"]}]},{"@type":"BreadcrumbList","@id":"https:\/\/www.latmultilingual.com\/fr\/traduction-multilingue\/#breadcrumb","itemListElement":[{"@type":"ListItem","position":1,"name":"Home","item":"https:\/\/www.latmultilingual.com\/fr\/"},{"@type":"ListItem","position":2,"name":"Traduction multilingue"}]},{"@type":"WebSite","@id":"https:\/\/www.latmultilingual.com\/fr\/#website","url":"https:\/\/www.latmultilingual.com\/fr\/","name":"LAT Multilingual","description":"Reach New Markets with Quality Translation and Cultural Marketing Services","publisher":{"@id":"https:\/\/www.latmultilingual.com\/fr\/#organization"},"potentialAction":[{"@type":"SearchAction","target":{"@type":"EntryPoint","urlTemplate":"https:\/\/www.latmultilingual.com\/fr\/?s={search_term_string}"},"query-input":{"@type":"PropertyValueSpecification","valueRequired":true,"valueName":"search_term_string"}}],"inLanguage":"fr-FR"},{"@type":"Organization","@id":"https:\/\/www.latmultilingual.com\/fr\/#organization","name":"LAT Multilingual","url":"https:\/\/www.latmultilingual.com\/fr\/","logo":{"@type":"ImageObject","inLanguage":"fr-FR","@id":"https:\/\/www.latmultilingual.com\/fr\/#\/schema\/logo\/image\/","url":"https:\/\/www.latmultilingual.com\/wp-content\/uploads\/2024\/02\/retina-logo-en.png","contentUrl":"https:\/\/www.latmultilingual.com\/wp-content\/uploads\/2024\/02\/retina-logo-en.png","width":450,"height":122,"caption":"LAT Multilingual"},"image":{"@id":"https:\/\/www.latmultilingual.com\/fr\/#\/schema\/logo\/image\/"},"sameAs":["https:\/\/www.facebook.com\/LATMultilingual\/","https:\/\/x.com\/LATMultilingual","https:\/\/www.linkedin.com\/company\/215205\/admin\/updates\/"]}]}},"_links":{"self":[{"href":"https:\/\/www.latmultilingual.com\/fr\/wp-json\/wp\/v2\/pages\/5254","targetHints":{"allow":["GET"]}}],"collection":[{"href":"https:\/\/www.latmultilingual.com\/fr\/wp-json\/wp\/v2\/pages"}],"about":[{"href":"https:\/\/www.latmultilingual.com\/fr\/wp-json\/wp\/v2\/types\/page"}],"author":[{"embeddable":true,"href":"https:\/\/www.latmultilingual.com\/fr\/wp-json\/wp\/v2\/users\/61"}],"replies":[{"embeddable":true,"href":"https:\/\/www.latmultilingual.com\/fr\/wp-json\/wp\/v2\/comments?post=5254"}],"version-history":[{"count":0,"href":"https:\/\/www.latmultilingual.com\/fr\/wp-json\/wp\/v2\/pages\/5254\/revisions"}],"wp:attachment":[{"href":"https:\/\/www.latmultilingual.com\/fr\/wp-json\/wp\/v2\/media?parent=5254"}],"curies":[{"name":"wp","href":"https:\/\/api.w.org\/{rel}","templated":true}]}}