{"id":26920,"date":"2023-02-19T22:15:36","date_gmt":"2023-02-20T06:15:36","guid":{"rendered":"https:\/\/www.latmultilingual.com\/a-propos-de-nous\/causes-we-support\/"},"modified":"2023-07-06T08:06:16","modified_gmt":"2023-07-06T15:06:16","slug":"les-causes-que-nous-soutenons","status":"publish","type":"page","link":"https:\/\/www.latmultilingual.com\/fr\/a-propos-de-nous\/les-causes-que-nous-soutenons\/","title":{"rendered":"Supported Causes"},"content":{"rendered":"<div class=\"fusion-fullwidth fullwidth-box fusion-builder-row-1 fusion-flex-container nonhundred-percent-fullwidth non-hundred-percent-height-scrolling\" style=\"--awb-border-radius-top-left:0px;--awb-border-radius-top-right:0px;--awb-border-radius-bottom-right:0px;--awb-border-radius-bottom-left:0px;--awb-flex-wrap:wrap;\" ><div class=\"fusion-builder-row fusion-row fusion-flex-align-items-flex-start fusion-flex-content-wrap\" style=\"max-width:1248px;margin-left: calc(-4% \/ 2 );margin-right: calc(-4% \/ 2 );\"><div class=\"fusion-layout-column fusion_builder_column fusion-builder-column-0 fusion_builder_column_1_1 1_1 fusion-flex-column\" style=\"--awb-bg-size:cover;--awb-width-large:100%;--awb-margin-top-large:0px;--awb-spacing-right-large:1.92%;--awb-margin-bottom-large:0px;--awb-spacing-left-large:1.92%;--awb-width-medium:100%;--awb-order-medium:0;--awb-spacing-right-medium:1.92%;--awb-spacing-left-medium:1.92%;--awb-width-small:100%;--awb-order-small:0;--awb-spacing-right-small:1.92%;--awb-spacing-left-small:1.92%;\"><div class=\"fusion-column-wrapper fusion-column-has-shadow fusion-flex-justify-content-flex-start fusion-content-layout-column\"><div class=\"fusion-text fusion-text-1\"><p>Chez LAT Multilingue, nous croyons au pouvoir de la responsabilit\u00e9 sociale. Notre entreprise est motiv\u00e9e par sa raison d\u2019\u00eatre et cherche \u00e0 avoir un impact positif gr\u00e2ce \u00e0 des initiatives de charit\u00e9. Nous nous engageons formellement \u00e0 donner l\u2019\u00e9quivalent de 2\u00a0% de nos revenus ou plus \u00e0 nos organismes de charit\u00e9 partenaires chaque ann\u00e9e (y compris des dons en nature).<\/p>\n<p style=\"text-align: left;\" align=\"justify\">Voici la liste des causes que nous soutenons actuellement :<\/p>\n<\/div><\/div><\/div><\/div><\/div><div class=\"fusion-fullwidth fullwidth-box fusion-builder-row-2 fusion-flex-container lat-team-grid nonhundred-percent-fullwidth non-hundred-percent-height-scrolling\" style=\"--awb-border-radius-top-left:0px;--awb-border-radius-top-right:0px;--awb-border-radius-bottom-right:0px;--awb-border-radius-bottom-left:0px;--awb-margin-top:0px;--awb-flex-wrap:wrap;\" ><div class=\"fusion-builder-row fusion-row fusion-flex-align-items-flex-start fusion-flex-content-wrap\" style=\"max-width:1248px;margin-left: calc(-4% \/ 2 );margin-right: calc(-4% \/ 2 );\"><div class=\"fusion-layout-column fusion_builder_column fusion-builder-column-1 fusion_builder_column_1_3 1_3 fusion-flex-column\" style=\"--awb-bg-size:cover;--awb-width-large:33.333333333333%;--awb-margin-top-large:0px;--awb-spacing-right-large:5.76%;--awb-margin-bottom-large:0px;--awb-spacing-left-large:5.76%;--awb-width-medium:100%;--awb-order-medium:0;--awb-spacing-right-medium:1.92%;--awb-spacing-left-medium:1.92%;--awb-width-small:100%;--awb-order-small:0;--awb-spacing-right-small:1.92%;--awb-spacing-left-small:1.92%;\"><div class=\"fusion-column-wrapper fusion-column-has-shadow fusion-flex-justify-content-flex-start fusion-content-layout-column\"><div class=\"fusion-text fusion-text-2\"><div class=\"match-height\"><img decoding=\"async\" class=\"lazyload alignnone size-medium wp-image-26872\" src=\"https:\/\/www.latmultilingual.com\/wp-content\/uploads\/2023\/02\/IR-LOGO-web-v2-1-300x157.webp\" data-orig-src=\"https:\/\/www.latmultilingual.com\/wp-content\/uploads\/2023\/02\/IR-LOGO-web-v2-1-300x157.webp\" alt=\"Islamic Relief Canada\" width=\"300\" height=\"157\" srcset=\"data:image\/svg+xml,%3Csvg%20xmlns%3D%27http%3A%2F%2Fwww.w3.org%2F2000%2Fsvg%27%20width%3D%27300%27%20height%3D%27157%27%20viewBox%3D%270%200%20300%20157%27%3E%3Crect%20width%3D%27300%27%20height%3D%27157%27%20fill-opacity%3D%220%22%2F%3E%3C%2Fsvg%3E\" data-srcset=\"https:\/\/www.latmultilingual.com\/wp-content\/uploads\/2023\/02\/IR-LOGO-web-v2-1-200x104.webp 200w, https:\/\/www.latmultilingual.com\/wp-content\/uploads\/2023\/02\/IR-LOGO-web-v2-1-300x157.webp 300w, https:\/\/www.latmultilingual.com\/wp-content\/uploads\/2023\/02\/IR-LOGO-web-v2-1-400x209.webp 400w, https:\/\/www.latmultilingual.com\/wp-content\/uploads\/2023\/02\/IR-LOGO-web-v2-1-600x313.webp 600w, https:\/\/www.latmultilingual.com\/wp-content\/uploads\/2023\/02\/IR-LOGO-web-v2-1.webp 653w\" data-sizes=\"auto\" data-orig-sizes=\"(max-width: 300px) 100vw, 300px\" \/><\/p>\n<p>&nbsp;<\/p>\n<p class=\"s8\">Nous nous pr\u00e9occupons tous beaucoup du sort des familles touch\u00e9es par le tragique tremblement de terre qui a frapp\u00e9 la Turquie et la Syrie. Les efforts d\u2019Islamic Relief Canada, l\u2019un de nos clients de longue date, nous encouragent \u00e0 soutenir leur campagne d\u2019aide aux victimes du tremblement de terre en Turquie et en Syrie.<\/p>\n<p class=\"s10\">Aidez-nous \u00e0 fournir une aide pr\u00e9cieuse aux personnes touch\u00e9es. Faites un don <a href=\"https:\/\/www.islamicreliefcanada.org\/emergencies\/turkey-syria-earthquake-appeal\/?utm_campaign=external-trsy-lat\">ici<\/a>.<\/p>\n<\/div>\n<\/div><\/div><\/div><div class=\"fusion-layout-column fusion_builder_column fusion-builder-column-2 fusion_builder_column_1_3 1_3 fusion-flex-column\" style=\"--awb-bg-size:cover;--awb-width-large:33.333333333333%;--awb-margin-top-large:0px;--awb-spacing-right-large:5.76%;--awb-margin-bottom-large:0px;--awb-spacing-left-large:5.76%;--awb-width-medium:100%;--awb-order-medium:0;--awb-spacing-right-medium:1.92%;--awb-spacing-left-medium:1.92%;--awb-width-small:100%;--awb-order-small:0;--awb-spacing-right-small:1.92%;--awb-spacing-left-small:1.92%;\"><div class=\"fusion-column-wrapper fusion-column-has-shadow fusion-flex-justify-content-flex-start fusion-content-layout-column\"><div class=\"fusion-text fusion-text-3\"><div class=\"match-height\">\n<div class=\"\"><img decoding=\"async\" class=\"lazyload aligncenter wp-image-27002 size-thumbnail\" src=\"https:\/\/www.latmultilingual.com\/wp-content\/uploads\/2023\/03\/11-200x200.png\" data-orig-src=\"https:\/\/www.latmultilingual.com\/wp-content\/uploads\/2023\/03\/11-200x200.png\" alt=\"Ukraine Support\" width=\"200\" height=\"200\" srcset=\"data:image\/svg+xml,%3Csvg%20xmlns%3D%27http%3A%2F%2Fwww.w3.org%2F2000%2Fsvg%27%20width%3D%27200%27%20height%3D%27200%27%20viewBox%3D%270%200%20200%20200%27%3E%3Crect%20width%3D%27200%27%20height%3D%27200%27%20fill-opacity%3D%220%22%2F%3E%3C%2Fsvg%3E\" data-srcset=\"https:\/\/www.latmultilingual.com\/wp-content\/uploads\/2023\/03\/11-66x66.png 66w, https:\/\/www.latmultilingual.com\/wp-content\/uploads\/2023\/03\/11-200x200.png 200w, https:\/\/www.latmultilingual.com\/wp-content\/uploads\/2023\/03\/11-300x300.png 300w, https:\/\/www.latmultilingual.com\/wp-content\/uploads\/2023\/03\/11-400x400.png 400w, https:\/\/www.latmultilingual.com\/wp-content\/uploads\/2023\/03\/11-600x600.png 600w, https:\/\/www.latmultilingual.com\/wp-content\/uploads\/2023\/03\/11-768x768.png 768w, https:\/\/www.latmultilingual.com\/wp-content\/uploads\/2023\/03\/11-800x800.png 800w, https:\/\/www.latmultilingual.com\/wp-content\/uploads\/2023\/03\/11-1024x1024.png 1024w, https:\/\/www.latmultilingual.com\/wp-content\/uploads\/2023\/03\/11.png 1080w\" data-sizes=\"auto\" data-orig-sizes=\"(max-width: 200px) 100vw, 200px\" \/><\/div>\n<p>&nbsp;<\/p>\n<p style=\"text-align: left;\" align=\"justify\"><span style=\"font-weight: 400;\">La crise continue en Ukraine a d\u00e9plac\u00e9 beaucoup d\u2019Ukrainiens, dont un grand nombre se r\u00e9installent au Canada. Pour leur venir en aide en ces temps difficiles, LAT Multilingue fournit des services de traduction certifi\u00e9e de l\u2019ukrainien vers anglais ou le fran\u00e7ais pour tous les documents d\u2019immigration. Pour en savoir plus ou pour obtenir de l\u2019aide, <\/span><a href=\"https:\/\/www.latmultilingual.com\/fr\/ukrainian-crisis\/\"><span style=\"font-weight: 400;\">cliquez ici<\/span><\/a><span style=\"font-weight: 400;\">.<\/span><\/p>\n<\/div>\n<\/div><\/div><\/div><div class=\"fusion-layout-column fusion_builder_column fusion-builder-column-3 fusion_builder_column_1_3 1_3 fusion-flex-column\" style=\"--awb-bg-size:cover;--awb-width-large:33.333333333333%;--awb-margin-top-large:0px;--awb-spacing-right-large:5.76%;--awb-margin-bottom-large:0px;--awb-spacing-left-large:5.76%;--awb-width-medium:100%;--awb-order-medium:0;--awb-spacing-right-medium:1.92%;--awb-spacing-left-medium:1.92%;--awb-width-small:100%;--awb-order-small:0;--awb-spacing-right-small:1.92%;--awb-spacing-left-small:1.92%;\"><div class=\"fusion-column-wrapper fusion-column-has-shadow fusion-flex-justify-content-flex-start fusion-content-layout-column\"><div class=\"fusion-text fusion-text-4\"><div class=\"match-height\">\n<div class=\"\"><span style=\"color: #333333;\"><img decoding=\"async\" class=\"lazyload alignnone wp-image-26999 size-medium\" src=\"https:\/\/www.latmultilingual.com\/wp-content\/uploads\/2023\/03\/Translate-without-borders-300x102.png\" data-orig-src=\"https:\/\/www.latmultilingual.com\/wp-content\/uploads\/2023\/03\/Translate-without-borders-300x102.png\" alt=\"Translate without borders - Bronze sponsor\" width=\"300\" height=\"102\" srcset=\"data:image\/svg+xml,%3Csvg%20xmlns%3D%27http%3A%2F%2Fwww.w3.org%2F2000%2Fsvg%27%20width%3D%27300%27%20height%3D%27102%27%20viewBox%3D%270%200%20300%20102%27%3E%3Crect%20width%3D%27300%27%20height%3D%27102%27%20fill-opacity%3D%220%22%2F%3E%3C%2Fsvg%3E\" data-srcset=\"https:\/\/www.latmultilingual.com\/wp-content\/uploads\/2023\/03\/Translate-without-borders-200x68.png 200w, https:\/\/www.latmultilingual.com\/wp-content\/uploads\/2023\/03\/Translate-without-borders-300x102.png 300w, https:\/\/www.latmultilingual.com\/wp-content\/uploads\/2023\/03\/Translate-without-borders-400x136.png 400w, https:\/\/www.latmultilingual.com\/wp-content\/uploads\/2023\/03\/Translate-without-borders-600x204.png 600w, https:\/\/www.latmultilingual.com\/wp-content\/uploads\/2023\/03\/Translate-without-borders.png 713w\" data-sizes=\"auto\" data-orig-sizes=\"(max-width: 300px) 100vw, 300px\" \/><\/span><\/div>\n<div>\u00a0<\/div>\n<div><span style=\"color: #333333;\">Nous sommes un commanditaire de Translators without Borders (TWB), un organisme \u00e0 but non lucratif d\u00e9vou\u00e9 \u00e0 cr\u00e9er un monde o\u00f9 la barri\u00e8re des langues n\u2019existe plus. TWB est une communaut\u00e9 mondiale de traducteurs et de linguistes qui offrent des services linguistiques \u00e0 des organismes humanitaires et de d\u00e9veloppement partout au monde.<\/span><\/div>\n<\/div>\n<\/div><\/div><\/div><div class=\"fusion-layout-column fusion_builder_column fusion-builder-column-4 fusion_builder_column_1_3 1_3 fusion-flex-column\" style=\"--awb-bg-size:cover;--awb-width-large:33.333333333333%;--awb-margin-top-large:0px;--awb-spacing-right-large:5.76%;--awb-margin-bottom-large:0px;--awb-spacing-left-large:5.76%;--awb-width-medium:100%;--awb-order-medium:0;--awb-spacing-right-medium:1.92%;--awb-spacing-left-medium:1.92%;--awb-width-small:100%;--awb-order-small:0;--awb-spacing-right-small:1.92%;--awb-spacing-left-small:1.92%;\"><div class=\"fusion-column-wrapper fusion-column-has-shadow fusion-flex-justify-content-flex-start fusion-content-layout-column\"><div class=\"fusion-text fusion-text-5\"><div class=\"match-height\">\n<p><a href=\"https:\/\/www.westcoastleaf.org\/\" target=\"_blank\" rel=\"noopener\"><img decoding=\"async\" class=\"lazyload wp-image-21610 size-full aligncenter\" src=\"data:image\/svg+xml,%3Csvg%20xmlns%3D%27http%3A%2F%2Fwww.w3.org%2F2000%2Fsvg%27%20width%3D%27121%27%20height%3D%27100%27%20viewBox%3D%270%200%20121%20100%27%3E%3Crect%20width%3D%27121%27%20height%3D%27100%27%20fill-opacity%3D%220%22%2F%3E%3C%2Fsvg%3E\" data-orig-src=\"https:\/\/www.latmultilingual.com\/wp-content\/uploads\/2021\/11\/West-Coast-LEAF-logo.png\" alt=\"West Coast LEAF logo\" width=\"121\" height=\"100\" \/><\/a><\/p>\n<p align=\"justify\">\u00a0<\/p>\n<p style=\"text-align: left;\" align=\"justify\">Nous contribuons \u00e0 West Coast LEAF. En collaboration avec la communaut\u00e9, l\u2019organisme West Coast LEAF a recours aux litiges, \u00e0 la r\u00e9forme l\u00e9gislative et \u00e0 l\u2019\u00e9ducation juridique publique pour cr\u00e9er des changements sociaux. Ax\u00e9 sur les enjeux de la Colombie-Britannique, West Coast LEAF intervient aussi sur des questions d\u2019ordre national qui importent \u00e0 l\u2019\u00e9galit\u00e9 et aux droits de la personne des habitants de la Colombie-Britannique.<\/p>\n<\/div>\n<\/div><\/div><\/div><\/div><\/div>\n","protected":false},"excerpt":{"rendered":"","protected":false},"author":80,"featured_media":0,"parent":9131,"menu_order":0,"comment_status":"closed","ping_status":"closed","template":"100-width.php","meta":{"_acf_changed":false,"footnotes":""},"class_list":["post-26920","page","type-page","status-publish","hentry"],"acf":[],"yoast_head":"<!-- This site is optimized with the Yoast SEO plugin v27.5 - https:\/\/yoast.com\/product\/yoast-seo-wordpress\/ -->\n<title>Ensemble pour un monde meilleur : d\u00e9couvrez les causes que nous soutenons chez LAT.<\/title>\n<meta name=\"description\" content=\"Nous nous engageons \u00e0 avoir un impact positif. D\u00e9couvrez les causes que nous soutenons.\" \/>\n<meta name=\"robots\" content=\"index, follow, max-snippet:-1, max-image-preview:large, max-video-preview:-1\" \/>\n<link rel=\"canonical\" href=\"https:\/\/www.latmultilingual.com\/fr\/a-propos-de-nous\/les-causes-que-nous-soutenons\/\" \/>\n<meta property=\"og:locale\" content=\"fr_FR\" \/>\n<meta property=\"og:type\" content=\"article\" \/>\n<meta property=\"og:title\" content=\"Ensemble pour un monde meilleur : d\u00e9couvrez les causes que nous soutenons chez LAT.\" \/>\n<meta property=\"og:description\" content=\"Nous nous engageons \u00e0 avoir un impact positif. D\u00e9couvrez les causes que nous soutenons.\" \/>\n<meta property=\"og:url\" content=\"https:\/\/www.latmultilingual.com\/fr\/a-propos-de-nous\/les-causes-que-nous-soutenons\/\" \/>\n<meta property=\"og:site_name\" content=\"LAT Multilingue Traduction et Marketing\" \/>\n<meta property=\"article:publisher\" content=\"https:\/\/www.facebook.com\/LATMultilingual\/\" \/>\n<meta property=\"article:modified_time\" content=\"2023-07-06T15:06:16+00:00\" \/>\n<meta property=\"og:image\" content=\"https:\/\/www.latmultilingual.com\/wp-content\/uploads\/2023\/02\/IR-LOGO-web-v2-1-300x157.webp\" \/>\n<meta name=\"twitter:card\" content=\"summary_large_image\" \/>\n<meta name=\"twitter:site\" content=\"@LATMultilingual\" \/>\n<meta name=\"twitter:label1\" content=\"Dur\u00e9e de lecture estim\u00e9e\" \/>\n\t<meta name=\"twitter:data1\" content=\"6 minutes\" \/>\n<script type=\"application\/ld+json\" class=\"yoast-schema-graph\">{\"@context\":\"https:\\\/\\\/schema.org\",\"@graph\":[{\"@type\":\"WebPage\",\"@id\":\"https:\\\/\\\/www.latmultilingual.com\\\/fr\\\/a-propos-de-nous\\\/les-causes-que-nous-soutenons\\\/\",\"url\":\"https:\\\/\\\/www.latmultilingual.com\\\/fr\\\/a-propos-de-nous\\\/les-causes-que-nous-soutenons\\\/\",\"name\":\"Ensemble pour un monde meilleur : d\u00e9couvrez les causes que nous soutenons chez LAT.\",\"isPartOf\":{\"@id\":\"https:\\\/\\\/www.latmultilingual.com\\\/fr\\\/#website\"},\"primaryImageOfPage\":{\"@id\":\"https:\\\/\\\/www.latmultilingual.com\\\/fr\\\/a-propos-de-nous\\\/les-causes-que-nous-soutenons\\\/#primaryimage\"},\"image\":{\"@id\":\"https:\\\/\\\/www.latmultilingual.com\\\/fr\\\/a-propos-de-nous\\\/les-causes-que-nous-soutenons\\\/#primaryimage\"},\"thumbnailUrl\":\"https:\\\/\\\/www.latmultilingual.com\\\/wp-content\\\/uploads\\\/2023\\\/02\\\/IR-LOGO-web-v2-1-300x157.webp\",\"datePublished\":\"2023-02-20T06:15:36+00:00\",\"dateModified\":\"2023-07-06T15:06:16+00:00\",\"description\":\"Nous nous engageons \u00e0 avoir un impact positif. D\u00e9couvrez les causes que nous soutenons.\",\"breadcrumb\":{\"@id\":\"https:\\\/\\\/www.latmultilingual.com\\\/fr\\\/a-propos-de-nous\\\/les-causes-que-nous-soutenons\\\/#breadcrumb\"},\"inLanguage\":\"fr-FR\",\"potentialAction\":[{\"@type\":\"ReadAction\",\"target\":[\"https:\\\/\\\/www.latmultilingual.com\\\/fr\\\/a-propos-de-nous\\\/les-causes-que-nous-soutenons\\\/\"]}]},{\"@type\":\"ImageObject\",\"inLanguage\":\"fr-FR\",\"@id\":\"https:\\\/\\\/www.latmultilingual.com\\\/fr\\\/a-propos-de-nous\\\/les-causes-que-nous-soutenons\\\/#primaryimage\",\"url\":\"https:\\\/\\\/www.latmultilingual.com\\\/wp-content\\\/uploads\\\/2023\\\/02\\\/IR-LOGO-web-v2-1-300x157.webp\",\"contentUrl\":\"https:\\\/\\\/www.latmultilingual.com\\\/wp-content\\\/uploads\\\/2023\\\/02\\\/IR-LOGO-web-v2-1-300x157.webp\"},{\"@type\":\"BreadcrumbList\",\"@id\":\"https:\\\/\\\/www.latmultilingual.com\\\/fr\\\/a-propos-de-nous\\\/les-causes-que-nous-soutenons\\\/#breadcrumb\",\"itemListElement\":[{\"@type\":\"ListItem\",\"position\":1,\"name\":\"Home\",\"item\":\"https:\\\/\\\/www.latmultilingual.com\\\/fr\\\/\"},{\"@type\":\"ListItem\",\"position\":2,\"name\":\"\u00c0 propos de LAT Multilingue\",\"item\":\"https:\\\/\\\/www.latmultilingual.com\\\/fr\\\/a-propos-de-nous\\\/\"},{\"@type\":\"ListItem\",\"position\":3,\"name\":\"Supported Causes\"}]},{\"@type\":\"WebSite\",\"@id\":\"https:\\\/\\\/www.latmultilingual.com\\\/fr\\\/#website\",\"url\":\"https:\\\/\\\/www.latmultilingual.com\\\/fr\\\/\",\"name\":\"LAT Multilingual\",\"description\":\"Reach New Markets with Quality Translation and Cultural Marketing Services\",\"publisher\":{\"@id\":\"https:\\\/\\\/www.latmultilingual.com\\\/fr\\\/#organization\"},\"potentialAction\":[{\"@type\":\"SearchAction\",\"target\":{\"@type\":\"EntryPoint\",\"urlTemplate\":\"https:\\\/\\\/www.latmultilingual.com\\\/fr\\\/?s={search_term_string}\"},\"query-input\":{\"@type\":\"PropertyValueSpecification\",\"valueRequired\":true,\"valueName\":\"search_term_string\"}}],\"inLanguage\":\"fr-FR\"},{\"@type\":\"Organization\",\"@id\":\"https:\\\/\\\/www.latmultilingual.com\\\/fr\\\/#organization\",\"name\":\"LAT Multilingual\",\"url\":\"https:\\\/\\\/www.latmultilingual.com\\\/fr\\\/\",\"logo\":{\"@type\":\"ImageObject\",\"inLanguage\":\"fr-FR\",\"@id\":\"https:\\\/\\\/www.latmultilingual.com\\\/fr\\\/#\\\/schema\\\/logo\\\/image\\\/\",\"url\":\"https:\\\/\\\/www.latmultilingual.com\\\/wp-content\\\/uploads\\\/2024\\\/02\\\/retina-logo-en.png\",\"contentUrl\":\"https:\\\/\\\/www.latmultilingual.com\\\/wp-content\\\/uploads\\\/2024\\\/02\\\/retina-logo-en.png\",\"width\":450,\"height\":122,\"caption\":\"LAT Multilingual\"},\"image\":{\"@id\":\"https:\\\/\\\/www.latmultilingual.com\\\/fr\\\/#\\\/schema\\\/logo\\\/image\\\/\"},\"sameAs\":[\"https:\\\/\\\/www.facebook.com\\\/LATMultilingual\\\/\",\"https:\\\/\\\/x.com\\\/LATMultilingual\",\"https:\\\/\\\/www.linkedin.com\\\/company\\\/215205\\\/admin\\\/updates\\\/\"]}]}<\/script>\n<!-- \/ Yoast SEO plugin. -->","yoast_head_json":{"title":"Ensemble pour un monde meilleur : d\u00e9couvrez les causes que nous soutenons chez LAT.","description":"Nous nous engageons \u00e0 avoir un impact positif. D\u00e9couvrez les causes que nous soutenons.","robots":{"index":"index","follow":"follow","max-snippet":"max-snippet:-1","max-image-preview":"max-image-preview:large","max-video-preview":"max-video-preview:-1"},"canonical":"https:\/\/www.latmultilingual.com\/fr\/a-propos-de-nous\/les-causes-que-nous-soutenons\/","og_locale":"fr_FR","og_type":"article","og_title":"Ensemble pour un monde meilleur : d\u00e9couvrez les causes que nous soutenons chez LAT.","og_description":"Nous nous engageons \u00e0 avoir un impact positif. D\u00e9couvrez les causes que nous soutenons.","og_url":"https:\/\/www.latmultilingual.com\/fr\/a-propos-de-nous\/les-causes-que-nous-soutenons\/","og_site_name":"LAT Multilingue Traduction et Marketing","article_publisher":"https:\/\/www.facebook.com\/LATMultilingual\/","article_modified_time":"2023-07-06T15:06:16+00:00","og_image":[{"url":"https:\/\/www.latmultilingual.com\/wp-content\/uploads\/2023\/02\/IR-LOGO-web-v2-1-300x157.webp","type":"","width":"","height":""}],"twitter_card":"summary_large_image","twitter_site":"@LATMultilingual","twitter_misc":{"Dur\u00e9e de lecture estim\u00e9e":"6 minutes"},"schema":{"@context":"https:\/\/schema.org","@graph":[{"@type":"WebPage","@id":"https:\/\/www.latmultilingual.com\/fr\/a-propos-de-nous\/les-causes-que-nous-soutenons\/","url":"https:\/\/www.latmultilingual.com\/fr\/a-propos-de-nous\/les-causes-que-nous-soutenons\/","name":"Ensemble pour un monde meilleur : d\u00e9couvrez les causes que nous soutenons chez LAT.","isPartOf":{"@id":"https:\/\/www.latmultilingual.com\/fr\/#website"},"primaryImageOfPage":{"@id":"https:\/\/www.latmultilingual.com\/fr\/a-propos-de-nous\/les-causes-que-nous-soutenons\/#primaryimage"},"image":{"@id":"https:\/\/www.latmultilingual.com\/fr\/a-propos-de-nous\/les-causes-que-nous-soutenons\/#primaryimage"},"thumbnailUrl":"https:\/\/www.latmultilingual.com\/wp-content\/uploads\/2023\/02\/IR-LOGO-web-v2-1-300x157.webp","datePublished":"2023-02-20T06:15:36+00:00","dateModified":"2023-07-06T15:06:16+00:00","description":"Nous nous engageons \u00e0 avoir un impact positif. D\u00e9couvrez les causes que nous soutenons.","breadcrumb":{"@id":"https:\/\/www.latmultilingual.com\/fr\/a-propos-de-nous\/les-causes-que-nous-soutenons\/#breadcrumb"},"inLanguage":"fr-FR","potentialAction":[{"@type":"ReadAction","target":["https:\/\/www.latmultilingual.com\/fr\/a-propos-de-nous\/les-causes-que-nous-soutenons\/"]}]},{"@type":"ImageObject","inLanguage":"fr-FR","@id":"https:\/\/www.latmultilingual.com\/fr\/a-propos-de-nous\/les-causes-que-nous-soutenons\/#primaryimage","url":"https:\/\/www.latmultilingual.com\/wp-content\/uploads\/2023\/02\/IR-LOGO-web-v2-1-300x157.webp","contentUrl":"https:\/\/www.latmultilingual.com\/wp-content\/uploads\/2023\/02\/IR-LOGO-web-v2-1-300x157.webp"},{"@type":"BreadcrumbList","@id":"https:\/\/www.latmultilingual.com\/fr\/a-propos-de-nous\/les-causes-que-nous-soutenons\/#breadcrumb","itemListElement":[{"@type":"ListItem","position":1,"name":"Home","item":"https:\/\/www.latmultilingual.com\/fr\/"},{"@type":"ListItem","position":2,"name":"\u00c0 propos de LAT Multilingue","item":"https:\/\/www.latmultilingual.com\/fr\/a-propos-de-nous\/"},{"@type":"ListItem","position":3,"name":"Supported Causes"}]},{"@type":"WebSite","@id":"https:\/\/www.latmultilingual.com\/fr\/#website","url":"https:\/\/www.latmultilingual.com\/fr\/","name":"LAT Multilingual","description":"Reach New Markets with Quality Translation and Cultural Marketing Services","publisher":{"@id":"https:\/\/www.latmultilingual.com\/fr\/#organization"},"potentialAction":[{"@type":"SearchAction","target":{"@type":"EntryPoint","urlTemplate":"https:\/\/www.latmultilingual.com\/fr\/?s={search_term_string}"},"query-input":{"@type":"PropertyValueSpecification","valueRequired":true,"valueName":"search_term_string"}}],"inLanguage":"fr-FR"},{"@type":"Organization","@id":"https:\/\/www.latmultilingual.com\/fr\/#organization","name":"LAT Multilingual","url":"https:\/\/www.latmultilingual.com\/fr\/","logo":{"@type":"ImageObject","inLanguage":"fr-FR","@id":"https:\/\/www.latmultilingual.com\/fr\/#\/schema\/logo\/image\/","url":"https:\/\/www.latmultilingual.com\/wp-content\/uploads\/2024\/02\/retina-logo-en.png","contentUrl":"https:\/\/www.latmultilingual.com\/wp-content\/uploads\/2024\/02\/retina-logo-en.png","width":450,"height":122,"caption":"LAT Multilingual"},"image":{"@id":"https:\/\/www.latmultilingual.com\/fr\/#\/schema\/logo\/image\/"},"sameAs":["https:\/\/www.facebook.com\/LATMultilingual\/","https:\/\/x.com\/LATMultilingual","https:\/\/www.linkedin.com\/company\/215205\/admin\/updates\/"]}]}},"_links":{"self":[{"href":"https:\/\/www.latmultilingual.com\/fr\/wp-json\/wp\/v2\/pages\/26920","targetHints":{"allow":["GET"]}}],"collection":[{"href":"https:\/\/www.latmultilingual.com\/fr\/wp-json\/wp\/v2\/pages"}],"about":[{"href":"https:\/\/www.latmultilingual.com\/fr\/wp-json\/wp\/v2\/types\/page"}],"author":[{"embeddable":true,"href":"https:\/\/www.latmultilingual.com\/fr\/wp-json\/wp\/v2\/users\/80"}],"replies":[{"embeddable":true,"href":"https:\/\/www.latmultilingual.com\/fr\/wp-json\/wp\/v2\/comments?post=26920"}],"version-history":[{"count":0,"href":"https:\/\/www.latmultilingual.com\/fr\/wp-json\/wp\/v2\/pages\/26920\/revisions"}],"up":[{"embeddable":true,"href":"https:\/\/www.latmultilingual.com\/fr\/wp-json\/wp\/v2\/pages\/9131"}],"wp:attachment":[{"href":"https:\/\/www.latmultilingual.com\/fr\/wp-json\/wp\/v2\/media?parent=26920"}],"curies":[{"name":"wp","href":"https:\/\/api.w.org\/{rel}","templated":true}]}}