{"id":26899,"date":"2023-02-22T15:20:40","date_gmt":"2023-02-22T23:20:40","guid":{"rendered":"https:\/\/www.latmultilingual.com\/ethical-translation\/"},"modified":"2023-02-22T15:58:59","modified_gmt":"2023-02-22T23:58:59","slug":"ethical-translation","status":"publish","type":"page","link":"https:\/\/www.latmultilingual.com\/fr\/ethical-translation\/","title":{"rendered":"Traduction \u00e9thique"},"content":{"rendered":"<div class=\"fusion-fullwidth fullwidth-box fusion-builder-row-1 fusion-flex-container nonhundred-percent-fullwidth non-hundred-percent-height-scrolling\" style=\"--awb-border-radius-top-left:0px;--awb-border-radius-top-right:0px;--awb-border-radius-bottom-right:0px;--awb-border-radius-bottom-left:0px;--awb-flex-wrap:wrap;\" ><div class=\"fusion-builder-row fusion-row fusion-flex-align-items-flex-start fusion-flex-content-wrap\" style=\"max-width:1248px;margin-left: calc(-4% \/ 2 );margin-right: calc(-4% \/ 2 );\"><div class=\"fusion-layout-column fusion_builder_column fusion-builder-column-0 fusion_builder_column_1_1 1_1 fusion-flex-column\" style=\"--awb-bg-size:cover;--awb-width-large:100%;--awb-margin-top-large:0px;--awb-spacing-right-large:1.92%;--awb-margin-bottom-large:0px;--awb-spacing-left-large:1.92%;--awb-width-medium:100%;--awb-order-medium:0;--awb-spacing-right-medium:1.92%;--awb-spacing-left-medium:1.92%;--awb-width-small:100%;--awb-order-small:0;--awb-spacing-right-small:1.92%;--awb-spacing-left-small:1.92%;\"><div class=\"fusion-column-wrapper fusion-column-has-shadow fusion-flex-justify-content-flex-start fusion-content-layout-column\"><div class=\"fusion-text fusion-text-1\"><p class=\"title-heading-left\">Chez LAT Multilingue, nous croyons que la <span class=\"s2\">traduction \u00e9thique <\/span>est un aspect crucial non seulement de notre responsabilit\u00e9 professionnelle, mais aussi du succ\u00e8s de notre entreprise. Nous comprenons l\u2019importance de <a href=\"https:\/\/www.latmultilingual.com\/fr\/services-de-traduction\/\"><span class=\"s4\">traductions<\/span><\/a> pr\u00e9cises et adapt\u00e9es au contexte culturel. Nous collaborons avec des traducteurs qui travaillent dans leur langue maternelle et qui sont \u00e9tablis dans le march\u00e9. Ils poss\u00e8dent ainsi des connaissances approfondies de la culture et des nuances de la langue du public cible.<\/p>\n<\/div><div class=\"fusion-text fusion-text-2\"><h2 class=\"s7\"><span class=\"s6\">En quoi consiste la traduction \u00e9thique au juste?<\/span><\/h2>\n<p class=\"s5\">La traduction \u00e9thique exige de veiller \u00e0 ce que tous les textes rendus soient pr\u00e9cis, adapt\u00e9s \u00e0 la culture, inclusifs et respectueux. Nous mettons \u00e9galement l\u2019accent sur l\u2019importance de la protection de la confidentialit\u00e9 et des donn\u00e9es de nature d\u00e9licate.<\/p>\n<p class=\"s5\">LAT Multilingue offre des services de traduction \u00e9thique en respectant les \u00e9l\u00e9ments suivants\u00a0:<\/p>\n<div class=\"s9\"><span style=\"color: #000000;\"><span class=\"s8\">\u25cf <\/span>Offrir des salaires \u00e9quitables aux employ\u00e9s.<\/span><\/div>\n<div class=\"s9\"><span style=\"color: #000000;\"><span class=\"s8\">\u25cf <\/span>Payer des taux viables aux linguistes pigistes.<\/span><\/div>\n<div class=\"s9\"><span style=\"color: #000000;\"><span class=\"s8\">\u25cf <\/span>Promouvoir un environnement de travail respectueux.<\/span><\/div>\n<div class=\"s9\"><span style=\"color: #000000;\"><span class=\"s8\">\u25cf <\/span>Assurer le principe d\u2019\u00e9galit\u00e9 des chances pour tous dans un milieu inclusif.<\/span><\/div>\n<div class=\"s9\"><span style=\"color: #000000;\"><span class=\"s8\">\u25cf <\/span>\u00catre transparents et honn\u00eates au sujet de notre travail.<\/span><\/div>\n<div class=\"s10\"><span style=\"color: #000000;\"><span class=\"s8\">\u25cf <\/span>Offrir une expertise et une aide culturelles afin d\u2019\u00e9viter les malentendus.<\/span><\/div>\n<p>&nbsp;<\/p>\n<p class=\"s5\">Nous croyons que la cl\u00e9 des relations humaines repose sur la communication. Nous souhaitons avoir un impact positif sur la soci\u00e9t\u00e9 en favorisant la confiance et la compr\u00e9hension entre les diff\u00e9rentes cultures et communaut\u00e9s. Ces efforts commencent par un traitement \u00e9quitable et respectueux de chacun. Nous sommes fiers d\u2019\u00eatre une <span class=\"s2\">entreprise de localisation et de traduction \u00e9thiques<\/span> qui offre des occasions pour la prochaine g\u00e9n\u00e9ration de traducteurs d\u2019entrer dans le secteur de mani\u00e8re s\u00fbre et inclusive. Nous nous effor\u00e7ons constamment d\u2019am\u00e9liorer notre <a href=\"https:\/\/www.latmultilingual.com\/fr\/a-propos-de-nous\/lat-multilingual-sustainability-policy\/\"><span class=\"s4\">performance sociale et environnementale<\/span><\/a>.<\/p>\n<\/div><div class=\"fusion-text fusion-text-3\"><h2 class=\"s7\"><span class=\"s6\">Pourquoi l\u2019\u00e9thique importe-t-elle \u00e0 LAT Multilingue lors de la localisation de votre contenu marketing?<\/span><\/h2>\n<p class=\"s5\">L\u2019\u00e9thique et la responsabilit\u00e9 environnementale ne s\u2019appliquent pas seulement aux biens manufactur\u00e9s, mais aussi aux services professionnels. Les entreprises doivent tenir compte de leur impact sur l\u2019environnement et des valeurs qu\u2019elles d\u00e9fendent, comme la <a href=\"https:\/\/www.latmultilingual.com\/fr\/blog\/category\/diversity-fr\/\"><span class=\"s4\">diversit\u00e9, l\u2019\u00e9quit\u00e9 et l\u2019inclusion<\/span><\/a>.<\/p>\n<p>Si vous cherchez un fournisseur de services de traduction qui partage vos valeurs, choisissez LAT. Notre milieu de travail refl\u00e8te nos croyances et nous pr\u00eachons par l\u2019exemple.<\/p>\n<p class=\"s5\">Nos traducteurs professionnels sont des experts d\u2019une multitude de domaines, dont <a href=\"https:\/\/www.latmultilingual.com\/fr\/realisations\/?_categories=voyage-tourisme-et-hebergement\"><span class=\"s4\">l\u2019h\u00e9bergement<\/span><\/a>, <a href=\"https:\/\/www.latmultilingual.com\/fr\/realisations\/?_categories=sante-et-bien-etre\"><span class=\"s4\">la sant\u00e9 et le bien-\u00eatre<\/span><\/a>, l\u2019ing\u00e9nierie, <a href=\"https:\/\/www.latmultilingual.com\/fr\/realisations\/?_categories=aliments-et-boissons\"><span class=\"s4\">les aliments et les boissons<\/span><\/a>, le tourisme, <a href=\"https:\/\/www.latmultilingual.com\/fr\/realisations\/?_categories=automobile-fr\"><span class=\"s4\">le d\u00e9tail<\/span><\/a> et plus encore. Nous sommes d\u00e9termin\u00e9s \u00e0 fournir des traductions pr\u00e9cises et adapt\u00e9es \u00e0 la culture. Nos traducteurs respectent des obligations de confidentialit\u00e9 strictes ainsi que le <a href=\"https:\/\/fit-ift.org\/translators-charter\/\"><span class=\"s4\">code de d\u00e9ontologie<\/span><\/a> de leur profession. Nous utilisons des m\u00e9thodes s\u00e9curis\u00e9es pour transmettre et stocker des documents en prot\u00e9geant la confidentialit\u00e9 de nos clients.\u200b<\/p>\n<p class=\"s5\">Chaque document sur lequel LAT travaille passe par <span class=\"s2\">trois <\/span>processus minutieux avant d\u2019\u00eatre renvoy\u00e9 au client\u00a0: 1) la traduction, 2) la r\u00e9vision et 3) l\u2019assurance de la qualit\u00e9. Nous croyons qu\u2019aucune machine ne peut remplacer la <span class=\"s2\">finesse de la compr\u00e9hension humaine<\/span>. Cependant, bien que nous attachions de l\u2019importance \u00e0 la touche humaine, nous veillons \u00e0 utiliser des outils et des technologies de pointe pour soutenir les efforts de <span class=\"s2\">traduction efficaces et de haute qualit\u00e9<\/span> de notre \u00e9quipe. Nous savons faire preuve de jugement et nous utilisons des outils pour soutenir nos professionnels, et non le contraire.<\/p>\n<p class=\"s5\">En plus de notre engagement en faveur d\u2019un processus de traduction \u00e9thique, nous offrons un service \u00e0 la client\u00e8le impeccable tout en offrant des prix concurrentiels.<\/p>\n<\/div><div class=\"fusion-text fusion-text-4\"><h2 class=\"s7\"><span class=\"s6\">Pourquoi l\u2019\u00e9thique devrait-elle importer \u00e0 votre entreprise?<\/span><\/h2>\n<p class=\"s5\">Alors que les entreprises sont pouss\u00e9es \u00e0 \u00eatre comp\u00e9titives \u00e0 l\u2019\u00e9chelle mondiale, leurs budgets peuvent devenir serr\u00e9s. Choisir le bon partenaire en localisation peut \u00e9viter des erreurs co\u00fbteuses. Il vous faut donc trouver un partenaire qui <span class=\"s2\">comprend les nuances culturelles<\/span>, qui \u00e9vite le langage possiblement offensant et qui prot\u00e8ge votre marque en veillant \u00e0 ce que votre message soit traduit sans ambigu\u00eft\u00e9 ni faux pas.<\/p>\n<h2 class=\"s7\"><span class=\"s6\">Reconnaissance des droits territoriaux<\/span><\/h2>\n<p class=\"s5\">LAT Multilingue reconna\u00eet que ses bureaux de Vancouver, de Toronto et de Montr\u00e9al sont situ\u00e9s sur les territoires traditionnels des Salish de la C\u00f4te, des Hurons-Wendats, des Anishinab\u00e9s, des Kanien\u2019keh\u00e0:ka, des Mississaugas de Credit et des Algonquins, ainsi que de la Conf\u00e9d\u00e9ration Haudenosaunee.<\/p>\n<p class=\"s5\">Nous <span class=\"s2\">reconnaissons et nous honorons<\/span> les peuples autochtones qui ont fait de ces terres leur foyer depuis des milliers d\u2019ann\u00e9es.<\/p>\n<p class=\"s5\">Choisissez un partenaire qui partage vos valeurs. <a href=\"https:\/\/www.latmultilingual.com\/fr\/nous-joindre\/\"><span class=\"s4\">Communiquez avec nous<\/span><\/a> aujourd\u2019hui pour de plus amples renseignements.<\/p>\n<\/div><\/div><\/div><\/div><\/div>\n","protected":false},"excerpt":{"rendered":"","protected":false},"author":29,"featured_media":0,"parent":0,"menu_order":0,"comment_status":"closed","ping_status":"closed","template":"","meta":{"_acf_changed":false,"footnotes":""},"class_list":["post-26899","page","type-page","status-publish","hentry"],"acf":[],"yoast_head":"<!-- This site is optimized with the Yoast SEO plugin v27.2 - https:\/\/yoast.com\/product\/yoast-seo-wordpress\/ -->\n<title>Services de traduction \u00e9thique et professionnelle de LAT<\/title>\n<meta name=\"description\" content=\"Obtenez des services de traduction \u00e9thique de qualit\u00e9 avec l\u2019\u00e9quipe d\u2019experts de LAT Multilingue. Demandez un devis d\u00e8s aujourd\u2019hui!\" \/>\n<meta name=\"robots\" content=\"index, follow, max-snippet:-1, max-image-preview:large, max-video-preview:-1\" \/>\n<link rel=\"canonical\" href=\"https:\/\/www.latmultilingual.com\/fr\/ethical-translation\/\" \/>\n<meta property=\"og:locale\" content=\"fr_FR\" \/>\n<meta property=\"og:type\" content=\"article\" \/>\n<meta property=\"og:title\" content=\"Services de traduction \u00e9thique et professionnelle de LAT\" \/>\n<meta property=\"og:description\" content=\"Obtenez des services de traduction \u00e9thique de qualit\u00e9 avec l\u2019\u00e9quipe d\u2019experts de LAT Multilingue. Demandez un devis d\u00e8s aujourd\u2019hui!\" \/>\n<meta property=\"og:url\" content=\"https:\/\/www.latmultilingual.com\/fr\/ethical-translation\/\" \/>\n<meta property=\"og:site_name\" content=\"LAT Multilingue Traduction et Marketing\" \/>\n<meta property=\"article:publisher\" content=\"https:\/\/www.facebook.com\/LATMultilingual\/\" \/>\n<meta property=\"article:modified_time\" content=\"2023-02-22T23:58:59+00:00\" \/>\n<meta name=\"twitter:card\" content=\"summary_large_image\" \/>\n<meta name=\"twitter:site\" content=\"@LATMultilingual\" \/>\n<meta name=\"twitter:label1\" content=\"Dur\u00e9e de lecture estim\u00e9e\" \/>\n\t<meta name=\"twitter:data1\" content=\"5 minutes\" \/>\n<script type=\"application\/ld+json\" class=\"yoast-schema-graph\">{\"@context\":\"https:\/\/schema.org\",\"@graph\":[{\"@type\":\"WebPage\",\"@id\":\"https:\/\/www.latmultilingual.com\/fr\/ethical-translation\/\",\"url\":\"https:\/\/www.latmultilingual.com\/fr\/ethical-translation\/\",\"name\":\"Services de traduction \u00e9thique et professionnelle de LAT\",\"isPartOf\":{\"@id\":\"https:\/\/www.latmultilingual.com\/fr\/#website\"},\"datePublished\":\"2023-02-22T23:20:40+00:00\",\"dateModified\":\"2023-02-22T23:58:59+00:00\",\"description\":\"Obtenez des services de traduction \u00e9thique de qualit\u00e9 avec l\u2019\u00e9quipe d\u2019experts de LAT Multilingue. Demandez un devis d\u00e8s aujourd\u2019hui!\",\"breadcrumb\":{\"@id\":\"https:\/\/www.latmultilingual.com\/fr\/ethical-translation\/#breadcrumb\"},\"inLanguage\":\"fr-FR\",\"potentialAction\":[{\"@type\":\"ReadAction\",\"target\":[\"https:\/\/www.latmultilingual.com\/fr\/ethical-translation\/\"]}]},{\"@type\":\"BreadcrumbList\",\"@id\":\"https:\/\/www.latmultilingual.com\/fr\/ethical-translation\/#breadcrumb\",\"itemListElement\":[{\"@type\":\"ListItem\",\"position\":1,\"name\":\"Home\",\"item\":\"https:\/\/www.latmultilingual.com\/fr\/\"},{\"@type\":\"ListItem\",\"position\":2,\"name\":\"Traduction \u00e9thique\"}]},{\"@type\":\"WebSite\",\"@id\":\"https:\/\/www.latmultilingual.com\/fr\/#website\",\"url\":\"https:\/\/www.latmultilingual.com\/fr\/\",\"name\":\"LAT Multilingual\",\"description\":\"Reach New Markets with Quality Translation and Cultural Marketing Services\",\"publisher\":{\"@id\":\"https:\/\/www.latmultilingual.com\/fr\/#organization\"},\"potentialAction\":[{\"@type\":\"SearchAction\",\"target\":{\"@type\":\"EntryPoint\",\"urlTemplate\":\"https:\/\/www.latmultilingual.com\/fr\/?s={search_term_string}\"},\"query-input\":{\"@type\":\"PropertyValueSpecification\",\"valueRequired\":true,\"valueName\":\"search_term_string\"}}],\"inLanguage\":\"fr-FR\"},{\"@type\":\"Organization\",\"@id\":\"https:\/\/www.latmultilingual.com\/fr\/#organization\",\"name\":\"LAT Multilingual\",\"url\":\"https:\/\/www.latmultilingual.com\/fr\/\",\"logo\":{\"@type\":\"ImageObject\",\"inLanguage\":\"fr-FR\",\"@id\":\"https:\/\/www.latmultilingual.com\/fr\/#\/schema\/logo\/image\/\",\"url\":\"https:\/\/www.latmultilingual.com\/wp-content\/uploads\/2024\/02\/retina-logo-en.png\",\"contentUrl\":\"https:\/\/www.latmultilingual.com\/wp-content\/uploads\/2024\/02\/retina-logo-en.png\",\"width\":450,\"height\":122,\"caption\":\"LAT Multilingual\"},\"image\":{\"@id\":\"https:\/\/www.latmultilingual.com\/fr\/#\/schema\/logo\/image\/\"},\"sameAs\":[\"https:\/\/www.facebook.com\/LATMultilingual\/\",\"https:\/\/x.com\/LATMultilingual\",\"https:\/\/www.linkedin.com\/company\/215205\/admin\/updates\/\"]}]}<\/script>\n<!-- \/ Yoast SEO plugin. -->","yoast_head_json":{"title":"Services de traduction \u00e9thique et professionnelle de LAT","description":"Obtenez des services de traduction \u00e9thique de qualit\u00e9 avec l\u2019\u00e9quipe d\u2019experts de LAT Multilingue. Demandez un devis d\u00e8s aujourd\u2019hui!","robots":{"index":"index","follow":"follow","max-snippet":"max-snippet:-1","max-image-preview":"max-image-preview:large","max-video-preview":"max-video-preview:-1"},"canonical":"https:\/\/www.latmultilingual.com\/fr\/ethical-translation\/","og_locale":"fr_FR","og_type":"article","og_title":"Services de traduction \u00e9thique et professionnelle de LAT","og_description":"Obtenez des services de traduction \u00e9thique de qualit\u00e9 avec l\u2019\u00e9quipe d\u2019experts de LAT Multilingue. Demandez un devis d\u00e8s aujourd\u2019hui!","og_url":"https:\/\/www.latmultilingual.com\/fr\/ethical-translation\/","og_site_name":"LAT Multilingue Traduction et Marketing","article_publisher":"https:\/\/www.facebook.com\/LATMultilingual\/","article_modified_time":"2023-02-22T23:58:59+00:00","twitter_card":"summary_large_image","twitter_site":"@LATMultilingual","twitter_misc":{"Dur\u00e9e de lecture estim\u00e9e":"5 minutes"},"schema":{"@context":"https:\/\/schema.org","@graph":[{"@type":"WebPage","@id":"https:\/\/www.latmultilingual.com\/fr\/ethical-translation\/","url":"https:\/\/www.latmultilingual.com\/fr\/ethical-translation\/","name":"Services de traduction \u00e9thique et professionnelle de LAT","isPartOf":{"@id":"https:\/\/www.latmultilingual.com\/fr\/#website"},"datePublished":"2023-02-22T23:20:40+00:00","dateModified":"2023-02-22T23:58:59+00:00","description":"Obtenez des services de traduction \u00e9thique de qualit\u00e9 avec l\u2019\u00e9quipe d\u2019experts de LAT Multilingue. Demandez un devis d\u00e8s aujourd\u2019hui!","breadcrumb":{"@id":"https:\/\/www.latmultilingual.com\/fr\/ethical-translation\/#breadcrumb"},"inLanguage":"fr-FR","potentialAction":[{"@type":"ReadAction","target":["https:\/\/www.latmultilingual.com\/fr\/ethical-translation\/"]}]},{"@type":"BreadcrumbList","@id":"https:\/\/www.latmultilingual.com\/fr\/ethical-translation\/#breadcrumb","itemListElement":[{"@type":"ListItem","position":1,"name":"Home","item":"https:\/\/www.latmultilingual.com\/fr\/"},{"@type":"ListItem","position":2,"name":"Traduction \u00e9thique"}]},{"@type":"WebSite","@id":"https:\/\/www.latmultilingual.com\/fr\/#website","url":"https:\/\/www.latmultilingual.com\/fr\/","name":"LAT Multilingual","description":"Reach New Markets with Quality Translation and Cultural Marketing Services","publisher":{"@id":"https:\/\/www.latmultilingual.com\/fr\/#organization"},"potentialAction":[{"@type":"SearchAction","target":{"@type":"EntryPoint","urlTemplate":"https:\/\/www.latmultilingual.com\/fr\/?s={search_term_string}"},"query-input":{"@type":"PropertyValueSpecification","valueRequired":true,"valueName":"search_term_string"}}],"inLanguage":"fr-FR"},{"@type":"Organization","@id":"https:\/\/www.latmultilingual.com\/fr\/#organization","name":"LAT Multilingual","url":"https:\/\/www.latmultilingual.com\/fr\/","logo":{"@type":"ImageObject","inLanguage":"fr-FR","@id":"https:\/\/www.latmultilingual.com\/fr\/#\/schema\/logo\/image\/","url":"https:\/\/www.latmultilingual.com\/wp-content\/uploads\/2024\/02\/retina-logo-en.png","contentUrl":"https:\/\/www.latmultilingual.com\/wp-content\/uploads\/2024\/02\/retina-logo-en.png","width":450,"height":122,"caption":"LAT Multilingual"},"image":{"@id":"https:\/\/www.latmultilingual.com\/fr\/#\/schema\/logo\/image\/"},"sameAs":["https:\/\/www.facebook.com\/LATMultilingual\/","https:\/\/x.com\/LATMultilingual","https:\/\/www.linkedin.com\/company\/215205\/admin\/updates\/"]}]}},"_links":{"self":[{"href":"https:\/\/www.latmultilingual.com\/fr\/wp-json\/wp\/v2\/pages\/26899","targetHints":{"allow":["GET"]}}],"collection":[{"href":"https:\/\/www.latmultilingual.com\/fr\/wp-json\/wp\/v2\/pages"}],"about":[{"href":"https:\/\/www.latmultilingual.com\/fr\/wp-json\/wp\/v2\/types\/page"}],"author":[{"embeddable":true,"href":"https:\/\/www.latmultilingual.com\/fr\/wp-json\/wp\/v2\/users\/29"}],"replies":[{"embeddable":true,"href":"https:\/\/www.latmultilingual.com\/fr\/wp-json\/wp\/v2\/comments?post=26899"}],"version-history":[{"count":0,"href":"https:\/\/www.latmultilingual.com\/fr\/wp-json\/wp\/v2\/pages\/26899\/revisions"}],"wp:attachment":[{"href":"https:\/\/www.latmultilingual.com\/fr\/wp-json\/wp\/v2\/media?parent=26899"}],"curies":[{"name":"wp","href":"https:\/\/api.w.org\/{rel}","templated":true}]}}