{"id":26795,"date":"2023-01-27T12:29:39","date_gmt":"2023-01-27T20:29:39","guid":{"rendered":"https:\/\/www.latmultilingual.com\/?page_id=26795"},"modified":"2023-03-13T09:12:30","modified_gmt":"2023-03-13T16:12:30","slug":"services-de-referencement-naturel","status":"publish","type":"page","link":"https:\/\/www.latmultilingual.com\/fr\/services-de-referencement-naturel\/","title":{"rendered":"Services de r\u00e9f\u00e9rencement naturel"},"content":{"rendered":"<div class=\"fusion-fullwidth fullwidth-box fusion-builder-row-1 grey-section nonhundred-percent-fullwidth non-hundred-percent-height-scrolling\" style=\"--awb-border-radius-top-left:0px;--awb-border-radius-top-right:0px;--awb-border-radius-bottom-right:0px;--awb-border-radius-bottom-left:0px;--awb-flex-wrap:wrap;\" ><div class=\"fusion-builder-row fusion-row\"><div class=\"fusion-layout-column fusion_builder_column fusion-builder-column-0 fusion_builder_column_3_4 3_4 fusion-three-fourth fusion-column-first\" style=\"--awb-bg-size:cover;width:75%;width:calc(75% - ( ( 4% ) * 0.75 ) );margin-right: 4%;\"><div class=\"fusion-column-wrapper fusion-column-has-shadow fusion-flex-column-wrapper-legacy\"><div class=\"fusion-title title fusion-title-1 fusion-sep-none fusion-title-text fusion-title-size-one\"><h1 class=\"fusion-title-heading title-heading-left\" style=\"margin:0;\"><h2>Augmentez votre nombre de visiteurs gr\u00e2ce aux services de r\u00e9f\u00e9rencement de LAT<\/h2><\/h1><\/div><div class=\"fusion-text fusion-text-1\"><p class=\"p2\">Que vous traduisiez votre site Web pour respecter la r\u00e9glementation linguistique du Qu\u00e9bec ou pour percer de nouveaux march\u00e9s, les moteurs de recherche ont besoin d\u2019un peu d\u2019aide pour diriger les visiteurs vers votre site. Les services de r\u00e9f\u00e9rencement de LAT font en sorte d\u2019adapter parfaitement votre site pour attirer votre public cible. Notre \u00e9quipe d\u2019experts travaillera de pr\u00e8s avec vous et s\u2019assurera que vous utilisez les bons mots-cl\u00e9s dans les langues source et cible. Il faut quand m\u00eame savoir que le r\u00e9f\u00e9rencement ne se limite pas \u00e0 l\u2019utilisation des bons mots-cl\u00e9s.<\/p>\n<\/div><div class=\"fusion-text fusion-text-2\"><h3 class=\"p2\">Trucs et astuces de r\u00e9f\u00e9rencement<\/h3>\n<p class=\"p2\">En plus de cerner les termes les plus couramment recherch\u00e9s par votre public cible, l\u2019\u00e9quipe des services de r\u00e9f\u00e9rencement de LAT dispose de plusieurs autres moyens pour aider les moteurs de recherche comme Google (ou Baidu) \u00e0 vous trouver. Nous veillons \u00e0 la localisation de votre texte de remplacement, \u00e0 l\u2019\u00e9tiquetage de vos images, \u00e0 l\u2019optimisation de vos textes (H1 et H2) et bien plus encore. Nous pouvons \u00e9galement faire des recommandations pour votre strat\u00e9gie de communication avec les m\u00e9dias et votre strat\u00e9gie sociale, afin de mieux communiquer avec votre public dans sa propre langue et sur les plateformes qu\u2019il pr\u00e9f\u00e8re.<\/p>\n<\/div><div class=\"fusion-button-wrapper\"><a class=\"fusion-button button-flat button-large button-default fusion-button-default button-1 fusion-button-default-span fusion-button-default-type\" target=\"_self\" href=\"https:\/\/www.latmultilingual.com\/fr\/obtenez-un-devis\/\"><span class=\"fusion-button-text\">Demander un devis<\/span><\/a><\/div><div class=\"fusion-text fusion-text-3\"><p><img class=\"lazyload\" decoding=\"async\" style=\"width: 100px; height: 100px; border-radius: 50%;\" src=\"data:image\/svg+xml,%3Csvg%20xmlns%3D%27http%3A%2F%2Fwww.w3.org%2F2000%2Fsvg%27%20width%3D%27200%27%20height%3D%27197%27%20viewBox%3D%270%200%20200%20197%27%3E%3Crect%20width%3D%27200%27%20height%3D%27197%27%20fill-opacity%3D%220%22%2F%3E%3C%2Fsvg%3E\" data-orig-src=\"https:\/\/www.latmultilingual.com\/wp-content\/uploads\/2022\/12\/amel-mehenaoui-id-1-200x197.jpg\" \/><\/p>\n<h2 class=\"p2\">Voici notre experte en r\u00e9f\u00e9rencement<\/h2>\n<p>Amel Mehenaoui est la responsable du r\u00e9f\u00e9rencement chez LAT, o\u00f9 elle travaille de pr\u00e8s avec les \u00e9quipes de traduc\udbc0\udd9fon et de marke\udbc0\udd9fng pour op\udbc0\udd9fmiser le trafic vers les sites, peu importe la langue.<\/p>\n<p>Comme elle a habit\u00e9 \u00e0 Montr\u00e9al pendant 20 ans, elle a une connaissance approfondie du march\u00e9 canadien et ma\u00eetrise l\u2019anglais, le fran\u00e7ais et l\u2019arabe. Dans son poste chez LAT, Amel travaille avec les traducteurs pour s\u2019assurer que les mots-cl\u00e9s, les \u00e9\udbc0\udd9fquetes, les en-t\u00eates H1 et H2 et les autres \u00e9l\u00e9ments importants soient bien localis\u00e9s pour les publics cibles.<\/p>\n<h2 class=\"p2\">\u00a0<\/h2>\n<p>&nbsp;<\/p>\n<\/div><div class=\"fusion-clearfix\"><\/div><\/div><\/div><div class=\"fusion-layout-column fusion_builder_column fusion-builder-column-1 fusion_builder_column_1_4 1_4 fusion-one-fourth fusion-column-last\" style=\"--awb-bg-size:cover;width:25%;width:calc(25% - ( ( 4% ) * 0.25 ) );\"><div class=\"fusion-column-wrapper fusion-column-has-shadow fusion-flex-column-wrapper-legacy\"><div class=\"fusion-image-element in-legacy-container\" style=\"--awb-caption-title-font-family:var(--h2_typography-font-family);--awb-caption-title-font-weight:var(--h2_typography-font-weight);--awb-caption-title-font-style:var(--h2_typography-font-style);--awb-caption-title-size:var(--h2_typography-font-size);--awb-caption-title-transform:var(--h2_typography-text-transform);--awb-caption-title-line-height:var(--h2_typography-line-height);--awb-caption-title-letter-spacing:var(--h2_typography-letter-spacing);\"><span class=\" fusion-imageframe imageframe-none imageframe-1 hover-type-none\"><img decoding=\"async\" width=\"1333\" height=\"2000\" title=\"ff\" src=\"https:\/\/www.latmultilingual.com\/wp-content\/uploads\/2022\/12\/ff.jpg\" data-orig-src=\"https:\/\/www.latmultilingual.com\/wp-content\/uploads\/2022\/12\/ff.jpg\" alt class=\"lazyload img-responsive wp-image-26659\" srcset=\"data:image\/svg+xml,%3Csvg%20xmlns%3D%27http%3A%2F%2Fwww.w3.org%2F2000%2Fsvg%27%20width%3D%271333%27%20height%3D%272000%27%20viewBox%3D%270%200%201333%202000%27%3E%3Crect%20width%3D%271333%27%20height%3D%272000%27%20fill-opacity%3D%220%22%2F%3E%3C%2Fsvg%3E\" data-srcset=\"https:\/\/www.latmultilingual.com\/wp-content\/uploads\/2022\/12\/ff-200x300.jpg 200w, https:\/\/www.latmultilingual.com\/wp-content\/uploads\/2022\/12\/ff-400x600.jpg 400w, https:\/\/www.latmultilingual.com\/wp-content\/uploads\/2022\/12\/ff-600x900.jpg 600w, https:\/\/www.latmultilingual.com\/wp-content\/uploads\/2022\/12\/ff-800x1200.jpg 800w, https:\/\/www.latmultilingual.com\/wp-content\/uploads\/2022\/12\/ff-1200x1800.jpg 1200w, https:\/\/www.latmultilingual.com\/wp-content\/uploads\/2022\/12\/ff.jpg 1333w\" data-sizes=\"auto\" data-orig-sizes=\"(max-width: 800px) 100vw, 400px\" \/><\/span><\/div><div class=\"fusion-clearfix\"><\/div><\/div><\/div><\/div><\/div>\n","protected":false},"excerpt":{"rendered":"","protected":false},"author":29,"featured_media":0,"parent":0,"menu_order":0,"comment_status":"open","ping_status":"closed","template":"100-width.php","meta":{"_acf_changed":false,"footnotes":""},"class_list":["post-26795","page","type-page","status-publish","hentry"],"acf":[],"yoast_head":"<!-- This site is optimized with the Yoast SEO plugin v27.2 - https:\/\/yoast.com\/product\/yoast-seo-wordpress\/ -->\n<title>Services de r\u00e9f\u00e9rencement naturel - LAT Multilingue Traduction et Marketing<\/title>\n<meta name=\"description\" content=\"services de r\u00e9f\u00e9rencement de LAT font en sorte d\u2019adapter parfaitement votre site pour attirer votre public cible.\" \/>\n<meta name=\"robots\" content=\"index, follow, max-snippet:-1, max-image-preview:large, max-video-preview:-1\" \/>\n<link rel=\"canonical\" href=\"https:\/\/www.latmultilingual.com\/fr\/services-de-referencement-naturel\/\" \/>\n<meta property=\"og:locale\" content=\"fr_FR\" \/>\n<meta property=\"og:type\" content=\"article\" \/>\n<meta property=\"og:title\" content=\"Services de r\u00e9f\u00e9rencement naturel - LAT Multilingue Traduction et Marketing\" \/>\n<meta property=\"og:description\" content=\"services de r\u00e9f\u00e9rencement de LAT font en sorte d\u2019adapter parfaitement votre site pour attirer votre public cible.\" \/>\n<meta property=\"og:url\" content=\"https:\/\/www.latmultilingual.com\/fr\/services-de-referencement-naturel\/\" \/>\n<meta property=\"og:site_name\" content=\"LAT Multilingue Traduction et Marketing\" \/>\n<meta property=\"article:publisher\" content=\"https:\/\/www.facebook.com\/LATMultilingual\/\" \/>\n<meta property=\"article:modified_time\" content=\"2023-03-13T16:12:30+00:00\" \/>\n<meta property=\"og:image\" content=\"https:\/\/www.latmultilingual.com\/wp-content\/uploads\/2022\/12\/amel-mehenaoui-id-1-200x197.jpg\" \/>\n<meta name=\"twitter:card\" content=\"summary_large_image\" \/>\n<meta name=\"twitter:site\" content=\"@LATMultilingual\" \/>\n<meta name=\"twitter:label1\" content=\"Dur\u00e9e de lecture estim\u00e9e\" \/>\n\t<meta name=\"twitter:data1\" content=\"4 minutes\" \/>\n<script type=\"application\/ld+json\" class=\"yoast-schema-graph\">{\"@context\":\"https:\/\/schema.org\",\"@graph\":[{\"@type\":\"WebPage\",\"@id\":\"https:\/\/www.latmultilingual.com\/fr\/services-de-referencement-naturel\/\",\"url\":\"https:\/\/www.latmultilingual.com\/fr\/services-de-referencement-naturel\/\",\"name\":\"Services de r\u00e9f\u00e9rencement naturel - LAT Multilingue Traduction et Marketing\",\"isPartOf\":{\"@id\":\"https:\/\/www.latmultilingual.com\/fr\/#website\"},\"primaryImageOfPage\":{\"@id\":\"https:\/\/www.latmultilingual.com\/fr\/services-de-referencement-naturel\/#primaryimage\"},\"image\":{\"@id\":\"https:\/\/www.latmultilingual.com\/fr\/services-de-referencement-naturel\/#primaryimage\"},\"thumbnailUrl\":\"https:\/\/www.latmultilingual.com\/wp-content\/uploads\/2022\/12\/amel-mehenaoui-id-1-200x197.jpg\",\"datePublished\":\"2023-01-27T20:29:39+00:00\",\"dateModified\":\"2023-03-13T16:12:30+00:00\",\"description\":\"services de r\u00e9f\u00e9rencement de LAT font en sorte d\u2019adapter parfaitement votre site pour attirer votre public cible.\",\"breadcrumb\":{\"@id\":\"https:\/\/www.latmultilingual.com\/fr\/services-de-referencement-naturel\/#breadcrumb\"},\"inLanguage\":\"fr-FR\",\"potentialAction\":[{\"@type\":\"ReadAction\",\"target\":[\"https:\/\/www.latmultilingual.com\/fr\/services-de-referencement-naturel\/\"]}]},{\"@type\":\"ImageObject\",\"inLanguage\":\"fr-FR\",\"@id\":\"https:\/\/www.latmultilingual.com\/fr\/services-de-referencement-naturel\/#primaryimage\",\"url\":\"https:\/\/www.latmultilingual.com\/wp-content\/uploads\/2022\/12\/amel-mehenaoui-id-1-200x197.jpg\",\"contentUrl\":\"https:\/\/www.latmultilingual.com\/wp-content\/uploads\/2022\/12\/amel-mehenaoui-id-1-200x197.jpg\"},{\"@type\":\"BreadcrumbList\",\"@id\":\"https:\/\/www.latmultilingual.com\/fr\/services-de-referencement-naturel\/#breadcrumb\",\"itemListElement\":[{\"@type\":\"ListItem\",\"position\":1,\"name\":\"Home\",\"item\":\"https:\/\/www.latmultilingual.com\/fr\/\"},{\"@type\":\"ListItem\",\"position\":2,\"name\":\"Services de r\u00e9f\u00e9rencement naturel\"}]},{\"@type\":\"WebSite\",\"@id\":\"https:\/\/www.latmultilingual.com\/fr\/#website\",\"url\":\"https:\/\/www.latmultilingual.com\/fr\/\",\"name\":\"LAT Multilingual\",\"description\":\"Reach New Markets with Quality Translation and Cultural Marketing Services\",\"publisher\":{\"@id\":\"https:\/\/www.latmultilingual.com\/fr\/#organization\"},\"potentialAction\":[{\"@type\":\"SearchAction\",\"target\":{\"@type\":\"EntryPoint\",\"urlTemplate\":\"https:\/\/www.latmultilingual.com\/fr\/?s={search_term_string}\"},\"query-input\":{\"@type\":\"PropertyValueSpecification\",\"valueRequired\":true,\"valueName\":\"search_term_string\"}}],\"inLanguage\":\"fr-FR\"},{\"@type\":\"Organization\",\"@id\":\"https:\/\/www.latmultilingual.com\/fr\/#organization\",\"name\":\"LAT Multilingual\",\"url\":\"https:\/\/www.latmultilingual.com\/fr\/\",\"logo\":{\"@type\":\"ImageObject\",\"inLanguage\":\"fr-FR\",\"@id\":\"https:\/\/www.latmultilingual.com\/fr\/#\/schema\/logo\/image\/\",\"url\":\"https:\/\/www.latmultilingual.com\/wp-content\/uploads\/2024\/02\/retina-logo-en.png\",\"contentUrl\":\"https:\/\/www.latmultilingual.com\/wp-content\/uploads\/2024\/02\/retina-logo-en.png\",\"width\":450,\"height\":122,\"caption\":\"LAT Multilingual\"},\"image\":{\"@id\":\"https:\/\/www.latmultilingual.com\/fr\/#\/schema\/logo\/image\/\"},\"sameAs\":[\"https:\/\/www.facebook.com\/LATMultilingual\/\",\"https:\/\/x.com\/LATMultilingual\",\"https:\/\/www.linkedin.com\/company\/215205\/admin\/updates\/\"]}]}<\/script>\n<!-- \/ Yoast SEO plugin. -->","yoast_head_json":{"title":"Services de r\u00e9f\u00e9rencement naturel - LAT Multilingue Traduction et Marketing","description":"services de r\u00e9f\u00e9rencement de LAT font en sorte d\u2019adapter parfaitement votre site pour attirer votre public cible.","robots":{"index":"index","follow":"follow","max-snippet":"max-snippet:-1","max-image-preview":"max-image-preview:large","max-video-preview":"max-video-preview:-1"},"canonical":"https:\/\/www.latmultilingual.com\/fr\/services-de-referencement-naturel\/","og_locale":"fr_FR","og_type":"article","og_title":"Services de r\u00e9f\u00e9rencement naturel - LAT Multilingue Traduction et Marketing","og_description":"services de r\u00e9f\u00e9rencement de LAT font en sorte d\u2019adapter parfaitement votre site pour attirer votre public cible.","og_url":"https:\/\/www.latmultilingual.com\/fr\/services-de-referencement-naturel\/","og_site_name":"LAT Multilingue Traduction et Marketing","article_publisher":"https:\/\/www.facebook.com\/LATMultilingual\/","article_modified_time":"2023-03-13T16:12:30+00:00","og_image":[{"url":"https:\/\/www.latmultilingual.com\/wp-content\/uploads\/2022\/12\/amel-mehenaoui-id-1-200x197.jpg","type":"","width":"","height":""}],"twitter_card":"summary_large_image","twitter_site":"@LATMultilingual","twitter_misc":{"Dur\u00e9e de lecture estim\u00e9e":"4 minutes"},"schema":{"@context":"https:\/\/schema.org","@graph":[{"@type":"WebPage","@id":"https:\/\/www.latmultilingual.com\/fr\/services-de-referencement-naturel\/","url":"https:\/\/www.latmultilingual.com\/fr\/services-de-referencement-naturel\/","name":"Services de r\u00e9f\u00e9rencement naturel - LAT Multilingue Traduction et Marketing","isPartOf":{"@id":"https:\/\/www.latmultilingual.com\/fr\/#website"},"primaryImageOfPage":{"@id":"https:\/\/www.latmultilingual.com\/fr\/services-de-referencement-naturel\/#primaryimage"},"image":{"@id":"https:\/\/www.latmultilingual.com\/fr\/services-de-referencement-naturel\/#primaryimage"},"thumbnailUrl":"https:\/\/www.latmultilingual.com\/wp-content\/uploads\/2022\/12\/amel-mehenaoui-id-1-200x197.jpg","datePublished":"2023-01-27T20:29:39+00:00","dateModified":"2023-03-13T16:12:30+00:00","description":"services de r\u00e9f\u00e9rencement de LAT font en sorte d\u2019adapter parfaitement votre site pour attirer votre public cible.","breadcrumb":{"@id":"https:\/\/www.latmultilingual.com\/fr\/services-de-referencement-naturel\/#breadcrumb"},"inLanguage":"fr-FR","potentialAction":[{"@type":"ReadAction","target":["https:\/\/www.latmultilingual.com\/fr\/services-de-referencement-naturel\/"]}]},{"@type":"ImageObject","inLanguage":"fr-FR","@id":"https:\/\/www.latmultilingual.com\/fr\/services-de-referencement-naturel\/#primaryimage","url":"https:\/\/www.latmultilingual.com\/wp-content\/uploads\/2022\/12\/amel-mehenaoui-id-1-200x197.jpg","contentUrl":"https:\/\/www.latmultilingual.com\/wp-content\/uploads\/2022\/12\/amel-mehenaoui-id-1-200x197.jpg"},{"@type":"BreadcrumbList","@id":"https:\/\/www.latmultilingual.com\/fr\/services-de-referencement-naturel\/#breadcrumb","itemListElement":[{"@type":"ListItem","position":1,"name":"Home","item":"https:\/\/www.latmultilingual.com\/fr\/"},{"@type":"ListItem","position":2,"name":"Services de r\u00e9f\u00e9rencement naturel"}]},{"@type":"WebSite","@id":"https:\/\/www.latmultilingual.com\/fr\/#website","url":"https:\/\/www.latmultilingual.com\/fr\/","name":"LAT Multilingual","description":"Reach New Markets with Quality Translation and Cultural Marketing Services","publisher":{"@id":"https:\/\/www.latmultilingual.com\/fr\/#organization"},"potentialAction":[{"@type":"SearchAction","target":{"@type":"EntryPoint","urlTemplate":"https:\/\/www.latmultilingual.com\/fr\/?s={search_term_string}"},"query-input":{"@type":"PropertyValueSpecification","valueRequired":true,"valueName":"search_term_string"}}],"inLanguage":"fr-FR"},{"@type":"Organization","@id":"https:\/\/www.latmultilingual.com\/fr\/#organization","name":"LAT Multilingual","url":"https:\/\/www.latmultilingual.com\/fr\/","logo":{"@type":"ImageObject","inLanguage":"fr-FR","@id":"https:\/\/www.latmultilingual.com\/fr\/#\/schema\/logo\/image\/","url":"https:\/\/www.latmultilingual.com\/wp-content\/uploads\/2024\/02\/retina-logo-en.png","contentUrl":"https:\/\/www.latmultilingual.com\/wp-content\/uploads\/2024\/02\/retina-logo-en.png","width":450,"height":122,"caption":"LAT Multilingual"},"image":{"@id":"https:\/\/www.latmultilingual.com\/fr\/#\/schema\/logo\/image\/"},"sameAs":["https:\/\/www.facebook.com\/LATMultilingual\/","https:\/\/x.com\/LATMultilingual","https:\/\/www.linkedin.com\/company\/215205\/admin\/updates\/"]}]}},"_links":{"self":[{"href":"https:\/\/www.latmultilingual.com\/fr\/wp-json\/wp\/v2\/pages\/26795","targetHints":{"allow":["GET"]}}],"collection":[{"href":"https:\/\/www.latmultilingual.com\/fr\/wp-json\/wp\/v2\/pages"}],"about":[{"href":"https:\/\/www.latmultilingual.com\/fr\/wp-json\/wp\/v2\/types\/page"}],"author":[{"embeddable":true,"href":"https:\/\/www.latmultilingual.com\/fr\/wp-json\/wp\/v2\/users\/29"}],"replies":[{"embeddable":true,"href":"https:\/\/www.latmultilingual.com\/fr\/wp-json\/wp\/v2\/comments?post=26795"}],"version-history":[{"count":0,"href":"https:\/\/www.latmultilingual.com\/fr\/wp-json\/wp\/v2\/pages\/26795\/revisions"}],"wp:attachment":[{"href":"https:\/\/www.latmultilingual.com\/fr\/wp-json\/wp\/v2\/media?parent=26795"}],"curies":[{"name":"wp","href":"https:\/\/api.w.org\/{rel}","templated":true}]}}