{"id":26484,"date":"2022-07-14T13:54:18","date_gmt":"2022-07-14T20:54:18","guid":{"rendered":"https:\/\/www.latmultilingual.com\/a-propos-de-nous\/lat-multilingual-sustainability-policy\/"},"modified":"2023-03-13T14:42:22","modified_gmt":"2023-03-13T21:42:22","slug":"politique-sur-la-durabilite-de-lat-multilingue","status":"publish","type":"page","link":"https:\/\/www.latmultilingual.com\/fr\/a-propos-de-nous\/politique-sur-la-durabilite-de-lat-multilingue\/","title":{"rendered":"Politique sur la durabilit\u00e9 de LAT Multilingue"},"content":{"rendered":"<div class=\"fusion-fullwidth fullwidth-box fusion-builder-row-1 fusion-flex-container nonhundred-percent-fullwidth non-hundred-percent-height-scrolling\" style=\"--awb-border-radius-top-left:0px;--awb-border-radius-top-right:0px;--awb-border-radius-bottom-right:0px;--awb-border-radius-bottom-left:0px;--awb-flex-wrap:wrap;\" ><div class=\"fusion-builder-row fusion-row fusion-flex-align-items-flex-start fusion-flex-content-wrap\" style=\"max-width:1248px;margin-left: calc(-4% \/ 2 );margin-right: calc(-4% \/ 2 );\"><div class=\"fusion-layout-column fusion_builder_column fusion-builder-column-0 fusion_builder_column_1_1 1_1 fusion-flex-column\" style=\"--awb-bg-size:cover;--awb-width-large:100%;--awb-margin-top-large:0px;--awb-spacing-right-large:1.92%;--awb-margin-bottom-large:0px;--awb-spacing-left-large:1.92%;--awb-width-medium:100%;--awb-order-medium:0;--awb-spacing-right-medium:1.92%;--awb-spacing-left-medium:1.92%;--awb-width-small:100%;--awb-order-small:0;--awb-spacing-right-small:1.92%;--awb-spacing-left-small:1.92%;\"><div class=\"fusion-column-wrapper fusion-column-has-shadow fusion-flex-justify-content-flex-start fusion-content-layout-column\"><div class=\"fusion-text fusion-text-1\"><h2 class=\"p2\">Introduction<\/h2>\n<p class=\"p3\">LAT Multilingue est une entreprise canadienne de traduction, d\u2019adaptation de contenu, de localisation et de marketing multiculturel. La durabilit\u00e9 environnementale nous passionne et nous nous engageons \u00e0 assurer un avenir vert dans notre milieu de travail. Cette politique d\u00e9montre la fa\u00e7on dont les services et les activit\u00e9s de LAT Multilingue sont continuellement revus et am\u00e9lior\u00e9s afin de tenir compte des facteurs environnementaux dans notre quotidien et de contribuer de fa\u00e7on positive \u00e0 la soci\u00e9t\u00e9.<\/p>\n<h2>Notre politique sur la durabilit\u00e9 est fond\u00e9e sur les valeurs suivantes:<\/h2>\n<p><span style=\"text-decoration: underline;\"><strong>Engagement pour un futur durable<\/strong><\/span> \u2013 Nous souhaitons inspirer les nouvelles g\u00e9n\u00e9rations en investissant dans les collectivit\u00e9s et en d\u00e9veloppant des comp\u00e9tences de durabilit\u00e9 pour cr\u00e9er un environnement de travail sain et s\u00fbr.<\/p>\n<p><span style=\"text-decoration: underline;\"><strong>Engagement pour un environnement durable<\/strong><\/span> \u2013 Nous appuyons une \u00e9conomie \u00e0 faible \u00e9mission de carbone en luttant contre la pollution et en prot\u00e9geant les \u00e9cosyst\u00e8mes.<\/p>\n<p><span style=\"text-decoration: underline;\"><strong>Engagement pour une \u00e9conomie durable<\/strong><\/span> \u2013 Nous cherchons \u00e0 influencer et \u00e0 appuyer la croissance \u00e9conomique durable avec int\u00e9grit\u00e9 et responsabilit\u00e9.<\/p>\n<h2>Principes<\/h2>\n<p>La direction et les employ\u00e9s de LAT Multilingue prendront les mesures suivantes pour r\u00e9duire les d\u00e9chets, pr\u00e9venir la pollution et conserver l\u2019eau et l\u2019\u00e9nergie:<\/p>\n<h3 class=\"p5\">Les gens<\/h3>\n<ul>\n<li>Soutenir la diversit\u00e9, l\u2019\u00e9quit\u00e9 et l\u2019inclusion.<\/li>\n<li>Respecter et valoriser les individus aux bagages culturels et linguistiques diversifi\u00e9s.<\/li>\n<li>Cr\u00e9er de grandes possibilit\u00e9s pour tous les membres de l\u2019\u00e9quipe.<\/li>\n<li>Permettre aux employ\u00e9s d\u2019adopter un mode de vie durable.<\/li>\n<\/ul>\n<h3 class=\"p2\">L\u2019environnement<\/h3>\n<ul>\n<li>Veiller au respect des lois et des r\u00e8glements gouvernementaux relatifs \u00e0 l\u2019environnement.<\/li>\n<li>Promouvoir une culture du travail \u00e0 domicile pour nos employ\u00e9s, dans le but d\u2019att\u00e9nuer notre empreinte carbone.<\/li>\n<li>Limiter l\u2019utilisation du papier en adoptant des moyens num\u00e9riques pour l\u2019envoi de factures et de communications.<\/li>\n<li>Limiter les d\u00e9placements en communiquant par messagerie instantan\u00e9e, par courriel et par vid\u00e9oconf\u00e9rence.<\/li>\n<li>\u00c9liminer les d\u00e9chets de mani\u00e8re responsable en suivant les trois R\u00a0: r\u00e9duire, r\u00e9utiliser et recycler.<\/li>\n<li>Assurer un suivi et faire des v\u00e9rifications et des \u00e9valuations fr\u00e9quentes pour veiller \u00e0 la bonne mise en \u0153uvre de la politique.<\/li>\n<li>S\u2019efforcer d\u2019\u00eatre responsables en mati\u00e8re d\u2019environnement dans notre soci\u00e9t\u00e9.<\/li>\n<li><span class=\"s4\">Promouvoir les enjeux environnementaux dans toutes les activit\u00e9s et les communications de l\u2019entreprise.<\/span><\/li>\n<li>Adopter une culture de la durabilit\u00e9 dans laquelle les employ\u00e9s sont conscients de leurs responsabilit\u00e9s.<\/li>\n<\/ul>\n<h3 class=\"p1\">L\u2019\u00e9conomie<\/h3>\n<ul>\n<li>Pr\u00e9parer un plan d\u2019affaires concret pour soutenir les initiatives durables.<\/li>\n<li>Int\u00e9grer des mesures de durabilit\u00e9 dans nos mod\u00e8les d\u2019entreprise, des activit\u00e9s jusqu\u2019\u00e0 la comptabilit\u00e9 sans papier, en passant par les rapports num\u00e9riques.<\/li>\n<li>S\u2019efforcer de g\u00e9rer efficacement les ressources telles que l\u2019eau, les d\u00e9chets, l\u2019\u00e9nergie, etc., et de r\u00e9duire leurs co\u00fbts op\u00e9rationnels.<\/li>\n<\/ul>\n<h2>Transparence<\/h2>\n<p><span class=\"s4\">Nous nous effor\u00e7ons de nous am\u00e9liorer en surveillant notre impact environnemental et social. Avec la collaboration de nos employ\u00e9s, de nos clients, de nos fournisseurs <\/span><span class=\"s4\">et des autorit\u00e9s gouvernementales, nous croyons que le d\u00e9veloppement durable est r\u00e9alisable. Nous informons r\u00e9guli\u00e8rement nos employ\u00e9s de l\u2019avancement des initiatives.<\/span><\/p>\n<blockquote>\n<p><span style=\"font-size: 18pt;\">\u00ab\u00a0Le meilleur moyen de pr\u00e9dire l\u2019avenir, c\u2019est de le cr\u00e9er.\u00a0\u00bb \u2013 Peter Drucker<\/span><\/p>\n<\/blockquote>\n<p>&nbsp;<\/p>\n<p>Pour en savoir plus sur l\u2019engagement de LAT \u00e0 l\u2019endroit de la durabilit\u00e9, la diversit\u00e9 et l\u2019inclusion, veuillez communiquer avec notre pr\u00e9sidente, <a href=\"mailto:lise@latmultilingual.com\">Lise Alain<\/a><\/p>\n<\/div><\/div><\/div><\/div><\/div>\n","protected":false},"excerpt":{"rendered":"","protected":false},"author":29,"featured_media":0,"parent":9131,"menu_order":0,"comment_status":"closed","ping_status":"closed","template":"100-width.php","meta":{"_acf_changed":false,"footnotes":""},"class_list":["post-26484","page","type-page","status-publish","hentry"],"acf":[],"yoast_head":"<!-- This site is optimized with the Yoast SEO plugin v27.5 - https:\/\/yoast.com\/product\/yoast-seo-wordpress\/ -->\n<title>Politique sur la durabilit\u00e9 de LAT Multilingue - LAT Multilingue Traduction et Marketing<\/title>\n<meta name=\"description\" content=\"LAT Multilingue est une entreprise canadienne de traduction, d\u2019adaptation de contenu, de localisation et de marketing multiculturel.\" \/>\n<meta name=\"robots\" content=\"index, follow, max-snippet:-1, max-image-preview:large, max-video-preview:-1\" \/>\n<link rel=\"canonical\" href=\"https:\/\/www.latmultilingual.com\/fr\/a-propos-de-nous\/politique-sur-la-durabilite-de-lat-multilingue\/\" \/>\n<meta property=\"og:locale\" content=\"fr_FR\" \/>\n<meta property=\"og:type\" content=\"article\" \/>\n<meta property=\"og:title\" content=\"Politique sur la durabilit\u00e9 de LAT Multilingue - LAT Multilingue Traduction et Marketing\" \/>\n<meta property=\"og:description\" content=\"LAT Multilingue est une entreprise canadienne de traduction, d\u2019adaptation de contenu, de localisation et de marketing multiculturel.\" \/>\n<meta property=\"og:url\" content=\"https:\/\/www.latmultilingual.com\/fr\/a-propos-de-nous\/politique-sur-la-durabilite-de-lat-multilingue\/\" \/>\n<meta property=\"og:site_name\" content=\"LAT Multilingue Traduction et Marketing\" \/>\n<meta property=\"article:publisher\" content=\"https:\/\/www.facebook.com\/LATMultilingual\/\" \/>\n<meta property=\"article:modified_time\" content=\"2023-03-13T21:42:22+00:00\" \/>\n<meta name=\"twitter:card\" content=\"summary_large_image\" \/>\n<meta name=\"twitter:site\" content=\"@LATMultilingual\" \/>\n<meta name=\"twitter:label1\" content=\"Dur\u00e9e de lecture estim\u00e9e\" \/>\n\t<meta name=\"twitter:data1\" content=\"4 minutes\" \/>\n<script type=\"application\/ld+json\" class=\"yoast-schema-graph\">{\"@context\":\"https:\\\/\\\/schema.org\",\"@graph\":[{\"@type\":\"WebPage\",\"@id\":\"https:\\\/\\\/www.latmultilingual.com\\\/fr\\\/a-propos-de-nous\\\/politique-sur-la-durabilite-de-lat-multilingue\\\/\",\"url\":\"https:\\\/\\\/www.latmultilingual.com\\\/fr\\\/a-propos-de-nous\\\/politique-sur-la-durabilite-de-lat-multilingue\\\/\",\"name\":\"Politique sur la durabilit\u00e9 de LAT Multilingue - LAT Multilingue Traduction et Marketing\",\"isPartOf\":{\"@id\":\"https:\\\/\\\/www.latmultilingual.com\\\/fr\\\/#website\"},\"datePublished\":\"2022-07-14T20:54:18+00:00\",\"dateModified\":\"2023-03-13T21:42:22+00:00\",\"description\":\"LAT Multilingue est une entreprise canadienne de traduction, d\u2019adaptation de contenu, de localisation et de marketing multiculturel.\",\"breadcrumb\":{\"@id\":\"https:\\\/\\\/www.latmultilingual.com\\\/fr\\\/a-propos-de-nous\\\/politique-sur-la-durabilite-de-lat-multilingue\\\/#breadcrumb\"},\"inLanguage\":\"fr-FR\",\"potentialAction\":[{\"@type\":\"ReadAction\",\"target\":[\"https:\\\/\\\/www.latmultilingual.com\\\/fr\\\/a-propos-de-nous\\\/politique-sur-la-durabilite-de-lat-multilingue\\\/\"]}]},{\"@type\":\"BreadcrumbList\",\"@id\":\"https:\\\/\\\/www.latmultilingual.com\\\/fr\\\/a-propos-de-nous\\\/politique-sur-la-durabilite-de-lat-multilingue\\\/#breadcrumb\",\"itemListElement\":[{\"@type\":\"ListItem\",\"position\":1,\"name\":\"Home\",\"item\":\"https:\\\/\\\/www.latmultilingual.com\\\/fr\\\/\"},{\"@type\":\"ListItem\",\"position\":2,\"name\":\"\u00c0 propos de LAT Multilingue\",\"item\":\"https:\\\/\\\/www.latmultilingual.com\\\/fr\\\/a-propos-de-nous\\\/\"},{\"@type\":\"ListItem\",\"position\":3,\"name\":\"Politique sur la durabilit\u00e9 de LAT Multilingue\"}]},{\"@type\":\"WebSite\",\"@id\":\"https:\\\/\\\/www.latmultilingual.com\\\/fr\\\/#website\",\"url\":\"https:\\\/\\\/www.latmultilingual.com\\\/fr\\\/\",\"name\":\"LAT Multilingual\",\"description\":\"Reach New Markets with Quality Translation and Cultural Marketing Services\",\"publisher\":{\"@id\":\"https:\\\/\\\/www.latmultilingual.com\\\/fr\\\/#organization\"},\"potentialAction\":[{\"@type\":\"SearchAction\",\"target\":{\"@type\":\"EntryPoint\",\"urlTemplate\":\"https:\\\/\\\/www.latmultilingual.com\\\/fr\\\/?s={search_term_string}\"},\"query-input\":{\"@type\":\"PropertyValueSpecification\",\"valueRequired\":true,\"valueName\":\"search_term_string\"}}],\"inLanguage\":\"fr-FR\"},{\"@type\":\"Organization\",\"@id\":\"https:\\\/\\\/www.latmultilingual.com\\\/fr\\\/#organization\",\"name\":\"LAT Multilingual\",\"url\":\"https:\\\/\\\/www.latmultilingual.com\\\/fr\\\/\",\"logo\":{\"@type\":\"ImageObject\",\"inLanguage\":\"fr-FR\",\"@id\":\"https:\\\/\\\/www.latmultilingual.com\\\/fr\\\/#\\\/schema\\\/logo\\\/image\\\/\",\"url\":\"https:\\\/\\\/www.latmultilingual.com\\\/wp-content\\\/uploads\\\/2024\\\/02\\\/retina-logo-en.png\",\"contentUrl\":\"https:\\\/\\\/www.latmultilingual.com\\\/wp-content\\\/uploads\\\/2024\\\/02\\\/retina-logo-en.png\",\"width\":450,\"height\":122,\"caption\":\"LAT Multilingual\"},\"image\":{\"@id\":\"https:\\\/\\\/www.latmultilingual.com\\\/fr\\\/#\\\/schema\\\/logo\\\/image\\\/\"},\"sameAs\":[\"https:\\\/\\\/www.facebook.com\\\/LATMultilingual\\\/\",\"https:\\\/\\\/x.com\\\/LATMultilingual\",\"https:\\\/\\\/www.linkedin.com\\\/company\\\/215205\\\/admin\\\/updates\\\/\"]}]}<\/script>\n<!-- \/ Yoast SEO plugin. -->","yoast_head_json":{"title":"Politique sur la durabilit\u00e9 de LAT Multilingue - LAT Multilingue Traduction et Marketing","description":"LAT Multilingue est une entreprise canadienne de traduction, d\u2019adaptation de contenu, de localisation et de marketing multiculturel.","robots":{"index":"index","follow":"follow","max-snippet":"max-snippet:-1","max-image-preview":"max-image-preview:large","max-video-preview":"max-video-preview:-1"},"canonical":"https:\/\/www.latmultilingual.com\/fr\/a-propos-de-nous\/politique-sur-la-durabilite-de-lat-multilingue\/","og_locale":"fr_FR","og_type":"article","og_title":"Politique sur la durabilit\u00e9 de LAT Multilingue - LAT Multilingue Traduction et Marketing","og_description":"LAT Multilingue est une entreprise canadienne de traduction, d\u2019adaptation de contenu, de localisation et de marketing multiculturel.","og_url":"https:\/\/www.latmultilingual.com\/fr\/a-propos-de-nous\/politique-sur-la-durabilite-de-lat-multilingue\/","og_site_name":"LAT Multilingue Traduction et Marketing","article_publisher":"https:\/\/www.facebook.com\/LATMultilingual\/","article_modified_time":"2023-03-13T21:42:22+00:00","twitter_card":"summary_large_image","twitter_site":"@LATMultilingual","twitter_misc":{"Dur\u00e9e de lecture estim\u00e9e":"4 minutes"},"schema":{"@context":"https:\/\/schema.org","@graph":[{"@type":"WebPage","@id":"https:\/\/www.latmultilingual.com\/fr\/a-propos-de-nous\/politique-sur-la-durabilite-de-lat-multilingue\/","url":"https:\/\/www.latmultilingual.com\/fr\/a-propos-de-nous\/politique-sur-la-durabilite-de-lat-multilingue\/","name":"Politique sur la durabilit\u00e9 de LAT Multilingue - LAT Multilingue Traduction et Marketing","isPartOf":{"@id":"https:\/\/www.latmultilingual.com\/fr\/#website"},"datePublished":"2022-07-14T20:54:18+00:00","dateModified":"2023-03-13T21:42:22+00:00","description":"LAT Multilingue est une entreprise canadienne de traduction, d\u2019adaptation de contenu, de localisation et de marketing multiculturel.","breadcrumb":{"@id":"https:\/\/www.latmultilingual.com\/fr\/a-propos-de-nous\/politique-sur-la-durabilite-de-lat-multilingue\/#breadcrumb"},"inLanguage":"fr-FR","potentialAction":[{"@type":"ReadAction","target":["https:\/\/www.latmultilingual.com\/fr\/a-propos-de-nous\/politique-sur-la-durabilite-de-lat-multilingue\/"]}]},{"@type":"BreadcrumbList","@id":"https:\/\/www.latmultilingual.com\/fr\/a-propos-de-nous\/politique-sur-la-durabilite-de-lat-multilingue\/#breadcrumb","itemListElement":[{"@type":"ListItem","position":1,"name":"Home","item":"https:\/\/www.latmultilingual.com\/fr\/"},{"@type":"ListItem","position":2,"name":"\u00c0 propos de LAT Multilingue","item":"https:\/\/www.latmultilingual.com\/fr\/a-propos-de-nous\/"},{"@type":"ListItem","position":3,"name":"Politique sur la durabilit\u00e9 de LAT Multilingue"}]},{"@type":"WebSite","@id":"https:\/\/www.latmultilingual.com\/fr\/#website","url":"https:\/\/www.latmultilingual.com\/fr\/","name":"LAT Multilingual","description":"Reach New Markets with Quality Translation and Cultural Marketing Services","publisher":{"@id":"https:\/\/www.latmultilingual.com\/fr\/#organization"},"potentialAction":[{"@type":"SearchAction","target":{"@type":"EntryPoint","urlTemplate":"https:\/\/www.latmultilingual.com\/fr\/?s={search_term_string}"},"query-input":{"@type":"PropertyValueSpecification","valueRequired":true,"valueName":"search_term_string"}}],"inLanguage":"fr-FR"},{"@type":"Organization","@id":"https:\/\/www.latmultilingual.com\/fr\/#organization","name":"LAT Multilingual","url":"https:\/\/www.latmultilingual.com\/fr\/","logo":{"@type":"ImageObject","inLanguage":"fr-FR","@id":"https:\/\/www.latmultilingual.com\/fr\/#\/schema\/logo\/image\/","url":"https:\/\/www.latmultilingual.com\/wp-content\/uploads\/2024\/02\/retina-logo-en.png","contentUrl":"https:\/\/www.latmultilingual.com\/wp-content\/uploads\/2024\/02\/retina-logo-en.png","width":450,"height":122,"caption":"LAT Multilingual"},"image":{"@id":"https:\/\/www.latmultilingual.com\/fr\/#\/schema\/logo\/image\/"},"sameAs":["https:\/\/www.facebook.com\/LATMultilingual\/","https:\/\/x.com\/LATMultilingual","https:\/\/www.linkedin.com\/company\/215205\/admin\/updates\/"]}]}},"_links":{"self":[{"href":"https:\/\/www.latmultilingual.com\/fr\/wp-json\/wp\/v2\/pages\/26484","targetHints":{"allow":["GET"]}}],"collection":[{"href":"https:\/\/www.latmultilingual.com\/fr\/wp-json\/wp\/v2\/pages"}],"about":[{"href":"https:\/\/www.latmultilingual.com\/fr\/wp-json\/wp\/v2\/types\/page"}],"author":[{"embeddable":true,"href":"https:\/\/www.latmultilingual.com\/fr\/wp-json\/wp\/v2\/users\/29"}],"replies":[{"embeddable":true,"href":"https:\/\/www.latmultilingual.com\/fr\/wp-json\/wp\/v2\/comments?post=26484"}],"version-history":[{"count":0,"href":"https:\/\/www.latmultilingual.com\/fr\/wp-json\/wp\/v2\/pages\/26484\/revisions"}],"up":[{"embeddable":true,"href":"https:\/\/www.latmultilingual.com\/fr\/wp-json\/wp\/v2\/pages\/9131"}],"wp:attachment":[{"href":"https:\/\/www.latmultilingual.com\/fr\/wp-json\/wp\/v2\/media?parent=26484"}],"curies":[{"name":"wp","href":"https:\/\/api.w.org\/{rel}","templated":true}]}}