{"id":22142,"date":"2022-03-07T15:52:57","date_gmt":"2022-03-07T23:52:57","guid":{"rendered":"https:\/\/latmultilingual.com\/?page_id=22142"},"modified":"2022-08-04T13:13:59","modified_gmt":"2022-08-04T20:13:59","slug":"services-de-traduction","status":"publish","type":"page","link":"https:\/\/www.latmultilingual.com\/fr\/services-de-traduction\/","title":{"rendered":"Services de traduction"},"content":{"rendered":"<div class=\"fusion-fullwidth fullwidth-box fusion-builder-row-1 grey-section nonhundred-percent-fullwidth non-hundred-percent-height-scrolling\" style=\"--awb-border-radius-top-left:0px;--awb-border-radius-top-right:0px;--awb-border-radius-bottom-right:0px;--awb-border-radius-bottom-left:0px;--awb-flex-wrap:wrap;\" ><div class=\"fusion-builder-row fusion-row\"><div class=\"fusion-layout-column fusion_builder_column fusion-builder-column-0 fusion_builder_column_2_3 2_3 fusion-two-third fusion-column-first\" style=\"--awb-bg-size:cover;width:66.666666666667%;width:calc(66.666666666667% - ( ( 4% ) * 0.66666666666667 ) );margin-right: 4%;\"><div class=\"fusion-column-wrapper fusion-column-has-shadow fusion-flex-column-wrapper-legacy\"><div class=\"fusion-title title fusion-title-1 fusion-sep-none fusion-title-text fusion-title-size-one\"><h1 class=\"fusion-title-heading title-heading-left\" style=\"margin:0;\"><h2 align=\"justify\">Communiquez avec vos clients dans leur langue gr\u00e2ce des services de traduction de qualit\u00e9.<\/h2><\/h1><\/div><div class=\"fusion-text fusion-text-1\"><p style=\"text-align: left;\" align=\"justify\"><span lang=\"EN-US\" xml:lang=\"EN-US\" data-contrast=\"auto\">Atteignez vos march\u00e9s cibles et soyez reconnus gr\u00e2ce \u00e0 nos services de traduction dans une multitude de langues, y compris l\u2019anglais, le fran\u00e7ais, le chinois (simplifi\u00e9 et traditionnel), le punjabi, l\u2019allemand, l\u2019espagnol, le russe, l\u2019italien et bien d\u2019autres. Nous adaptons votre contenu au public vis\u00e9 pour vous permettre d\u2019\u00e9tendre votre port\u00e9e et d\u2019accro\u00eetre la fid\u00e9lit\u00e9 \u00e0 votre marque.<\/span><\/p>\n<p style=\"text-align: left;\">Nous offrons :<\/p>\n<h3 style=\"text-align: left;\"><span class=\"TextRun SCXW104562812 BCX0\" lang=\"EN-US\" xml:lang=\"EN-US\" data-contrast=\"auto\"><span class=\"NormalTextRun SCXW104562812 BCX0\">Traduction multilingue et adaptation<\/span><\/span><\/h3>\n<p style=\"text-align: left;\"><span data-contrast=\"auto\">Votre client\u00e8le est diversifi\u00e9e; adressez-vous \u00e0 elle dans sa propre langue. Vous charmerez ainsi le c\u0153ur et l\u2019esprit de vos clients.<\/span><\/p>\n<p style=\"text-align: left;\"><span data-contrast=\"auto\">Vous pouvez compter sur notre \u00e9quipe de traducteurs professionnels pour adapter vos communications et aider votre marque \u00e0 trouver \u00e9cho aupr\u00e8s des gens, dans leur propre langue.<\/span><\/p>\n<p style=\"text-align: left;\"><a href=\"https:\/\/latmultilingual.com\/fr\/traduction-multilingue\/\"><span class=\"EOP SCXW104562812 BCX0\" data-ccp-props=\"{\">En savoir plus<\/span><\/a><\/p>\n<h3 style=\"text-align: left;\"><span lang=\"EN-US\" xml:lang=\"EN-US\" data-contrast=\"auto\">Emballage bilingue<\/span><\/h3>\n<p style=\"text-align: left;\"><span data-contrast=\"none\">Faites vibrer votre marque. Notre \u00e9quipe exp\u00e9riment\u00e9e vous aide \u00e0 vous conformer aux exigences canadiennes en mati\u00e8re d\u2019\u00e9tiquetage bilingue.<\/span><\/p>\n<p style=\"text-align: left;\"><span data-contrast=\"auto\">Bon \u00e0 savoir! Nous pouvons \u00e9galement adapter tout votre mat\u00e9riel publicitaire.<\/span><\/p>\n<p style=\"text-align: left;\"><a href=\"https:\/\/latmultilingual.com\/fr\/emballage-bilingue\/\"><span class=\"EOP SCXW104562812 BCX0\" data-ccp-props=\"{\">En savoir plus<\/span><\/a><\/p>\n<h3 style=\"text-align: left;\"><span class=\"TextRun SCXW194767143 BCX0\" lang=\"EN-US\" xml:lang=\"EN-US\" data-contrast=\"auto\"><span class=\"NormalTextRun SCXW194767143 BCX0\">Traduction et localisation de sites Web<\/span><\/span><\/h3>\n<p style=\"text-align: left;\"><span data-contrast=\"none\">\u00c9largissez votre client\u00e8le en offrant un site Web compl\u00e8tement localis\u00e9. Peu importe la langue, un contenu de qualit\u00e9 fait son chemin.<\/span><\/p>\n<p style=\"text-align: left;\"><span data-contrast=\"none\">La port\u00e9e de votre site en sera accrue et vous d\u00e9montrerez \u00e0 vos clients qu\u2019ils comptent pour vous.<\/span><\/p>\n<p style=\"text-align: left;\"><a href=\"https:\/\/latmultilingual.com\/fr\/traduction-de-site-web\/\"><span class=\"EOP SCXW104562812 BCX0\" data-ccp-props=\"{\">En savoir plus<\/span><\/a><\/p>\n<\/div><div class=\"fusion-aligncenter\"><a class=\"fusion-button button-flat button-large button-default fusion-button-default button-1 fusion-button-default-span fusion-button-default-type\" target=\"_self\" href=\"https:\/\/www.latmultilingual.com\/fr\/obtenez-un-devis\/\"><span class=\"fusion-button-text\">Obtenez un devis<\/span><\/a><\/div><div class=\"fusion-clearfix\"><\/div><\/div><\/div><div class=\"fusion-layout-column fusion_builder_column fusion-builder-column-1 fusion_builder_column_1_3 1_3 fusion-one-third fusion-column-last\" style=\"--awb-bg-size:cover;width:33.333333333333%;width:calc(33.333333333333% - ( ( 4% ) * 0.33333333333333 ) );\"><div class=\"fusion-column-wrapper fusion-column-has-shadow fusion-flex-column-wrapper-legacy\"><div class=\"fusion-text fusion-text-2\"><blockquote>\n<p style=\"text-align: left;\" align=\"justify\">LAT est un partenaire exceptionnel et remarquablement efficace Notre situation est en constante \u00e9volution, mais chaque fois, quoiqu\u2019il arrive, nous arrivons toujours \u00e0 livrer un produit impeccable gr\u00e2ce \u00e0 LAT.<\/p>\n<p style=\"text-align: left;\"><strong>Jean LeTarte<\/strong><br \/>\n<span class=\"medium-blue\">TC Transcontinental Media<\/span><\/p>\n<\/blockquote>\n<\/div><div class=\"fusion-clearfix\"><\/div><\/div><\/div><\/div><\/div><div class=\"fusion-fullwidth fullwidth-box fusion-builder-row-2 nonhundred-percent-fullwidth non-hundred-percent-height-scrolling\" style=\"--awb-border-radius-top-left:0px;--awb-border-radius-top-right:0px;--awb-border-radius-bottom-right:0px;--awb-border-radius-bottom-left:0px;--awb-flex-wrap:wrap;\" ><div class=\"fusion-builder-row fusion-row\"><div class=\"fusion-layout-column fusion_builder_column fusion-builder-column-2 fusion_builder_column_1_1 1_1 fusion-one-full fusion-column-first fusion-column-last\" style=\"--awb-bg-size:cover;\"><div class=\"fusion-column-wrapper fusion-column-has-shadow fusion-flex-column-wrapper-legacy\"><div class=\"fusion-title title fusion-title-2 fusion-sep-none fusion-title-center fusion-title-text fusion-title-size-two\"><h2 class=\"fusion-title-heading title-heading-center\" style=\"margin:0;\"><h2 class=\"title-heading-center\">R\u00e9alisations en mati\u00e8re de traduction<\/h2><\/h2><\/div><style type=\"text\/css\">.fusion-portfolio-wrapper#fusion-portfolio-1 .fusion-portfolio-content{  text-align: left; }<\/style><div class=\"fusion-recent-works fusion-portfolio-element fusion-portfolio fusion-portfolio-1 fusion-portfolio-grid fusion-portfolio-paging-load-more-button fusion-portfolio-three fusion-portfolio-unboxed fusion-portfolio-text fusion-portfolio-equal-heights\" data-id=\"-rw-1\" data-columns=\"three\"><style type=\"text\/css\">.fusion-portfolio-1 .fusion-portfolio-wrapper .fusion-col-spacing{padding:10px;}<\/style><div class=\"fusion-portfolio-wrapper\" id=\"fusion-portfolio-1\" data-picturesize=\"fixed\" data-pages=\"3\" style=\"margin:-10px;\"><article id=\"portfolio-1-post-20497\" class=\"fusion-portfolio-post traduction-et-localisation voice-over-narration fusion-col-spacing post-20497\"><div class=\"fusion-portfolio-content-wrapper\" style=\"border:none;\"><span class=\"vcard rich-snippet-hidden\"><span class=\"fn\"><a href=\"https:\/\/www.latmultilingual.com\/fr\/blog\/author\/lauramcleod\/\" title=\"Articles par Laura McLeod\" rel=\"author\">Laura McLeod<\/a><\/span><\/span><span class=\"updated rich-snippet-hidden\">2020-12-15T13:49:59-08:00<\/span><div  class=\"fusion-image-wrapper fusion-image-size-fixed\" aria-haspopup=\"true\">\n\t\t\t\t\t\t\t<a href=\"https:\/\/www.latmultilingual.com\/fr\/blog\/case-studies\/bc-1-call\/\" aria-label=\"BC 1 Call\">\n\t\t\t\t\t\t\t<img decoding=\"async\" width=\"300\" height=\"214\" src=\"data:image\/svg+xml,%3Csvg%20xmlns%3D%27http%3A%2F%2Fwww.w3.org%2F2000%2Fsvg%27%20width%3D%27300%27%20height%3D%27214%27%20viewBox%3D%270%200%20300%20214%27%3E%3Crect%20width%3D%27300%27%20height%3D%27214%27%20fill-opacity%3D%220%22%2F%3E%3C%2Fsvg%3E\" data-orig-src=\"https:\/\/www.latmultilingual.com\/wp-content\/uploads\/2020\/10\/BC1Call_Punjabi-300x214.png\" class=\"lazyload attachment-portfolio-three size-portfolio-three wp-post-image\" alt=\"\" \/>\t\t\t<\/a>\n\t\t\t\t\t\t\t<\/div>\n<div class=\"fusion-portfolio-content\"><h2 class=\"entry-title fusion-post-title\"><a href=\"https:\/\/www.latmultilingual.com\/fr\/blog\/case-studies\/bc-1-call\/\">BC 1 Call<\/a><\/h2><div class=\"fusion-post-content\"><p>LAT a traduit les ressources de BC 1 Call sur les pratiques d\u2019excavation s\u00e9curitaires en chinois et en punjabi pour rejoindre le public diversifi\u00e9 de la Colombie-Britannique.<\/p><\/div><\/div><\/div><\/article><article id=\"portfolio-1-post-13065\" class=\"fusion-portfolio-post emballage-et-etiquetage-bilingues marche-francophone-au-canada traduction-et-localisation fusion-col-spacing post-13065\"><div class=\"fusion-portfolio-content-wrapper\" style=\"border:none;\"><span class=\"vcard rich-snippet-hidden\"><span class=\"fn\"><a href=\"https:\/\/www.latmultilingual.com\/fr\/blog\/author\/kin-lo\/\" title=\"Articles par Kin Lo\" rel=\"author\">Kin Lo<\/a><\/span><\/span><span class=\"updated rich-snippet-hidden\">2020-10-26T11:42:01-07:00<\/span><div  class=\"fusion-image-wrapper fusion-image-size-fixed\" aria-haspopup=\"true\">\n\t\t\t\t\t\t\t<a href=\"https:\/\/www.latmultilingual.com\/fr\/blog\/case-studies\/kao\/\" aria-label=\"KAO\">\n\t\t\t\t\t\t\t<img decoding=\"async\" width=\"300\" height=\"214\" src=\"data:image\/svg+xml,%3Csvg%20xmlns%3D%27http%3A%2F%2Fwww.w3.org%2F2000%2Fsvg%27%20width%3D%27300%27%20height%3D%27214%27%20viewBox%3D%270%200%20300%20214%27%3E%3Crect%20width%3D%27300%27%20height%3D%27214%27%20fill-opacity%3D%220%22%2F%3E%3C%2Fsvg%3E\" data-orig-src=\"https:\/\/www.latmultilingual.com\/wp-content\/uploads\/2016\/05\/johnfrieda-300x214.jpg\" class=\"lazyload attachment-portfolio-three size-portfolio-three wp-post-image\" alt=\"\" \/>\t\t\t<\/a>\n\t\t\t\t\t\t\t<\/div>\n<div class=\"fusion-portfolio-content\"><h2 class=\"entry-title fusion-post-title\"><a href=\"https:\/\/www.latmultilingual.com\/fr\/blog\/case-studies\/kao\/\">KAO<\/a><\/h2><div class=\"fusion-post-content\"><p>KAO est une entreprise japonaise qui g\u00e8re des marques populaires telles que Jergens, John Frieda et Bior\u00e9. En raison de sa port\u00e9e mondiale, KAO a besoin de contenus localis\u00e9s pour promouvoir avec succ\u00e8s son large \u00e9ventail de produits aupr\u00e8s de publics tr\u00e8s diversifi\u00e9s.<\/p><\/div><\/div><\/div><\/article><article id=\"portfolio-1-post-13068\" class=\"fusion-portfolio-post traduction-et-localisation fusion-col-spacing post-13068\"><div class=\"fusion-portfolio-content-wrapper\" style=\"border:none;\"><span class=\"vcard rich-snippet-hidden\"><span class=\"fn\"><a href=\"https:\/\/www.latmultilingual.com\/fr\/blog\/author\/kin-lo\/\" title=\"Articles par Kin Lo\" rel=\"author\">Kin Lo<\/a><\/span><\/span><span class=\"updated rich-snippet-hidden\">2020-10-09T15:08:45-07:00<\/span><div  class=\"fusion-image-wrapper fusion-image-size-fixed\" aria-haspopup=\"true\">\n\t\t\t\t\t\t\t<a href=\"https:\/\/www.latmultilingual.com\/fr\/blog\/case-studies\/aecom\/\" aria-label=\"AECOM\">\n\t\t\t\t\t\t\t<img decoding=\"async\" width=\"300\" height=\"214\" src=\"data:image\/svg+xml,%3Csvg%20xmlns%3D%27http%3A%2F%2Fwww.w3.org%2F2000%2Fsvg%27%20width%3D%27300%27%20height%3D%27214%27%20viewBox%3D%270%200%20300%20214%27%3E%3Crect%20width%3D%27300%27%20height%3D%27214%27%20fill-opacity%3D%220%22%2F%3E%3C%2Fsvg%3E\" data-orig-src=\"https:\/\/www.latmultilingual.com\/wp-content\/uploads\/2016\/05\/CaseStudy_AECOM-300x214.jpg\" class=\"lazyload attachment-portfolio-three size-portfolio-three wp-post-image\" alt=\"\" \/>\t\t\t<\/a>\n\t\t\t\t\t\t\t<\/div>\n<div class=\"fusion-portfolio-content\"><h2 class=\"entry-title fusion-post-title\"><a href=\"https:\/\/www.latmultilingual.com\/fr\/blog\/case-studies\/aecom\/\">AECOM<\/a><\/h2><div class=\"fusion-post-content\"><p>Notre \u00e9quipe de sp\u00e9cialistes des services linguistiques assure que les projets de traduction d\u2019AECOM sont livr\u00e9s \u00e0 temps, sans compromis sur la qualit\u00e9.<\/p><\/div><\/div><\/div><\/article><\/div><button class=\"fusion-load-more-button fusion-portfolio-button fusion-clearfix\">Plus de publications<\/button><div class=\"fusion-infinite-scroll-trigger\"><\/div><div class=\"pagination infinite-scroll clearfix\" style=\"display:none;\"><span class=\"current\">1<\/span><a href=\"https:\/\/www.latmultilingual.com\/fr\/wp-json\/wp\/v2\/pages\/22142\/page\/2\/\" class=\"inactive\">2<\/a><a href=\"https:\/\/www.latmultilingual.com\/fr\/wp-json\/wp\/v2\/pages\/22142\/page\/3\/\" class=\"inactive\">3<\/a><a class=\"pagination-next\" rel=\"next\" href=\"https:\/\/www.latmultilingual.com\/fr\/wp-json\/wp\/v2\/pages\/22142\/page\/2\/\"><span class=\"page-text\">Suivant<\/span><span class=\"page-next\"><\/span><\/a><\/div><div class=\"fusion-clearfix\"><\/div><\/div><div class=\"fusion-clearfix\"><\/div><\/div><\/div><\/div><\/div>\n","protected":false},"excerpt":{"rendered":"","protected":false},"author":78,"featured_media":0,"parent":0,"menu_order":0,"comment_status":"open","ping_status":"closed","template":"100-width.php","meta":{"_acf_changed":false,"footnotes":""},"class_list":["post-22142","page","type-page","status-publish","hentry"],"acf":[],"yoast_head":"<!-- This site is optimized with the Yoast SEO plugin v27.2 - https:\/\/yoast.com\/product\/yoast-seo-wordpress\/ -->\n<title>Services de traduction - LAT Multilingue Traduction et Marketing<\/title>\n<meta name=\"description\" content=\"LAT vous aide \u00e0 faire rayonner votre marque aupr\u00e8s de vos clients gr\u00e2ce \u00e0 des services de traduction de qualit\u00e9, dans leur langue.\" \/>\n<meta name=\"robots\" content=\"index, follow, max-snippet:-1, max-image-preview:large, max-video-preview:-1\" \/>\n<link rel=\"canonical\" href=\"https:\/\/www.latmultilingual.com\/fr\/services-de-traduction\/\" \/>\n<meta property=\"og:locale\" content=\"fr_FR\" \/>\n<meta property=\"og:type\" content=\"article\" \/>\n<meta property=\"og:title\" content=\"Services de traduction - LAT Multilingue Traduction et Marketing\" \/>\n<meta property=\"og:description\" content=\"LAT vous aide \u00e0 faire rayonner votre marque aupr\u00e8s de vos clients gr\u00e2ce \u00e0 des services de traduction de qualit\u00e9, dans leur langue.\" \/>\n<meta property=\"og:url\" content=\"https:\/\/www.latmultilingual.com\/fr\/services-de-traduction\/\" \/>\n<meta property=\"og:site_name\" content=\"LAT Multilingue Traduction et Marketing\" \/>\n<meta property=\"article:publisher\" content=\"https:\/\/www.facebook.com\/LATMultilingual\/\" \/>\n<meta property=\"article:modified_time\" content=\"2022-08-04T20:13:59+00:00\" \/>\n<meta name=\"twitter:card\" content=\"summary_large_image\" \/>\n<meta name=\"twitter:site\" content=\"@LATMultilingual\" \/>\n<meta name=\"twitter:label1\" content=\"Dur\u00e9e de lecture estim\u00e9e\" \/>\n\t<meta name=\"twitter:data1\" content=\"4 minutes\" \/>\n<script type=\"application\/ld+json\" class=\"yoast-schema-graph\">{\"@context\":\"https:\/\/schema.org\",\"@graph\":[{\"@type\":\"WebPage\",\"@id\":\"https:\/\/www.latmultilingual.com\/fr\/services-de-traduction\/\",\"url\":\"https:\/\/www.latmultilingual.com\/fr\/services-de-traduction\/\",\"name\":\"Services de traduction - LAT Multilingue Traduction et Marketing\",\"isPartOf\":{\"@id\":\"https:\/\/www.latmultilingual.com\/fr\/#website\"},\"datePublished\":\"2022-03-07T23:52:57+00:00\",\"dateModified\":\"2022-08-04T20:13:59+00:00\",\"description\":\"LAT vous aide \u00e0 faire rayonner votre marque aupr\u00e8s de vos clients gr\u00e2ce \u00e0 des services de traduction de qualit\u00e9, dans leur langue.\",\"breadcrumb\":{\"@id\":\"https:\/\/www.latmultilingual.com\/fr\/services-de-traduction\/#breadcrumb\"},\"inLanguage\":\"fr-FR\",\"potentialAction\":[{\"@type\":\"ReadAction\",\"target\":[\"https:\/\/www.latmultilingual.com\/fr\/services-de-traduction\/\"]}]},{\"@type\":\"BreadcrumbList\",\"@id\":\"https:\/\/www.latmultilingual.com\/fr\/services-de-traduction\/#breadcrumb\",\"itemListElement\":[{\"@type\":\"ListItem\",\"position\":1,\"name\":\"Home\",\"item\":\"https:\/\/www.latmultilingual.com\/fr\/\"},{\"@type\":\"ListItem\",\"position\":2,\"name\":\"Services de traduction\"}]},{\"@type\":\"WebSite\",\"@id\":\"https:\/\/www.latmultilingual.com\/fr\/#website\",\"url\":\"https:\/\/www.latmultilingual.com\/fr\/\",\"name\":\"LAT Multilingual\",\"description\":\"Reach New Markets with Quality Translation and Cultural Marketing Services\",\"publisher\":{\"@id\":\"https:\/\/www.latmultilingual.com\/fr\/#organization\"},\"potentialAction\":[{\"@type\":\"SearchAction\",\"target\":{\"@type\":\"EntryPoint\",\"urlTemplate\":\"https:\/\/www.latmultilingual.com\/fr\/?s={search_term_string}\"},\"query-input\":{\"@type\":\"PropertyValueSpecification\",\"valueRequired\":true,\"valueName\":\"search_term_string\"}}],\"inLanguage\":\"fr-FR\"},{\"@type\":\"Organization\",\"@id\":\"https:\/\/www.latmultilingual.com\/fr\/#organization\",\"name\":\"LAT Multilingual\",\"url\":\"https:\/\/www.latmultilingual.com\/fr\/\",\"logo\":{\"@type\":\"ImageObject\",\"inLanguage\":\"fr-FR\",\"@id\":\"https:\/\/www.latmultilingual.com\/fr\/#\/schema\/logo\/image\/\",\"url\":\"https:\/\/www.latmultilingual.com\/wp-content\/uploads\/2024\/02\/retina-logo-en.png\",\"contentUrl\":\"https:\/\/www.latmultilingual.com\/wp-content\/uploads\/2024\/02\/retina-logo-en.png\",\"width\":450,\"height\":122,\"caption\":\"LAT Multilingual\"},\"image\":{\"@id\":\"https:\/\/www.latmultilingual.com\/fr\/#\/schema\/logo\/image\/\"},\"sameAs\":[\"https:\/\/www.facebook.com\/LATMultilingual\/\",\"https:\/\/x.com\/LATMultilingual\",\"https:\/\/www.linkedin.com\/company\/215205\/admin\/updates\/\"]}]}<\/script>\n<!-- \/ Yoast SEO plugin. -->","yoast_head_json":{"title":"Services de traduction - LAT Multilingue Traduction et Marketing","description":"LAT vous aide \u00e0 faire rayonner votre marque aupr\u00e8s de vos clients gr\u00e2ce \u00e0 des services de traduction de qualit\u00e9, dans leur langue.","robots":{"index":"index","follow":"follow","max-snippet":"max-snippet:-1","max-image-preview":"max-image-preview:large","max-video-preview":"max-video-preview:-1"},"canonical":"https:\/\/www.latmultilingual.com\/fr\/services-de-traduction\/","og_locale":"fr_FR","og_type":"article","og_title":"Services de traduction - LAT Multilingue Traduction et Marketing","og_description":"LAT vous aide \u00e0 faire rayonner votre marque aupr\u00e8s de vos clients gr\u00e2ce \u00e0 des services de traduction de qualit\u00e9, dans leur langue.","og_url":"https:\/\/www.latmultilingual.com\/fr\/services-de-traduction\/","og_site_name":"LAT Multilingue Traduction et Marketing","article_publisher":"https:\/\/www.facebook.com\/LATMultilingual\/","article_modified_time":"2022-08-04T20:13:59+00:00","twitter_card":"summary_large_image","twitter_site":"@LATMultilingual","twitter_misc":{"Dur\u00e9e de lecture estim\u00e9e":"4 minutes"},"schema":{"@context":"https:\/\/schema.org","@graph":[{"@type":"WebPage","@id":"https:\/\/www.latmultilingual.com\/fr\/services-de-traduction\/","url":"https:\/\/www.latmultilingual.com\/fr\/services-de-traduction\/","name":"Services de traduction - LAT Multilingue Traduction et Marketing","isPartOf":{"@id":"https:\/\/www.latmultilingual.com\/fr\/#website"},"datePublished":"2022-03-07T23:52:57+00:00","dateModified":"2022-08-04T20:13:59+00:00","description":"LAT vous aide \u00e0 faire rayonner votre marque aupr\u00e8s de vos clients gr\u00e2ce \u00e0 des services de traduction de qualit\u00e9, dans leur langue.","breadcrumb":{"@id":"https:\/\/www.latmultilingual.com\/fr\/services-de-traduction\/#breadcrumb"},"inLanguage":"fr-FR","potentialAction":[{"@type":"ReadAction","target":["https:\/\/www.latmultilingual.com\/fr\/services-de-traduction\/"]}]},{"@type":"BreadcrumbList","@id":"https:\/\/www.latmultilingual.com\/fr\/services-de-traduction\/#breadcrumb","itemListElement":[{"@type":"ListItem","position":1,"name":"Home","item":"https:\/\/www.latmultilingual.com\/fr\/"},{"@type":"ListItem","position":2,"name":"Services de traduction"}]},{"@type":"WebSite","@id":"https:\/\/www.latmultilingual.com\/fr\/#website","url":"https:\/\/www.latmultilingual.com\/fr\/","name":"LAT Multilingual","description":"Reach New Markets with Quality Translation and Cultural Marketing Services","publisher":{"@id":"https:\/\/www.latmultilingual.com\/fr\/#organization"},"potentialAction":[{"@type":"SearchAction","target":{"@type":"EntryPoint","urlTemplate":"https:\/\/www.latmultilingual.com\/fr\/?s={search_term_string}"},"query-input":{"@type":"PropertyValueSpecification","valueRequired":true,"valueName":"search_term_string"}}],"inLanguage":"fr-FR"},{"@type":"Organization","@id":"https:\/\/www.latmultilingual.com\/fr\/#organization","name":"LAT Multilingual","url":"https:\/\/www.latmultilingual.com\/fr\/","logo":{"@type":"ImageObject","inLanguage":"fr-FR","@id":"https:\/\/www.latmultilingual.com\/fr\/#\/schema\/logo\/image\/","url":"https:\/\/www.latmultilingual.com\/wp-content\/uploads\/2024\/02\/retina-logo-en.png","contentUrl":"https:\/\/www.latmultilingual.com\/wp-content\/uploads\/2024\/02\/retina-logo-en.png","width":450,"height":122,"caption":"LAT Multilingual"},"image":{"@id":"https:\/\/www.latmultilingual.com\/fr\/#\/schema\/logo\/image\/"},"sameAs":["https:\/\/www.facebook.com\/LATMultilingual\/","https:\/\/x.com\/LATMultilingual","https:\/\/www.linkedin.com\/company\/215205\/admin\/updates\/"]}]}},"_links":{"self":[{"href":"https:\/\/www.latmultilingual.com\/fr\/wp-json\/wp\/v2\/pages\/22142","targetHints":{"allow":["GET"]}}],"collection":[{"href":"https:\/\/www.latmultilingual.com\/fr\/wp-json\/wp\/v2\/pages"}],"about":[{"href":"https:\/\/www.latmultilingual.com\/fr\/wp-json\/wp\/v2\/types\/page"}],"author":[{"embeddable":true,"href":"https:\/\/www.latmultilingual.com\/fr\/wp-json\/wp\/v2\/users\/78"}],"replies":[{"embeddable":true,"href":"https:\/\/www.latmultilingual.com\/fr\/wp-json\/wp\/v2\/comments?post=22142"}],"version-history":[{"count":0,"href":"https:\/\/www.latmultilingual.com\/fr\/wp-json\/wp\/v2\/pages\/22142\/revisions"}],"wp:attachment":[{"href":"https:\/\/www.latmultilingual.com\/fr\/wp-json\/wp\/v2\/media?parent=22142"}],"curies":[{"name":"wp","href":"https:\/\/api.w.org\/{rel}","templated":true}]}}