{"id":18382,"date":"2020-08-18T13:39:16","date_gmt":"2020-08-18T20:39:16","guid":{"rendered":"https:\/\/www.latmultilingual.com\/?page_id=18382"},"modified":"2026-01-16T12:40:41","modified_gmt":"2026-01-16T20:40:41","slug":"anglais-canadien","status":"publish","type":"page","link":"https:\/\/www.latmultilingual.com\/fr\/anglais-canadien\/","title":{"rendered":"Diversit\u00e9 canadienne"},"content":{"rendered":"<div class=\"fusion-fullwidth fullwidth-box fusion-builder-row-1 grey-section nonhundred-percent-fullwidth non-hundred-percent-height-scrolling\" style=\"--awb-border-radius-top-left:0px;--awb-border-radius-top-right:0px;--awb-border-radius-bottom-right:0px;--awb-border-radius-bottom-left:0px;--awb-flex-wrap:wrap;\" ><div class=\"fusion-builder-row fusion-row\"><div class=\"fusion-layout-column fusion_builder_column fusion-builder-column-0 fusion_builder_column_2_3 2_3 fusion-two-third fusion-column-first\" style=\"--awb-bg-size:cover;width:66.666666666667%;width:calc(66.666666666667% - ( ( 4% ) * 0.66666666666667 ) );margin-right: 4%;\"><div class=\"fusion-column-wrapper fusion-column-has-shadow fusion-flex-column-wrapper-legacy\"><div class=\"fusion-title title fusion-title-1 fusion-sep-none fusion-title-text fusion-title-size-one\"><h1 class=\"fusion-title-heading title-heading-left\" style=\"margin:0;\"><h2>Rejoignez les diverses communaut\u00e9s du Canada en allant au-del\u00e0 des langues officielles<\/h2><\/h1><\/div><div class=\"fusion-text fusion-text-1\"><p style=\"text-align: left;\" align=\"justify\">Si vous pensez au march\u00e9 canadien, il est naturel que les deux langues officielles vous viennent \u00e0 l\u2019esprit\u00a0: le fran\u00e7ais et l\u2019anglais. Ce que vous ne savez peut-\u00eatre pas, c\u2019est qu\u2019un Canadien sur quatre parle une autre langue maternelle.<\/p>\n<p style=\"text-align: left;\" align=\"justify\">Les sept langues les plus parl\u00e9es du pays, apr\u00e8s l\u2019anglais et le fran\u00e7ais, sont le mandarin, le cantonais, le punjabi, l\u2019espagnol, le tagalog, l\u2019arabe et l\u2019italien. Toutefois, la r\u00e9partition de leurs locuteurs varie d\u2019une province \u00e0 l\u2019autre. L\u2019aide d\u2019un cabinet professionnel peut \u00eatre inestimable pour vous y retrouver.<\/p>\n<p style=\"text-align: left;\">Voici les services que nous offrons\u00a0:<\/p>\n<ul>\n<li style=\"text-align: left;\">\u00e9tudes de march\u00e9 et connaissances de votre march\u00e9 cible;<\/li>\n<li style=\"text-align: left;\">services de traduction et de transcr\u00e9ation pour adapter votre contenu marketing;<\/li>\n<li style=\"text-align: left;\">traductions de qualit\u00e9 exceptionnelles cr\u00e9\u00e9es par des traducteurs \u00e9tablis dans le march\u00e9 et soumises \u00e0 un processus de contr\u00f4le de la qualit\u00e9 rigoureux;<\/li>\n<li style=\"text-align: left;\">outils de gestion en ligne pour faire le suivi de vos demandes de traduction;<\/li>\n<li style=\"text-align: left;\">sp\u00e9cialistes linguistiques internes avec le savoir-faire pour rejoindre ces communaut\u00e9s.<\/li>\n<\/ul>\n<\/div><div class=\"fusion-aligncenter\"><a class=\"fusion-button button-flat button-large button-default fusion-button-default button-1 fusion-button-default-span fusion-button-default-type\" target=\"_self\" href=\"https:\/\/www.latmultilingual.com\/fr\/obtenez-un-devis\/\"><span class=\"fusion-button-text\">Demander un devis<\/span><\/a><\/div><div class=\"fusion-clearfix\"><\/div><\/div><\/div><div class=\"fusion-layout-column fusion_builder_column fusion-builder-column-1 fusion_builder_column_1_3 1_3 fusion-one-third fusion-column-last\" style=\"--awb-bg-size:cover;width:33.333333333333%;width:calc(33.333333333333% - ( ( 4% ) * 0.33333333333333 ) );\"><div class=\"fusion-column-wrapper fusion-column-has-shadow fusion-flex-column-wrapper-legacy\"><div class=\"fusion-text fusion-text-2\"><blockquote>\n<p style=\"text-align: left;\" align=\"justify\">LAT est un partenaire exceptionnel et remarquablement efficace. Notre situation est en constante \u00e9volution, mais chaque fois, quoiqu\u2019il arrive, nous arrivons toujours \u00e0 livrer un produit impeccable gr\u00e2ce \u00e0 LAT.<\/p>\n<p style=\"text-align: left;\"><strong>Jean LeTarte<\/strong><br \/>\n<span class=\"medium-blue\">TC Transcontinental\u00a0<\/span><\/p>\n<\/blockquote>\n<blockquote>\n<p style=\"text-align: left;\" align=\"justify\">Mon exp\u00e9rience avec LAT a toujours \u00e9t\u00e9 excellente! L\u2019\u00e9quipe est fiable, professionnelle et d\u2019un abord agr\u00e9able, et elle nous fournit toujours des services qui correspondent parfaitement aux besoins de l\u2019industrie dans laquelle nous travaillons.<\/p>\n<p style=\"text-align: left;\"><strong>Sabrina Farolan<\/strong><br \/>\n<span class=\"medium-blue\">Brightworks<\/span><\/p>\n<\/blockquote>\n<\/div><div class=\"fusion-clearfix\"><\/div><\/div><\/div><\/div><\/div><div class=\"fusion-fullwidth fullwidth-box fusion-builder-row-2 nonhundred-percent-fullwidth non-hundred-percent-height-scrolling\" style=\"--awb-border-radius-top-left:0px;--awb-border-radius-top-right:0px;--awb-border-radius-bottom-right:0px;--awb-border-radius-bottom-left:0px;--awb-flex-wrap:wrap;\" ><div class=\"fusion-builder-row fusion-row\"><div class=\"fusion-layout-column fusion_builder_column fusion-builder-column-2 fusion_builder_column_1_1 1_1 fusion-one-full fusion-column-first fusion-column-last\" style=\"--awb-bg-size:cover;\"><div class=\"fusion-column-wrapper fusion-column-has-shadow fusion-flex-column-wrapper-legacy\"><div class=\"fusion-title title fusion-title-2 fusion-sep-none fusion-title-center fusion-title-text fusion-title-size-two\"><h2 class=\"fusion-title-heading title-heading-center\" style=\"margin:0;\"><h2>R\u00e9alisations pour le march\u00e9 canadien<\/h2>\n<p>&nbsp;<\/p><\/h2><\/div><style type=\"text\/css\">.fusion-portfolio-wrapper#fusion-portfolio-1 .fusion-portfolio-content{  text-align: left; }<\/style><div class=\"fusion-recent-works fusion-portfolio-element fusion-portfolio fusion-portfolio-1 fusion-portfolio-grid fusion-portfolio-paging-load-more-button fusion-portfolio-three fusion-portfolio-unboxed fusion-portfolio-text fusion-portfolio-equal-heights\" data-id=\"-rw-1\" data-columns=\"three\"><style type=\"text\/css\">.fusion-portfolio-1 .fusion-portfolio-wrapper .fusion-col-spacing{padding:10px;}<\/style><div class=\"fusion-portfolio-wrapper\" id=\"fusion-portfolio-1\" data-picturesize=\"fixed\" data-pages=\"2\" style=\"margin:-10px;\"><article id=\"portfolio-1-post-28419\" class=\"fusion-portfolio-post emballage-et-etiquetage-bilingues marche-francophone-au-canada fusion-col-spacing post-28419\"><div class=\"fusion-portfolio-content-wrapper\" style=\"border:none;\"><span class=\"vcard rich-snippet-hidden\"><span class=\"fn\"><a href=\"https:\/\/www.latmultilingual.com\/fr\/blog\/author\/lauramcleod\/\" title=\"Articles par Laura McLeod\" rel=\"author\">Laura McLeod<\/a><\/span><\/span><span class=\"updated rich-snippet-hidden\">2024-10-09T12:09:23-07:00<\/span><div  class=\"fusion-image-wrapper fusion-image-size-fixed\" aria-haspopup=\"true\">\n\t\t\t\t\t\t\t<a href=\"https:\/\/www.latmultilingual.com\/fr\/blog\/case-studies\/services-de-traduction-en-francais-canadien-pour-litehouse-foods\/\" aria-label=\"Services de traduction en fran\u00e7ais canadien pour Litehouse Foods\">\n\t\t\t\t\t\t\t<img decoding=\"async\" width=\"300\" height=\"214\" src=\"data:image\/svg+xml,%3Csvg%20xmlns%3D%27http%3A%2F%2Fwww.w3.org%2F2000%2Fsvg%27%20width%3D%27300%27%20height%3D%27214%27%20viewBox%3D%270%200%20300%20214%27%3E%3Crect%20width%3D%27300%27%20height%3D%27214%27%20fill-opacity%3D%220%22%2F%3E%3C%2Fsvg%3E\" data-orig-src=\"https:\/\/www.latmultilingual.com\/wp-content\/uploads\/2020\/12\/Litehouse_CaseStudy_Web-300x214.jpg\" class=\"lazyload attachment-portfolio-three size-portfolio-three wp-post-image\" alt=\"\" \/>\t\t\t<\/a>\n\t\t\t\t\t\t\t<\/div>\n<div class=\"fusion-portfolio-content\"><h2 class=\"entry-title fusion-post-title\"><a href=\"https:\/\/www.latmultilingual.com\/fr\/blog\/case-studies\/services-de-traduction-en-francais-canadien-pour-litehouse-foods\/\">Services de traduction en fran\u00e7ais canadien pour Litehouse Foods<\/a><\/h2><div class=\"fusion-post-content\"><p>Litehouse est un important producteur et distributeur de produits r\u00e9frig\u00e9r\u00e9s tels que des vinaigrettes, des trempettes, des sauces et des herbes lyophilis\u00e9es aux \u00c9tats-Unis. Pour se d\u00e9velopper sur le march\u00e9 canadien, Litehouse a fait appel \u00e0 une entreprise de traduction professionnelle, LAT, pour fournir des services de traduction en fran\u00e7ais canadien pour ses produits.<\/p><\/div><\/div><\/div><\/article><article id=\"portfolio-1-post-28404\" class=\"fusion-portfolio-post emballage-et-etiquetage-bilingues marche-francophone-au-canada traduction-francaise fusion-col-spacing post-28404\"><div class=\"fusion-portfolio-content-wrapper\" style=\"border:none;\"><span class=\"vcard rich-snippet-hidden\"><span class=\"fn\"><a href=\"https:\/\/www.latmultilingual.com\/fr\/blog\/author\/deepa\/\" title=\"Articles par Deepa Jatania\" rel=\"author\">Deepa Jatania<\/a><\/span><\/span><span class=\"updated rich-snippet-hidden\">2024-10-08T12:22:27-07:00<\/span><div  class=\"fusion-image-wrapper fusion-image-size-fixed\" aria-haspopup=\"true\">\n\t\t\t\t\t\t\t<a href=\"https:\/\/www.latmultilingual.com\/fr\/blog\/case-studies\/etiquettes-bilingues-au-canada-traduction-et-mise-en-page-de-plus-de-3-000-etiquettes-en-moins-de-3-mois-pour-kmart\/\" aria-label=\"\u00c9tiquettes bilingues au Canada : traduction et mise en page de plus de 3 000 \u00e9tiquettes en moins de 3 mois pour Kmart\">\n\t\t\t\t\t\t\t<img decoding=\"async\" width=\"300\" height=\"214\" src=\"data:image\/svg+xml,%3Csvg%20xmlns%3D%27http%3A%2F%2Fwww.w3.org%2F2000%2Fsvg%27%20width%3D%27300%27%20height%3D%27214%27%20viewBox%3D%270%200%20300%20214%27%3E%3Crect%20width%3D%27300%27%20height%3D%27214%27%20fill-opacity%3D%220%22%2F%3E%3C%2Fsvg%3E\" data-orig-src=\"https:\/\/www.latmultilingual.com\/wp-content\/uploads\/2024\/10\/Kmart-FR-300x214.png\" class=\"lazyload attachment-portfolio-three size-portfolio-three wp-post-image\" alt=\"\" \/>\t\t\t<\/a>\n\t\t\t\t\t\t\t<\/div>\n<div class=\"fusion-portfolio-content\"><h2 class=\"entry-title fusion-post-title\"><a href=\"https:\/\/www.latmultilingual.com\/fr\/blog\/case-studies\/etiquettes-bilingues-au-canada-traduction-et-mise-en-page-de-plus-de-3-000-etiquettes-en-moins-de-3-mois-pour-kmart\/\">\u00c9tiquettes bilingues au Canada : traduction et mise en page de plus de 3 000 \u00e9tiquettes en moins de 3 mois pour Kmart<\/a><\/h2><div class=\"fusion-post-content\"><p>Kmart, une entreprise de vente au d\u00e9tail bas\u00e9e \u00e0 Hoffman Estates, dans l\u2019Illinois (\u00c9tats-Unis), exploite une cha\u00eene de magasins \u00e0 grande surface. \r\n<\/p><\/div><\/div><\/div><\/article><article id=\"portfolio-1-post-26915\" class=\"fusion-portfolio-post marche-francophone-au-canada traduction-de-sites-web fusion-col-spacing post-26915\"><div class=\"fusion-portfolio-content-wrapper\" style=\"border:none;\"><span class=\"vcard rich-snippet-hidden\"><span class=\"fn\"><a href=\"https:\/\/www.latmultilingual.com\/fr\/blog\/author\/chrislatmultilingual-com\/\" title=\"Articles par Chris Keam\" rel=\"author\">Chris Keam<\/a><\/span><\/span><span class=\"updated rich-snippet-hidden\">2024-08-28T10:11:18-07:00<\/span><div  class=\"fusion-image-wrapper fusion-image-size-fixed\" aria-haspopup=\"true\">\n\t\t\t\t\t\t\t<a href=\"https:\/\/www.latmultilingual.com\/fr\/blog\/case-studies\/msss-multilingual-webpage-translation\/\" aria-label=\"Le MSSS \u00e9largit son audience gr\u00e2ce aux services de traduction multilingue de LAT\">\n\t\t\t\t\t\t\t<img decoding=\"async\" width=\"300\" height=\"214\" src=\"data:image\/svg+xml,%3Csvg%20xmlns%3D%27http%3A%2F%2Fwww.w3.org%2F2000%2Fsvg%27%20width%3D%27300%27%20height%3D%27214%27%20viewBox%3D%270%200%20300%20214%27%3E%3Crect%20width%3D%27300%27%20height%3D%27214%27%20fill-opacity%3D%220%22%2F%3E%3C%2Fsvg%3E\" data-orig-src=\"https:\/\/www.latmultilingual.com\/wp-content\/uploads\/2022\/03\/Ministry-of-Health-Social-Services-EN-300x214.jpg\" class=\"lazyload attachment-portfolio-three size-portfolio-three wp-post-image\" alt=\"Computer screen showing Ministry of Health &amp; Social Services multilingual webpage translation\" \/>\t\t\t<\/a>\n\t\t\t\t\t\t\t<\/div>\n<div class=\"fusion-portfolio-content\"><h2 class=\"entry-title fusion-post-title\"><a href=\"https:\/\/www.latmultilingual.com\/fr\/blog\/case-studies\/msss-multilingual-webpage-translation\/\">Le MSSS \u00e9largit son audience gr\u00e2ce aux services de traduction multilingue de LAT<\/a><\/h2><div class=\"fusion-post-content\"><p>Lorsque le minist\u00e8re de la Sant\u00e9 et des Services sociaux du Qu\u00e9bec a lanc\u00e9 son nouveau service \u00ab Ma grossesse \u00bb, il souhaitait le rendre aussi universellement accessible que possible. Pour y arriver, la page Web du service devait \u00eatre localis\u00e9e en 10 langues, dont 2 langues autochtones.<\/p><\/div><\/div><\/div><\/article><\/div><button class=\"fusion-load-more-button fusion-portfolio-button fusion-clearfix\">Plus de publications<\/button><div class=\"fusion-infinite-scroll-trigger\"><\/div><div class=\"pagination infinite-scroll clearfix\" style=\"display:none;\"><span class=\"current\">1<\/span><a href=\"https:\/\/www.latmultilingual.com\/fr\/wp-json\/wp\/v2\/pages\/18382\/page\/2\/\" class=\"inactive\">2<\/a><a class=\"pagination-next\" rel=\"next\" href=\"https:\/\/www.latmultilingual.com\/fr\/wp-json\/wp\/v2\/pages\/18382\/page\/2\/\"><span class=\"page-text\">Suivant<\/span><span class=\"page-next\"><\/span><\/a><\/div><div class=\"fusion-clearfix\"><\/div><\/div><div class=\"fusion-clearfix\"><\/div><\/div><\/div><\/div><\/div><div class=\"fusion-fullwidth fullwidth-box fusion-builder-row-3 nonhundred-percent-fullwidth non-hundred-percent-height-scrolling\" style=\"--awb-border-radius-top-left:0px;--awb-border-radius-top-right:0px;--awb-border-radius-bottom-right:0px;--awb-border-radius-bottom-left:0px;--awb-flex-wrap:wrap;\" ><div class=\"fusion-builder-row fusion-row\"><div class=\"fusion-layout-column fusion_builder_column fusion-builder-column-3 fusion_builder_column_1_1 1_1 fusion-one-full fusion-column-first fusion-column-last\" style=\"--awb-bg-size:cover;\"><div class=\"fusion-column-wrapper fusion-flex-column-wrapper-legacy\"><div class=\"fusion-clearfix\"><\/div><\/div><\/div><\/div><\/div>\n","protected":false},"excerpt":{"rendered":"","protected":false},"author":62,"featured_media":0,"parent":0,"menu_order":0,"comment_status":"open","ping_status":"closed","template":"100-width.php","meta":{"_acf_changed":false,"footnotes":""},"class_list":["post-18382","page","type-page","status-publish","hentry"],"acf":[],"yoast_head":"<!-- This site is optimized with the Yoast SEO plugin v27.5 - https:\/\/yoast.com\/product\/yoast-seo-wordpress\/ -->\n<title>Diversit\u00e9 canadienne | LAT<\/title>\n<meta name=\"description\" content=\"Rejoignez les diverses communaut\u00e9s du Canada en allant au-del\u00e0 des langues officielles.\" \/>\n<meta name=\"robots\" content=\"index, follow, max-snippet:-1, max-image-preview:large, max-video-preview:-1\" \/>\n<link rel=\"canonical\" href=\"https:\/\/www.latmultilingual.com\/fr\/anglais-canadien\/\" \/>\n<meta property=\"og:locale\" content=\"fr_FR\" \/>\n<meta property=\"og:type\" content=\"article\" \/>\n<meta property=\"og:title\" content=\"Diversit\u00e9 canadienne | LAT\" \/>\n<meta property=\"og:description\" content=\"Rejoignez les diverses communaut\u00e9s du Canada en allant au-del\u00e0 des langues officielles.\" \/>\n<meta property=\"og:url\" content=\"https:\/\/www.latmultilingual.com\/fr\/anglais-canadien\/\" \/>\n<meta property=\"og:site_name\" content=\"LAT Multilingue Traduction et Marketing\" \/>\n<meta property=\"article:publisher\" content=\"https:\/\/www.facebook.com\/LATMultilingual\/\" \/>\n<meta property=\"article:modified_time\" content=\"2026-01-16T20:40:41+00:00\" \/>\n<meta name=\"twitter:card\" content=\"summary_large_image\" \/>\n<meta name=\"twitter:site\" content=\"@LATMultilingual\" \/>\n<meta name=\"twitter:label1\" content=\"Dur\u00e9e de lecture estim\u00e9e\" \/>\n\t<meta name=\"twitter:data1\" content=\"3 minutes\" \/>\n<script type=\"application\/ld+json\" class=\"yoast-schema-graph\">{\"@context\":\"https:\\\/\\\/schema.org\",\"@graph\":[{\"@type\":\"WebPage\",\"@id\":\"https:\\\/\\\/www.latmultilingual.com\\\/fr\\\/anglais-canadien\\\/\",\"url\":\"https:\\\/\\\/www.latmultilingual.com\\\/fr\\\/anglais-canadien\\\/\",\"name\":\"Diversit\u00e9 canadienne | LAT\",\"isPartOf\":{\"@id\":\"https:\\\/\\\/www.latmultilingual.com\\\/fr\\\/#website\"},\"datePublished\":\"2020-08-18T20:39:16+00:00\",\"dateModified\":\"2026-01-16T20:40:41+00:00\",\"description\":\"Rejoignez les diverses communaut\u00e9s du Canada en allant au-del\u00e0 des langues officielles.\",\"breadcrumb\":{\"@id\":\"https:\\\/\\\/www.latmultilingual.com\\\/fr\\\/anglais-canadien\\\/#breadcrumb\"},\"inLanguage\":\"fr-FR\",\"potentialAction\":[{\"@type\":\"ReadAction\",\"target\":[\"https:\\\/\\\/www.latmultilingual.com\\\/fr\\\/anglais-canadien\\\/\"]}]},{\"@type\":\"BreadcrumbList\",\"@id\":\"https:\\\/\\\/www.latmultilingual.com\\\/fr\\\/anglais-canadien\\\/#breadcrumb\",\"itemListElement\":[{\"@type\":\"ListItem\",\"position\":1,\"name\":\"Home\",\"item\":\"https:\\\/\\\/www.latmultilingual.com\\\/fr\\\/\"},{\"@type\":\"ListItem\",\"position\":2,\"name\":\"Diversit\u00e9 canadienne\"}]},{\"@type\":\"WebSite\",\"@id\":\"https:\\\/\\\/www.latmultilingual.com\\\/fr\\\/#website\",\"url\":\"https:\\\/\\\/www.latmultilingual.com\\\/fr\\\/\",\"name\":\"LAT Multilingual\",\"description\":\"Reach New Markets with Quality Translation and Cultural Marketing Services\",\"publisher\":{\"@id\":\"https:\\\/\\\/www.latmultilingual.com\\\/fr\\\/#organization\"},\"potentialAction\":[{\"@type\":\"SearchAction\",\"target\":{\"@type\":\"EntryPoint\",\"urlTemplate\":\"https:\\\/\\\/www.latmultilingual.com\\\/fr\\\/?s={search_term_string}\"},\"query-input\":{\"@type\":\"PropertyValueSpecification\",\"valueRequired\":true,\"valueName\":\"search_term_string\"}}],\"inLanguage\":\"fr-FR\"},{\"@type\":\"Organization\",\"@id\":\"https:\\\/\\\/www.latmultilingual.com\\\/fr\\\/#organization\",\"name\":\"LAT Multilingual\",\"url\":\"https:\\\/\\\/www.latmultilingual.com\\\/fr\\\/\",\"logo\":{\"@type\":\"ImageObject\",\"inLanguage\":\"fr-FR\",\"@id\":\"https:\\\/\\\/www.latmultilingual.com\\\/fr\\\/#\\\/schema\\\/logo\\\/image\\\/\",\"url\":\"https:\\\/\\\/www.latmultilingual.com\\\/wp-content\\\/uploads\\\/2024\\\/02\\\/retina-logo-en.png\",\"contentUrl\":\"https:\\\/\\\/www.latmultilingual.com\\\/wp-content\\\/uploads\\\/2024\\\/02\\\/retina-logo-en.png\",\"width\":450,\"height\":122,\"caption\":\"LAT Multilingual\"},\"image\":{\"@id\":\"https:\\\/\\\/www.latmultilingual.com\\\/fr\\\/#\\\/schema\\\/logo\\\/image\\\/\"},\"sameAs\":[\"https:\\\/\\\/www.facebook.com\\\/LATMultilingual\\\/\",\"https:\\\/\\\/x.com\\\/LATMultilingual\",\"https:\\\/\\\/www.linkedin.com\\\/company\\\/215205\\\/admin\\\/updates\\\/\"]}]}<\/script>\n<!-- \/ Yoast SEO plugin. -->","yoast_head_json":{"title":"Diversit\u00e9 canadienne | LAT","description":"Rejoignez les diverses communaut\u00e9s du Canada en allant au-del\u00e0 des langues officielles.","robots":{"index":"index","follow":"follow","max-snippet":"max-snippet:-1","max-image-preview":"max-image-preview:large","max-video-preview":"max-video-preview:-1"},"canonical":"https:\/\/www.latmultilingual.com\/fr\/anglais-canadien\/","og_locale":"fr_FR","og_type":"article","og_title":"Diversit\u00e9 canadienne | LAT","og_description":"Rejoignez les diverses communaut\u00e9s du Canada en allant au-del\u00e0 des langues officielles.","og_url":"https:\/\/www.latmultilingual.com\/fr\/anglais-canadien\/","og_site_name":"LAT Multilingue Traduction et Marketing","article_publisher":"https:\/\/www.facebook.com\/LATMultilingual\/","article_modified_time":"2026-01-16T20:40:41+00:00","twitter_card":"summary_large_image","twitter_site":"@LATMultilingual","twitter_misc":{"Dur\u00e9e de lecture estim\u00e9e":"3 minutes"},"schema":{"@context":"https:\/\/schema.org","@graph":[{"@type":"WebPage","@id":"https:\/\/www.latmultilingual.com\/fr\/anglais-canadien\/","url":"https:\/\/www.latmultilingual.com\/fr\/anglais-canadien\/","name":"Diversit\u00e9 canadienne | LAT","isPartOf":{"@id":"https:\/\/www.latmultilingual.com\/fr\/#website"},"datePublished":"2020-08-18T20:39:16+00:00","dateModified":"2026-01-16T20:40:41+00:00","description":"Rejoignez les diverses communaut\u00e9s du Canada en allant au-del\u00e0 des langues officielles.","breadcrumb":{"@id":"https:\/\/www.latmultilingual.com\/fr\/anglais-canadien\/#breadcrumb"},"inLanguage":"fr-FR","potentialAction":[{"@type":"ReadAction","target":["https:\/\/www.latmultilingual.com\/fr\/anglais-canadien\/"]}]},{"@type":"BreadcrumbList","@id":"https:\/\/www.latmultilingual.com\/fr\/anglais-canadien\/#breadcrumb","itemListElement":[{"@type":"ListItem","position":1,"name":"Home","item":"https:\/\/www.latmultilingual.com\/fr\/"},{"@type":"ListItem","position":2,"name":"Diversit\u00e9 canadienne"}]},{"@type":"WebSite","@id":"https:\/\/www.latmultilingual.com\/fr\/#website","url":"https:\/\/www.latmultilingual.com\/fr\/","name":"LAT Multilingual","description":"Reach New Markets with Quality Translation and Cultural Marketing Services","publisher":{"@id":"https:\/\/www.latmultilingual.com\/fr\/#organization"},"potentialAction":[{"@type":"SearchAction","target":{"@type":"EntryPoint","urlTemplate":"https:\/\/www.latmultilingual.com\/fr\/?s={search_term_string}"},"query-input":{"@type":"PropertyValueSpecification","valueRequired":true,"valueName":"search_term_string"}}],"inLanguage":"fr-FR"},{"@type":"Organization","@id":"https:\/\/www.latmultilingual.com\/fr\/#organization","name":"LAT Multilingual","url":"https:\/\/www.latmultilingual.com\/fr\/","logo":{"@type":"ImageObject","inLanguage":"fr-FR","@id":"https:\/\/www.latmultilingual.com\/fr\/#\/schema\/logo\/image\/","url":"https:\/\/www.latmultilingual.com\/wp-content\/uploads\/2024\/02\/retina-logo-en.png","contentUrl":"https:\/\/www.latmultilingual.com\/wp-content\/uploads\/2024\/02\/retina-logo-en.png","width":450,"height":122,"caption":"LAT Multilingual"},"image":{"@id":"https:\/\/www.latmultilingual.com\/fr\/#\/schema\/logo\/image\/"},"sameAs":["https:\/\/www.facebook.com\/LATMultilingual\/","https:\/\/x.com\/LATMultilingual","https:\/\/www.linkedin.com\/company\/215205\/admin\/updates\/"]}]}},"_links":{"self":[{"href":"https:\/\/www.latmultilingual.com\/fr\/wp-json\/wp\/v2\/pages\/18382","targetHints":{"allow":["GET"]}}],"collection":[{"href":"https:\/\/www.latmultilingual.com\/fr\/wp-json\/wp\/v2\/pages"}],"about":[{"href":"https:\/\/www.latmultilingual.com\/fr\/wp-json\/wp\/v2\/types\/page"}],"author":[{"embeddable":true,"href":"https:\/\/www.latmultilingual.com\/fr\/wp-json\/wp\/v2\/users\/62"}],"replies":[{"embeddable":true,"href":"https:\/\/www.latmultilingual.com\/fr\/wp-json\/wp\/v2\/comments?post=18382"}],"version-history":[{"count":2,"href":"https:\/\/www.latmultilingual.com\/fr\/wp-json\/wp\/v2\/pages\/18382\/revisions"}],"predecessor-version":[{"id":29104,"href":"https:\/\/www.latmultilingual.com\/fr\/wp-json\/wp\/v2\/pages\/18382\/revisions\/29104"}],"wp:attachment":[{"href":"https:\/\/www.latmultilingual.com\/fr\/wp-json\/wp\/v2\/media?parent=18382"}],"curies":[{"name":"wp","href":"https:\/\/api.w.org\/{rel}","templated":true}]}}